{"id":69009,"date":"2021-02-21T19:02:13","date_gmt":"2021-02-21T19:02:13","guid":{"rendered":"https:\/\/www.autonvaraosahaku.fi\/?product=ate-13-0460-4817-2-jarrupalat"},"modified":"2021-02-21T19:02:16","modified_gmt":"2021-02-21T19:02:16","slug":"ate-13-0460-4817-2-jarrupalat","status":"publish","type":"product","link":"https:\/\/www.autonvaraosahaku.fi\/?product=ate-13-0460-4817-2-jarrupalat","title":{"rendered":"ATE 13.0460-4817.2 Jarrupalat"},"content":{"rendered":"<p>Leveys (mm): 141,6; Korkeus (mm): 75,8; Paksuus [mm]: 18,3; Kulumisenilmaisimen liitos: Kulumisenilmaisemelle, Ilman kulumisenilmaisinta; Jarruj\u00e4rjestelm\u00e4: Brembo; Tarkistuskilpi: E1 90R-02A0334\/0271; MAPP-koodi saatavilla: ; Suositellun tarvikkeen tuotenumero: 24.8190-0410.2, 24.8190-0420.2; Huomioi mitat: ; M\u00e4\u00e4r\u00e4yksikk\u00f6: Akselisarja; Valmistusvuosi alkaen: 06\/2009; MERCEDES-BENZ: E-CLASS W211,E-CLASS T-Model S211,S-CLASS W221,CLS C219,SL R230,S-CLASS Coupe C216; 0044206220, 0044208020, 0054207820, A0044206220, A0044208020, A0054207820; Jarrupalasarja,Jarrupala, Levyjarru<\/p>\n","protected":false},"excerpt":{"rendered":"<p>ATE Jarrupalat 13.0460-4817.2 Jarrupalasarja,Jarrupala, Levyjarru MERCEDES-BENZ,E-CLASS W211,E-CLASS T-Model S211,S-CLASS W221,CLS C219,SL R230<\/p>\n","protected":false},"featured_media":0,"template":"","meta":{"site-sidebar-layout":"default","site-content-layout":"default","ast-global-header-display":"","ast-main-header-display":"","ast-hfb-above-header-display":"","ast-hfb-below-header-display":"","ast-hfb-mobile-header-display":"","site-post-title":"","ast-breadcrumbs-content":"","ast-featured-img":"","footer-sml-layout":"","theme-transparent-header-meta":"","adv-header-id-meta":"","stick-header-meta":"","header-above-stick-meta":"","header-main-stick-meta":"","header-below-stick-meta":""},"pwb-brand":[108],"product_cat":[100],"product_tag":[],"class_list":{"0":"post-69009","1":"product","2":"type-product","3":"status-publish","5":"pwb-brand-ate","6":"product_cat-jarrupalat","7":"desktop-align-left","8":"tablet-align-left","9":"mobile-align-left","11":"first","12":"instock","13":"product-type-external"},"brands":[{"id":108,"name":"ATE","slug":"ate"}],"_links":{"self":[{"href":"https:\/\/www.autonvaraosahaku.fi\/index.php?rest_route=\/wp\/v2\/product\/69009","targetHints":{"allow":["GET"]}}],"collection":[{"href":"https:\/\/www.autonvaraosahaku.fi\/index.php?rest_route=\/wp\/v2\/product"}],"about":[{"href":"https:\/\/www.autonvaraosahaku.fi\/index.php?rest_route=\/wp\/v2\/types\/product"}],"wp:attachment":[{"href":"https:\/\/www.autonvaraosahaku.fi\/index.php?rest_route=%2Fwp%2Fv2%2Fmedia&parent=69009"}],"wp:term":[{"taxonomy":"pwb-brand","embeddable":true,"href":"https:\/\/www.autonvaraosahaku.fi\/index.php?rest_route=%2Fwp%2Fv2%2Fpwb-brand&post=69009"},{"taxonomy":"product_cat","embeddable":true,"href":"https:\/\/www.autonvaraosahaku.fi\/index.php?rest_route=%2Fwp%2Fv2%2Fproduct_cat&post=69009"},{"taxonomy":"product_tag","embeddable":true,"href":"https:\/\/www.autonvaraosahaku.fi\/index.php?rest_route=%2Fwp%2Fv2%2Fproduct_tag&post=69009"}],"curies":[{"name":"wp","href":"https:\/\/api.w.org\/{rel}","templated":true}]}}