{"id":69026,"date":"2021-02-21T19:02:19","date_gmt":"2021-02-21T19:02:19","guid":{"rendered":"https:\/\/www.autonvaraosahaku.fi\/?product=hella-6pu-009-106-181-abs-anturi"},"modified":"2021-02-21T19:02:21","modified_gmt":"2021-02-21T19:02:21","slug":"hella-6pu-009-106-181-abs-anturi","status":"publish","type":"product","link":"https:\/\/www.autonvaraosahaku.fi\/?product=hella-6pu-009-106-181-abs-anturi","title":{"rendered":"HELLA 6PU 009 106-181 ABS anturi"},"content":{"rendered":"<p>Kiinnitysreikien lukum\u00e4\u00e4r\u00e4: 1; Nimellisj\u00e4nnite (V): 12; Vastus alkaen [Ohm]: 990; Vastus asti [Ohm]: 1210; Liittimi\u00e4: 2; Tunnistinmalli: Induktiivi anturi; Asennuspuoli: Hinterachse; VW: GOLF IV 1J1,LUPO 6X1, 6E1,GOLF IV Variant 1J5,BORA 1J2,NEW BEETLE 9C1, 1C1,BORA Kombi 1J6,NEW BEETLE Cabriolet 1Y7,CADDY II Pick-up 9U7,GOLF IV Van 1J1; AUDI: A3 8L1,TT 8N3,TT Roadster 8N9; SKODA: OCTAVIA Combi 1U5,OCTAVIA 1U2,FELICIA I Fun 797; SEAT: LEON 1M1,AROSA 6H,TOLEDO II 1M2; 1J0927807B, 1J0927807B, 1J0927807B, 1J0927807B; ABS Tunnistin,Tunnistin, Kiertonopeus<\/p>\n","protected":false},"excerpt":{"rendered":"<p>HELLA ABS Anturi 6PU 009 106-181 ABS Tunnistin,Tunnistin, Kiertonopeus VW,AUDI,SKODA,GOLF IV 1J1,LUPO 6X1, 6E1,GOLF IV Variant 1J5,BORA 1J2<\/p>\n","protected":false},"featured_media":0,"template":"","meta":{"site-sidebar-layout":"default","site-content-layout":"default","ast-global-header-display":"","ast-main-header-display":"","ast-hfb-above-header-display":"","ast-hfb-below-header-display":"","ast-hfb-mobile-header-display":"","site-post-title":"","ast-breadcrumbs-content":"","ast-featured-img":"","footer-sml-layout":"","theme-transparent-header-meta":"","adv-header-id-meta":"","stick-header-meta":"","header-above-stick-meta":"","header-main-stick-meta":"","header-below-stick-meta":""},"pwb-brand":[24],"product_cat":[118],"product_tag":[],"class_list":{"0":"post-69026","1":"product","2":"type-product","3":"status-publish","5":"pwb-brand-hella","6":"product_cat-abs-anturi","7":"desktop-align-left","8":"tablet-align-left","9":"mobile-align-left","11":"first","12":"instock","13":"product-type-external"},"brands":[{"id":24,"name":"HELLA","slug":"hella"}],"_links":{"self":[{"href":"https:\/\/www.autonvaraosahaku.fi\/index.php?rest_route=\/wp\/v2\/product\/69026","targetHints":{"allow":["GET"]}}],"collection":[{"href":"https:\/\/www.autonvaraosahaku.fi\/index.php?rest_route=\/wp\/v2\/product"}],"about":[{"href":"https:\/\/www.autonvaraosahaku.fi\/index.php?rest_route=\/wp\/v2\/types\/product"}],"wp:attachment":[{"href":"https:\/\/www.autonvaraosahaku.fi\/index.php?rest_route=%2Fwp%2Fv2%2Fmedia&parent=69026"}],"wp:term":[{"taxonomy":"pwb-brand","embeddable":true,"href":"https:\/\/www.autonvaraosahaku.fi\/index.php?rest_route=%2Fwp%2Fv2%2Fpwb-brand&post=69026"},{"taxonomy":"product_cat","embeddable":true,"href":"https:\/\/www.autonvaraosahaku.fi\/index.php?rest_route=%2Fwp%2Fv2%2Fproduct_cat&post=69026"},{"taxonomy":"product_tag","embeddable":true,"href":"https:\/\/www.autonvaraosahaku.fi\/index.php?rest_route=%2Fwp%2Fv2%2Fproduct_tag&post=69026"}],"curies":[{"name":"wp","href":"https:\/\/api.w.org\/{rel}","templated":true}]}}