{"id":69028,"date":"2021-02-21T19:02:19","date_gmt":"2021-02-21T19:02:19","guid":{"rendered":"https:\/\/www.autonvaraosahaku.fi\/?product=hella-6pt-009-107-211-jaahdytysnesteen-lampotila-anturi"},"modified":"2021-02-21T19:02:22","modified_gmt":"2021-02-21T19:02:22","slug":"hella-6pt-009-107-211-jaahdytysnesteen-lampotila-anturi","status":"publish","type":"product","link":"https:\/\/www.autonvaraosahaku.fi\/?product=hella-6pt-009-107-211-jaahdytysnesteen-lampotila-anturi","title":{"rendered":"HELLA 6PT 009 107-211 J\u00e4\u00e4hdytysnesteen l\u00e4mp\u00f6tila anturi"},"content":{"rendered":"<p>Asennusmalli: Poltti\/ruuvi; Nimellisj\u00e4nnite (V): 12; Vastus [Ohm]: 628, 74; Liittimi\u00e4: 1; V\u00e4ri vastaa alkuper\u00e4isosaa: Ruskea; V\u00e4ri: Ruskea; Kierremitta: M14x1,5; Napojen m\u00e4\u00e4r\u00e4: 1; Tunnistinmalli: NTC-anturi; L\u00e4mp\u00f6alue (\u00b0C): 25, 80; Valmistusvuoteen: 12\/1991; BMW: 3 E36,3 E30,3 Coupe E36,5 E34,3 Cabriolet E30,3 Cabriolet E36,5 Touring E34,5 E28,3 Touring E30,7 E23,Z1; 12621710511, 12621710512, 1710511, 1710512, STC2253; J\u00e4\u00e4hdytysnestel\u00e4mp\u00f6tilan Sensori<\/p>\n","protected":false},"excerpt":{"rendered":"<p>HELLA J\u00e4\u00e4hdytysnesteen L\u00e4mp\u00f6tila Anturi 6PT 009 107-211 J\u00e4\u00e4hdytysnestel\u00e4mp\u00f6tilan Sensori BMW,3 E36,3 E30,3 Coupe E36,5 E34,3 Cabriolet E30<\/p>\n","protected":false},"featured_media":0,"template":"","meta":{"site-sidebar-layout":"default","site-content-layout":"default","ast-global-header-display":"","ast-main-header-display":"","ast-hfb-above-header-display":"","ast-hfb-below-header-display":"","ast-hfb-mobile-header-display":"","site-post-title":"","ast-breadcrumbs-content":"","ast-featured-img":"","footer-sml-layout":"","theme-transparent-header-meta":"","adv-header-id-meta":"","stick-header-meta":"","header-above-stick-meta":"","header-main-stick-meta":"","header-below-stick-meta":""},"pwb-brand":[24],"product_cat":[200],"product_tag":[],"class_list":{"0":"post-69028","1":"product","2":"type-product","3":"status-publish","5":"pwb-brand-hella","6":"product_cat-jaahdytysnesteen-lampotila-anturi","7":"desktop-align-left","8":"tablet-align-left","9":"mobile-align-left","11":"first","12":"instock","13":"product-type-external"},"brands":[{"id":24,"name":"HELLA","slug":"hella"}],"_links":{"self":[{"href":"https:\/\/www.autonvaraosahaku.fi\/index.php?rest_route=\/wp\/v2\/product\/69028","targetHints":{"allow":["GET"]}}],"collection":[{"href":"https:\/\/www.autonvaraosahaku.fi\/index.php?rest_route=\/wp\/v2\/product"}],"about":[{"href":"https:\/\/www.autonvaraosahaku.fi\/index.php?rest_route=\/wp\/v2\/types\/product"}],"wp:attachment":[{"href":"https:\/\/www.autonvaraosahaku.fi\/index.php?rest_route=%2Fwp%2Fv2%2Fmedia&parent=69028"}],"wp:term":[{"taxonomy":"pwb-brand","embeddable":true,"href":"https:\/\/www.autonvaraosahaku.fi\/index.php?rest_route=%2Fwp%2Fv2%2Fpwb-brand&post=69028"},{"taxonomy":"product_cat","embeddable":true,"href":"https:\/\/www.autonvaraosahaku.fi\/index.php?rest_route=%2Fwp%2Fv2%2Fproduct_cat&post=69028"},{"taxonomy":"product_tag","embeddable":true,"href":"https:\/\/www.autonvaraosahaku.fi\/index.php?rest_route=%2Fwp%2Fv2%2Fproduct_tag&post=69028"}],"curies":[{"name":"wp","href":"https:\/\/api.w.org\/{rel}","templated":true}]}}