{"id":69031,"date":"2021-02-21T19:02:19","date_gmt":"2021-02-21T19:02:19","guid":{"rendered":"https:\/\/www.autonvaraosahaku.fi\/?product=stabilus-0712pk-takaluukun-kaasujousi"},"modified":"2021-02-21T19:02:22","modified_gmt":"2021-02-21T19:02:22","slug":"stabilus-0712pk-takaluukun-kaasujousi","status":"publish","type":"product","link":"https:\/\/www.autonvaraosahaku.fi\/?product=stabilus-0712pk-takaluukun-kaasujousi","title":{"rendered":"STABILUS 0712PK Takaluukun kaasujousi"},"content":{"rendered":"<p>Ty\u00f6nt\u00f6voima [N]: 280; Pituus (mm): 366; Isku (mm): 117; lis\u00e4tieto: \/\/  LIFT-O-MAT\u00ae; Asennuspuoli: beidseitig; BMW: 3 Cabriolet E46; ALPINA: B3 Cabriolet E46; 51248227895; Kaasujousi, Tavaratila<\/p>\n","protected":false},"excerpt":{"rendered":"<p>STABILUS Takaluukun Kaasujousi 0712PK Kaasujousi, Tavaratila BMW,ALPINA,3 Cabriolet E46,B3 Cabriolet E46<\/p>\n","protected":false},"featured_media":0,"template":"","meta":{"site-sidebar-layout":"default","site-content-layout":"default","ast-global-header-display":"","ast-main-header-display":"","ast-hfb-above-header-display":"","ast-hfb-below-header-display":"","ast-hfb-mobile-header-display":"","site-post-title":"","ast-breadcrumbs-content":"","ast-featured-img":"","footer-sml-layout":"","theme-transparent-header-meta":"","adv-header-id-meta":"","stick-header-meta":"","header-above-stick-meta":"","header-main-stick-meta":"","header-below-stick-meta":""},"pwb-brand":[218],"product_cat":[59],"product_tag":[],"class_list":{"0":"post-69031","1":"product","2":"type-product","3":"status-publish","5":"pwb-brand-stabilus","6":"product_cat-takaluukun-kaasujousi","7":"desktop-align-left","8":"tablet-align-left","9":"mobile-align-left","11":"first","12":"instock","13":"product-type-external"},"brands":[{"id":218,"name":"STABILUS","slug":"stabilus"}],"_links":{"self":[{"href":"https:\/\/www.autonvaraosahaku.fi\/index.php?rest_route=\/wp\/v2\/product\/69031","targetHints":{"allow":["GET"]}}],"collection":[{"href":"https:\/\/www.autonvaraosahaku.fi\/index.php?rest_route=\/wp\/v2\/product"}],"about":[{"href":"https:\/\/www.autonvaraosahaku.fi\/index.php?rest_route=\/wp\/v2\/types\/product"}],"wp:attachment":[{"href":"https:\/\/www.autonvaraosahaku.fi\/index.php?rest_route=%2Fwp%2Fv2%2Fmedia&parent=69031"}],"wp:term":[{"taxonomy":"pwb-brand","embeddable":true,"href":"https:\/\/www.autonvaraosahaku.fi\/index.php?rest_route=%2Fwp%2Fv2%2Fpwb-brand&post=69031"},{"taxonomy":"product_cat","embeddable":true,"href":"https:\/\/www.autonvaraosahaku.fi\/index.php?rest_route=%2Fwp%2Fv2%2Fproduct_cat&post=69031"},{"taxonomy":"product_tag","embeddable":true,"href":"https:\/\/www.autonvaraosahaku.fi\/index.php?rest_route=%2Fwp%2Fv2%2Fproduct_tag&post=69031"}],"curies":[{"name":"wp","href":"https:\/\/api.w.org\/{rel}","templated":true}]}}