{"id":69061,"date":"2021-02-21T19:02:31","date_gmt":"2021-02-21T19:02:31","guid":{"rendered":"https:\/\/www.autonvaraosahaku.fi\/?product=mahle-original-kl-19-polttoainesuodatin"},"modified":"2021-02-21T19:02:31","modified_gmt":"2021-02-21T19:02:31","slug":"mahle-original-kl-19-polttoainesuodatin","status":"publish","type":"product","link":"https:\/\/www.autonvaraosahaku.fi\/?product=mahle-original-kl-19-polttoainesuodatin","title":{"rendered":"MAHLE ORIGINAL KL 19 Polttoainesuodatin"},"content":{"rendered":"<p>Suodatintyyppi: Letkusuodatin; Kopan l\u00e4pimitta (mm): 74,5; Korkeus 1 (mm): 131,0; Korkeus (mm): 147,0; Kierre sis\u00e4\u00e4ntulo: M12x1,5; Kierre ulostulo: M14x1,5; Paino [g]: 0,64; Korkeus (tuumaa): 6,14; Leveys (tuumaa): 2,95; Pituus (tuumaa): 2,95; Valmistusvuoteen: 08\/1986; MERCEDES-BENZ: C-CLASS W202,190 W201,Stufenheck W124,SL R107,Stufenheck W123,S-CLASS W126,KOMBI Kombi S124,E-CLASS W124,COUPE C124,G-CLASS W460,E-CLASS Kombi S124,COUPE C123,S-CLASS W116,S-CLASS Coupe C126,KOMBI Kombi S123,E-CLASS Cabriolet A124,SL Coupe C107,E-CLASS Coupe C124; PORSCHE: 911; PUCH: G-MODELL W 460; FERRARI: 328 GTS,MONDIAL,208\/308,328 GTB,MONDIAL Cabriolet; 5008882, A810X9155DA, 25067070, 0014770301, 0014775901, 0014778401, 0014778901, 0024770301, 0024770401, 0024770601, 0024770701, 0024770801, 0024771801, 0024771901, 0024772001, 0024774501, A0014770301, A0014775901, A0014778401, A0014778901, A0024770301, A0024770401, A0024770601, A0024770701, A0024770801, A0024771801, A0024771901, A0024772001, A0024774501, 4055036001<\/p>\n","protected":false},"excerpt":{"rendered":"<p>MAHLE ORIGINAL Polttoainesuodatin KL 19  MERCEDES-BENZ,PORSCHE,PUCH,C-CLASS W202,190 W201,Stufenheck W124,SL R107,Stufenheck W123,S-CLASS W126<\/p>\n","protected":false},"featured_media":0,"template":"","meta":{"site-sidebar-layout":"default","site-content-layout":"default","ast-global-header-display":"","ast-main-header-display":"","ast-hfb-above-header-display":"","ast-hfb-below-header-display":"","ast-hfb-mobile-header-display":"","site-post-title":"","ast-breadcrumbs-content":"","ast-featured-img":"","footer-sml-layout":"","theme-transparent-header-meta":"","adv-header-id-meta":"","stick-header-meta":"","header-above-stick-meta":"","header-main-stick-meta":"","header-below-stick-meta":""},"pwb-brand":[153],"product_cat":[29],"product_tag":[],"class_list":{"0":"post-69061","1":"product","2":"type-product","3":"status-publish","5":"pwb-brand-mahle-original","6":"product_cat-polttoainesuodatin","7":"desktop-align-left","8":"tablet-align-left","9":"mobile-align-left","11":"first","12":"instock","13":"product-type-external"},"brands":[{"id":153,"name":"MAHLE ORIGINAL","slug":"mahle-original"}],"_links":{"self":[{"href":"https:\/\/www.autonvaraosahaku.fi\/index.php?rest_route=\/wp\/v2\/product\/69061","targetHints":{"allow":["GET"]}}],"collection":[{"href":"https:\/\/www.autonvaraosahaku.fi\/index.php?rest_route=\/wp\/v2\/product"}],"about":[{"href":"https:\/\/www.autonvaraosahaku.fi\/index.php?rest_route=\/wp\/v2\/types\/product"}],"wp:attachment":[{"href":"https:\/\/www.autonvaraosahaku.fi\/index.php?rest_route=%2Fwp%2Fv2%2Fmedia&parent=69061"}],"wp:term":[{"taxonomy":"pwb-brand","embeddable":true,"href":"https:\/\/www.autonvaraosahaku.fi\/index.php?rest_route=%2Fwp%2Fv2%2Fpwb-brand&post=69061"},{"taxonomy":"product_cat","embeddable":true,"href":"https:\/\/www.autonvaraosahaku.fi\/index.php?rest_route=%2Fwp%2Fv2%2Fproduct_cat&post=69061"},{"taxonomy":"product_tag","embeddable":true,"href":"https:\/\/www.autonvaraosahaku.fi\/index.php?rest_route=%2Fwp%2Fv2%2Fproduct_tag&post=69061"}],"curies":[{"name":"wp","href":"https:\/\/api.w.org\/{rel}","templated":true}]}}