{"id":69068,"date":"2021-02-21T19:02:31","date_gmt":"2021-02-21T19:02:31","guid":{"rendered":"https:\/\/www.autonvaraosahaku.fi\/?product=elring-031-119-kierretulppa"},"modified":"2021-02-21T19:02:33","modified_gmt":"2021-02-21T19:02:33","slug":"elring-031-119-kierretulppa","status":"publish","type":"product","link":"https:\/\/www.autonvaraosahaku.fi\/?product=elring-031-119-kierretulppa","title":{"rendered":"ELRING 031.119 Kierretulppa"},"content":{"rendered":"<p>Sis\u00e4l\u00e4pimitta [mm]: 33; Ulkol\u00e4pimitta [mm]: 39; Paksuus [mm]: 2; Materiaali: Kupari; Muoto: A-muoto; DIN \/ ISO: 7603; VW: POLO 9N_,POLO Stufenheck 9A4; SUZUKI: GRAND VITARA I FT,VITARA ET,VITARA Cabrio ET; LANCIA: ZETA 220; FIAT: DUCATO Pritsche\/Fahrgestell 230,DUCATO Bus 230,DUCATO Kasten 244,DUCATO Pritsche\/Fahrgestell 244,DUCATO Kasten 230L,DUCATO Bus 244, Z_,ULYSSE 220,SCUDO Kasten 220L,SCUDO Combinato 220P,SCUDO Pritsche\/Fahrgestell 220_; CITRO\u00cbN: BERLINGO MF,XSARA PICASSO N68,BERLINGO Kasten M_,C5 I DC_,C5 I Break DE_,XSARA N1,C-CROSSER EP_,XSARA Break N2,JUMPER Kasten 244,XANTIA X2,XSARA Coupe N0,EVASION 22, U6,XANTIA Break X2,C4 AIRCROSS,JUMPY U6U,JUMPY Kasten BS_, BT_, BY_, BZ_,JUMPER Kasten 230L,JUMPER Bus 244, Z_,JUMPER Pritsche\/Fahrgestell 244,JUMPY Pritsche\/Fahrgestell BU_, BV_, BW_, BX_,XSARA Kasten,XSARA Kasten\/Schr\u00e4gheck; PEUGEOT: 206 Schr\u00e4gheck 2A\/C,307 SW 3H,307 3A\/C,206 SW 2E\/K,307 Break 3E,306 Schr\u00e4gheck 7A, 7C, N3, N5,607 9D, 9U,406 Break 8E\/F,PARTNER Combispace 5F,4007 GP_,PARTNER Kasten 5,306 Break 7E, N3, N5,406 8B,806 221,BOXER Kasten 230L,BOXER Kasten 244,306 7B, N3, N5,307 Stufenheck,EXPERT Kasten 222,BOXER Bus 244, Z_,EXPERT 224,4008,306 Van N_, 7_,BOXER Pritsche\/Fahrgestell 244,EXPERT Pritsche\/Fahrgestell 223; MITSUBISHI: SPACE STAR DG_A,ASX GA_W_,OUTLANDER XL II CW_W,OUTLANDER III GG_W, GF_W, ZJ,MIRAGE Schr\u00e4gheck,COLT V CJ_, CP_,OUTLANDER I CU_W,LANCER Kombi CS_W,LANCER SPORTBACK CX_A,LANCER Stufenheck CY\/Z_A,CARISMA Stufenheck DA_,GALANT VI Station Wagon EA_,GALANT VI EA_,PAJERO IV V8_W, V9_W,SPACE WAGON N9_W, N8_W,L 200 K7_T, K6_T,L 200 KB_T, KA_T,LANCER Stufenheck CS_A, CT0,L 300 Bus P0_W, P1_W, P2_W,PAJERO IV Van V90, V80,PAJERO SPORT K90,SPACE RUNNER N6_W,PAJERO CLASSIC V2_W,LANCER VI CJ-CP_,ASX Van GA_W_,L 200 Pritsche\/Fahrgestell KA_T, KB_T,L 300 Kasten P0_W, P1_W,ECLIPSE Cabriolet D5_A,ECLIPSE IV DK_A,GRANDIS N9_, N8_,PAJERO SPORT II KH_, KG_,GALANT Stufenheck DJ_, ED_, EF_,FTO Coupe DE_A,LANCER Coupe CE,GTO Coupe Z1_A,L200 KJ_,ECLIPSE IV Cabriolet; 07119963473, 0241602, 16528060, 06561900736, 007603033100, 5000280368, 5000494323, 947630; Tiiviste, \u00d6ljynlaskutulppa<\/p>\n","protected":false},"excerpt":{"rendered":"<p>ELRING \u00d6ljytulpan Tiiviste 031.119 Tiiviste, \u00d6ljynlaskutulppa VW,SUZUKI,LANCIA,POLO 9N_,POLO Stufenheck 9A4,GRAND VITARA I FT,VITARA ET<\/p>\n","protected":false},"featured_media":0,"template":"","meta":{"site-sidebar-layout":"default","site-content-layout":"default","ast-global-header-display":"","ast-main-header-display":"","ast-hfb-above-header-display":"","ast-hfb-below-header-display":"","ast-hfb-mobile-header-display":"","site-post-title":"","ast-breadcrumbs-content":"","ast-featured-img":"","footer-sml-layout":"","theme-transparent-header-meta":"","adv-header-id-meta":"","stick-header-meta":"","header-above-stick-meta":"","header-main-stick-meta":"","header-below-stick-meta":""},"pwb-brand":[26],"product_cat":[40],"product_tag":[],"class_list":{"0":"post-69068","1":"product","2":"type-product","3":"status-publish","5":"pwb-brand-elring","6":"product_cat-kierretulppa","7":"desktop-align-left","8":"tablet-align-left","9":"mobile-align-left","11":"first","12":"instock","13":"product-type-external"},"brands":[{"id":26,"name":"ELRING","slug":"elring"}],"_links":{"self":[{"href":"https:\/\/www.autonvaraosahaku.fi\/index.php?rest_route=\/wp\/v2\/product\/69068","targetHints":{"allow":["GET"]}}],"collection":[{"href":"https:\/\/www.autonvaraosahaku.fi\/index.php?rest_route=\/wp\/v2\/product"}],"about":[{"href":"https:\/\/www.autonvaraosahaku.fi\/index.php?rest_route=\/wp\/v2\/types\/product"}],"wp:attachment":[{"href":"https:\/\/www.autonvaraosahaku.fi\/index.php?rest_route=%2Fwp%2Fv2%2Fmedia&parent=69068"}],"wp:term":[{"taxonomy":"pwb-brand","embeddable":true,"href":"https:\/\/www.autonvaraosahaku.fi\/index.php?rest_route=%2Fwp%2Fv2%2Fpwb-brand&post=69068"},{"taxonomy":"product_cat","embeddable":true,"href":"https:\/\/www.autonvaraosahaku.fi\/index.php?rest_route=%2Fwp%2Fv2%2Fproduct_cat&post=69068"},{"taxonomy":"product_tag","embeddable":true,"href":"https:\/\/www.autonvaraosahaku.fi\/index.php?rest_route=%2Fwp%2Fv2%2Fproduct_tag&post=69068"}],"curies":[{"name":"wp","href":"https:\/\/api.w.org\/{rel}","templated":true}]}}