{"id":69071,"date":"2021-02-21T19:02:31","date_gmt":"2021-02-21T19:02:31","guid":{"rendered":"https:\/\/www.autonvaraosahaku.fi\/?product=elring-802-740-kannen-pultit"},"modified":"2021-02-21T19:02:33","modified_gmt":"2021-02-21T19:02:33","slug":"elring-802-740-kannen-pultit","status":"publish","type":"product","link":"https:\/\/www.autonvaraosahaku.fi\/?product=elring-802-740-kannen-pultit","title":{"rendered":"ELRING 802.740 Kannen pultit"},"content":{"rendered":"<p>Kierremitta: M 10&#215;1,5&#215;95; Ruuvikanta\/mutteriprofiili: Torx, ulko; Avainv\u00e4li: TX &#8211; E 12; Pultti\/mutteri malli: Ilman sile\u00e4\u00e4 aluslaattaa, Ilman sile\u00e4\u00e4 aluslaattaa; Lohkon materiaali: Harmaa valurauta, Harmaa valurauta; TECDOC-moottorinumero: 28375; BMW: 5 E39,3 Touring E46,5 Touring E39,3 Compact E36,3 E36,7 E38,3 Coupe E36,Z3 E36,5 E34,3 Cabriolet E36,3 Touring E36,5 Touring E34,Z3 Coupe E36; WIESMANN: MF3 Roadster; 11121721938; Sylinterikannen Pultit,Syl.Kannen Pulttisarja<\/p>\n","protected":false},"excerpt":{"rendered":"<p>ELRING Kannen Pultit 802.740 Sylinterikannen Pultit,Syl.Kannen Pulttisarja BMW,WIESMANN,5 E39,3 Touring E46,5 Touring E39,3 Compact E36,3 E36,7 E38<\/p>\n","protected":false},"featured_media":0,"template":"","meta":{"site-sidebar-layout":"default","site-content-layout":"default","ast-global-header-display":"","ast-main-header-display":"","ast-hfb-above-header-display":"","ast-hfb-below-header-display":"","ast-hfb-mobile-header-display":"","site-post-title":"","ast-breadcrumbs-content":"","ast-featured-img":"","footer-sml-layout":"","theme-transparent-header-meta":"","adv-header-id-meta":"","stick-header-meta":"","header-above-stick-meta":"","header-main-stick-meta":"","header-below-stick-meta":""},"pwb-brand":[26],"product_cat":[67],"product_tag":[],"class_list":{"0":"post-69071","1":"product","2":"type-product","3":"status-publish","5":"pwb-brand-elring","6":"product_cat-kannen-pultit","7":"desktop-align-left","8":"tablet-align-left","9":"mobile-align-left","11":"first","12":"instock","13":"product-type-external"},"brands":[{"id":26,"name":"ELRING","slug":"elring"}],"_links":{"self":[{"href":"https:\/\/www.autonvaraosahaku.fi\/index.php?rest_route=\/wp\/v2\/product\/69071","targetHints":{"allow":["GET"]}}],"collection":[{"href":"https:\/\/www.autonvaraosahaku.fi\/index.php?rest_route=\/wp\/v2\/product"}],"about":[{"href":"https:\/\/www.autonvaraosahaku.fi\/index.php?rest_route=\/wp\/v2\/types\/product"}],"wp:attachment":[{"href":"https:\/\/www.autonvaraosahaku.fi\/index.php?rest_route=%2Fwp%2Fv2%2Fmedia&parent=69071"}],"wp:term":[{"taxonomy":"pwb-brand","embeddable":true,"href":"https:\/\/www.autonvaraosahaku.fi\/index.php?rest_route=%2Fwp%2Fv2%2Fpwb-brand&post=69071"},{"taxonomy":"product_cat","embeddable":true,"href":"https:\/\/www.autonvaraosahaku.fi\/index.php?rest_route=%2Fwp%2Fv2%2Fproduct_cat&post=69071"},{"taxonomy":"product_tag","embeddable":true,"href":"https:\/\/www.autonvaraosahaku.fi\/index.php?rest_route=%2Fwp%2Fv2%2Fproduct_tag&post=69071"}],"curies":[{"name":"wp","href":"https:\/\/api.w.org\/{rel}","templated":true}]}}