{"id":69073,"date":"2021-02-21T19:02:31","date_gmt":"2021-02-21T19:02:31","guid":{"rendered":"https:\/\/www.autonvaraosahaku.fi\/?product=elring-135-110-kampiakselin-tiiviste"},"modified":"2021-02-21T19:02:34","modified_gmt":"2021-02-21T19:02:34","slug":"elring-135-110-kampiakselin-tiiviste","status":"publish","type":"product","link":"https:\/\/www.autonvaraosahaku.fi\/?product=elring-135-110-kampiakselin-tiiviste","title":{"rendered":"ELRING 135.110 Kampiakselin tiiviste"},"content":{"rendered":"<p>Sis\u00e4l\u00e4pimitta [mm]: 85; Ulkol\u00e4pimitta [mm]: 105; Korkeus (mm): 9; Akselitiivisteen malli: ASW; Rihlamalli: Vasen kierre; Materiaali: FPM (fluori-kumi)\/APM (polyakryyli-kumi); Suojavaippa: Suojakumilla; Asennuspuoli: getriebeseitig; VW: NEW BEETLE 9C1, 1C1,TARO; CHEVROLET: EPICA KL1_,EPICA Stufenheck US; NISSAN: MICRA II K11; ROVER: 100 \/ METRO XP; LANCIA: YPSILON 312, 846; TOYOTA: AVENSIS _T22_,AVENSIS Station Wagon _T22_,RAV 4 I SXA1_,PREVIA MCR3_, ACR3_, CLR3_,LAND CRUISER KDJ12_, GRJ12_,HILUX III Pick-up TGN1_, GGN2_, GGN1_, KUN2_, KUN1_,AVENSIS Liftback _T22_,PICNIC _XM10,MR 2 II SW2_,CARINA E _T19_,LAND CRUISER PZJ7_, KZJ7_, HZJ7_, BJ7_, LJ7_, RJ7_,CELICA ST20_, AT20_,CARINA E Stufenheck _T19_,CELICA Coupe AT18_, ST18_,CARINA E Sportswagon _T19_,LAND CRUISER 150 KDJ15_, GRJ15_,HILUX VI Pick-up _N1_,RAV 4 \u00a0 SXA1_,CAMRY _CV2_, _XV2_,HILUX V Pick-up LN_, KZN1_, VZN1_,4 RUNNER RN10_, VZN13_, VZN10_, RN13_,HIACE IV Bus LH1_,HIACE IV Kasten LXH1_, RZH1_, LH1_,CARINA II _T17_,CAMRY _CV1_, _XV1_, _V1_,4 RUNNER KZN18_, VZN18_, RZN18_,HIACE III Wagon LH1_, RZH1_,CARINA II Stufenheck _T17_,LAND CRUISER Hardtop _J7_,HILUX IV Pick-up _N5_, _N6_,HIACE IV Kasten TRH2_, KDH2_,CELICA Liftback ST16_, AT16_,CAMRY Station Wagon _XV1_, _CV1_, _V10,CAMRY _V2_,HILUX II Pritsche\/Fahrgestell LN6_, LN5_, YN6_, YN5_, VZN1_,HIACE III Kasten YH7_, LH6_, LH7_, LH5_, YH5_, YH; FIAT: 500 312,500 C 312,PUNTO 199,PANDA 312,QUBO 225,500L,FIORINO Kasten\/Kombi 225,PUNTO Van 199,PANDA VAN 312; CITRO\u00cbN: BERLINGO MF,XSARA PICASSO N68,C2 JM_,C3 I FC_,BERLINGO B9,C4 I LC_,SAXO S0, S1,BERLINGO Kasten M_,C3 Picasso,C3 II,XSARA N1,C4 Coupe LA_,C3 Pluriel HB_,C4 II B7,XSARA Break N2,BERLINGO Kasten B9,XSARA Coupe N0,AX ZA-_,NEMO Kasten AA_,C4 Stufenheck L,ZX N2,BX XB-_,C4 AIRCROSS,NEMO Kombi,ZX Break N2,C2 ENTERPRISE,BX Break XB-_,C15 VD-_,C15 Kombi,XSARA Kasten,SAXO Hatchback van S3_,XSARA Kasten\/Schr\u00e4gheck,C3 AIRCROSS; ALFA ROMEO: MITO 955; PEUGEOT: 206 Schr\u00e4gheck 2A\/C,206 CC 2D,207 WA_, WC_,307 SW 3H,307 CC 3B,307 3A\/C,207 SW WK_,308 SW,206 SW 2E\/K,208,106 II 1,206+ T3E,308 4A_, 4C_,307 Break 3E,306 Schr\u00e4gheck 7A, 7C, N3, N5,306 Cabriolet 7D, N3, N5,PARTNER Tepee,1007 KM_,PARTNER Combispace 5F,106 I 1A, 1C,205 II 20A\/C,PARTNER Kasten 5,306 Break 7E, N3, N5,306 7B, N3, N5,205 I Cabriolet 741B, 20D,307 Stufenheck,PARTNER Kasten,207 Stufenheck,206 Stufenheck,BIPPER AA_,309 II 3C, 3A,BIPPER Tepee,405 I 15B,206 Van,405 II 4B,106 Van 1_,309 I 10C, 10A,306 Van N_, 7_,405 II Break 4E,405 I Break 15E,205 Kasten,207 Van,306 Kasten\/Schr\u00e4gheck; 55229956, 051474, 55229956, 96521516, 122796F902, 051474, OZB708511; Akselitiiviste, Kampiakseli<\/p>\n","protected":false},"excerpt":{"rendered":"<p>ELRING Kampiakselin Tiiviste 135.110 Akselitiiviste, Kampiakseli VW,CHEVROLET,NISSAN,NEW BEETLE 9C1, 1C1,TARO,EPICA KL1_,EPICA Stufenheck US<\/p>\n","protected":false},"featured_media":0,"template":"","meta":{"site-sidebar-layout":"default","site-content-layout":"default","ast-global-header-display":"","ast-main-header-display":"","ast-hfb-above-header-display":"","ast-hfb-below-header-display":"","ast-hfb-mobile-header-display":"","site-post-title":"","ast-breadcrumbs-content":"","ast-featured-img":"","footer-sml-layout":"","theme-transparent-header-meta":"","adv-header-id-meta":"","stick-header-meta":"","header-above-stick-meta":"","header-main-stick-meta":"","header-below-stick-meta":""},"pwb-brand":[26],"product_cat":[88],"product_tag":[],"class_list":{"0":"post-69073","1":"product","2":"type-product","3":"status-publish","5":"pwb-brand-elring","6":"product_cat-kampiakselin-tiiviste","7":"desktop-align-left","8":"tablet-align-left","9":"mobile-align-left","11":"first","12":"instock","13":"product-type-external"},"brands":[{"id":26,"name":"ELRING","slug":"elring"}],"_links":{"self":[{"href":"https:\/\/www.autonvaraosahaku.fi\/index.php?rest_route=\/wp\/v2\/product\/69073","targetHints":{"allow":["GET"]}}],"collection":[{"href":"https:\/\/www.autonvaraosahaku.fi\/index.php?rest_route=\/wp\/v2\/product"}],"about":[{"href":"https:\/\/www.autonvaraosahaku.fi\/index.php?rest_route=\/wp\/v2\/types\/product"}],"wp:attachment":[{"href":"https:\/\/www.autonvaraosahaku.fi\/index.php?rest_route=%2Fwp%2Fv2%2Fmedia&parent=69073"}],"wp:term":[{"taxonomy":"pwb-brand","embeddable":true,"href":"https:\/\/www.autonvaraosahaku.fi\/index.php?rest_route=%2Fwp%2Fv2%2Fpwb-brand&post=69073"},{"taxonomy":"product_cat","embeddable":true,"href":"https:\/\/www.autonvaraosahaku.fi\/index.php?rest_route=%2Fwp%2Fv2%2Fproduct_cat&post=69073"},{"taxonomy":"product_tag","embeddable":true,"href":"https:\/\/www.autonvaraosahaku.fi\/index.php?rest_route=%2Fwp%2Fv2%2Fproduct_tag&post=69073"}],"curies":[{"name":"wp","href":"https:\/\/api.w.org\/{rel}","templated":true}]}}