{"id":69091,"date":"2021-02-21T19:02:39","date_gmt":"2021-02-21T19:02:39","guid":{"rendered":"https:\/\/www.autonvaraosahaku.fi\/?product=japanparts-pp-405af-jarrupalat"},"modified":"2021-02-21T19:02:42","modified_gmt":"2021-02-21T19:02:42","slug":"japanparts-pp-405af-jarrupalat","status":"publish","type":"product","link":"https:\/\/www.autonvaraosahaku.fi\/?product=japanparts-pp-405af-jarrupalat","title":{"rendered":"JAPANPARTS PP-405AF Jarrupalat"},"content":{"rendered":"<p>Asennuspuoli: Taka-akseli; Jarrutyyppi: Levyjarru; Pituus (mm): 88,7; Korkeus (mm): 47,2; Paksuus [mm]: 14; Tarkistuskilpi: ECE R90 APPROVED; WVA-numero: 21719, 21720, 21721; M\u00e4\u00e4r\u00e4yksikk\u00f6: Akselisarja; Jarrut: f\u00fcr Fahrzeuge mit Scheibenbremse an der Hinterachse; FIAT: SEDICI; HONDA: CIVIC VII Hatchback EU, EP, EV,JAZZ III GE,CIVIC VI Fastback MA, MB,CIVIC VI Aerodeck MB, MC,PRELUDE V BB,CIVIC VIII Stufenheck FD, FA,ACCORD VI Coupe CG,INSIGHT ZE_,ACCORD V CE, CF,CR-Z ZF1,PRELUDE IV BB,INTEGRA Coupe DC2, DC4,CIVIC VII Stufenheck ES,ACCORD IV CB,ACCORD V Aerodeck CE,ACCORD V CC, CD,LEGEND III KA9,ACCORD V Coupe CD,LEGEND IV KB_,LEGEND II Coupe KA8,ACCORD IV Aerodeck CB,LEGEND II KA7,ACCORD IV Coupe CB, CC,LEGEND I Coupe KA3,INTEGRA DC5,LEGEND I HS, KA; SUZUKI: SWIFT III MZ, EZ,SX4 EY, GY,KIZASHI FR,SX4 Stufenheck GY; ROVER: 600 RH; MG: MG ZR,MG ZS,MG ZS Hatchback; 43022SEPC01, 43022SY8A02, 6000628642, 71750931, 71768493, 71768576, 04630S2A000, 06430S0AE50, 06430S0AJ00, 06430S0KJ00, 06430S0KJ01, 06430S2A000, 06430S2AE50, 06430S2XJ00, 06430S3NE50, 06430S3NJ00, 06430S5AE50, 06430S5AJ00, 06430S6DE50, 06430S7AJ00, 06430S7S000, 06430S84A00, 06430S84E50, 06430S9AA00, 06430S9AE50, 06430S9AE51, 06430S9AE52, 06430SCVA00, 06430SED000, 06430SEDE50, 06430SEDE60, 06430SJFE00, 43022S0A000, 43022S15000, 43022S2A00, 43022S2A000, 43022S2AE50, 43022S3N000, 43022S3NE50, 43022S5AE50, 43022S5AJ00, 43022S5AJ01, 43022S6D000, 43022S6DE50, 43022S6DE51, 43022S7S000, 43022S7S010, 43022S84A10, 43022S84A50, 43022S9A000, 43022S9A010, 43022S9AA00, 43022S9AE50, 43022S9AE51, 43022S9AE52, 43022SCVA00, 43022SCVA01, 43022SDMA00, 43022SED000, 43022SEDE50, 43022SEDE60, 43022SG0000, 43022SG0010, 43022SG0020, 43022SG0505, 43022SG0G00, 43022SG0G01, 43022SG0G02, 43022SG0G03, 43022SJF000, 43022SJFE00, 43022SL5000, 43022SL5505, 43022SL5515, 43022SL5525, 43022SM4505, 43022SM4515, 43022SM4&#8230;; Jarrupalasarja,Jarrupala, Levyjarru<\/p>\n","protected":false},"excerpt":{"rendered":"<p>JAPANPARTS Jarrupalat PP-405AF Jarrupalasarja,Jarrupala, Levyjarru FIAT,HONDA,SUZUKI,SEDICI,CIVIC VII Hatchback EU, EP, EV,JAZZ III GE<\/p>\n","protected":false},"featured_media":0,"template":"","meta":{"site-sidebar-layout":"default","site-content-layout":"default","ast-global-header-display":"","ast-main-header-display":"","ast-hfb-above-header-display":"","ast-hfb-below-header-display":"","ast-hfb-mobile-header-display":"","site-post-title":"","ast-breadcrumbs-content":"","ast-featured-img":"","footer-sml-layout":"","theme-transparent-header-meta":"","adv-header-id-meta":"","stick-header-meta":"","header-above-stick-meta":"","header-main-stick-meta":"","header-below-stick-meta":""},"pwb-brand":[334],"product_cat":[100],"product_tag":[],"class_list":{"0":"post-69091","1":"product","2":"type-product","3":"status-publish","5":"pwb-brand-japanparts","6":"product_cat-jarrupalat","7":"desktop-align-left","8":"tablet-align-left","9":"mobile-align-left","11":"first","12":"instock","13":"product-type-external"},"brands":[{"id":334,"name":"JAPANPARTS","slug":"japanparts"}],"_links":{"self":[{"href":"https:\/\/www.autonvaraosahaku.fi\/index.php?rest_route=\/wp\/v2\/product\/69091","targetHints":{"allow":["GET"]}}],"collection":[{"href":"https:\/\/www.autonvaraosahaku.fi\/index.php?rest_route=\/wp\/v2\/product"}],"about":[{"href":"https:\/\/www.autonvaraosahaku.fi\/index.php?rest_route=\/wp\/v2\/types\/product"}],"wp:attachment":[{"href":"https:\/\/www.autonvaraosahaku.fi\/index.php?rest_route=%2Fwp%2Fv2%2Fmedia&parent=69091"}],"wp:term":[{"taxonomy":"pwb-brand","embeddable":true,"href":"https:\/\/www.autonvaraosahaku.fi\/index.php?rest_route=%2Fwp%2Fv2%2Fpwb-brand&post=69091"},{"taxonomy":"product_cat","embeddable":true,"href":"https:\/\/www.autonvaraosahaku.fi\/index.php?rest_route=%2Fwp%2Fv2%2Fproduct_cat&post=69091"},{"taxonomy":"product_tag","embeddable":true,"href":"https:\/\/www.autonvaraosahaku.fi\/index.php?rest_route=%2Fwp%2Fv2%2Fproduct_tag&post=69091"}],"curies":[{"name":"wp","href":"https:\/\/api.w.org\/{rel}","templated":true}]}}