{"id":69094,"date":"2021-02-21T19:02:39","date_gmt":"2021-02-21T19:02:39","guid":{"rendered":"https:\/\/www.autonvaraosahaku.fi\/?product=vaico-v30-0849-hydrauliikkasuodatin"},"modified":"2021-02-21T19:02:42","modified_gmt":"2021-02-21T19:02:42","slug":"vaico-v30-0849-hydrauliikkasuodatin","status":"publish","type":"product","link":"https:\/\/www.autonvaraosahaku.fi\/?product=vaico-v30-0849-hydrauliikkasuodatin","title":{"rendered":"VAICO V30-0849 Hydrauliikkasuodatin"},"content":{"rendered":"<p>Ulkol\u00e4pimitta [mm]: 80,6; Lis\u00e4tarvike\/lis\u00e4tieto: Tiivisteill\u00e4; Korkeus (mm): 26; Sis\u00e4l\u00e4pimitta [mm]: 7; Ulkol\u00e4pimitta 1 [mm]: 78; Sis\u00e4l\u00e4pimitta 1 [mm]: 35; Paino [kg]: 0,118; Pakkausleveys [cm]: 7,3; Pakkauskorkeus [mm]: 13,9; Pakkaussyvyys [cm]: 7,3; lis\u00e4tieto: CST99; MERCEDES-BENZ: C-CLASS W202,190 W201,Stufenheck W124,CLK C208,C-CLASS Kombi S202,Stufenheck W123,S-CLASS W126,KOMBI Kombi S124,E-CLASS W124,G-CLASS W463,CLK Cabriolet A208,COUPE C124,G-CLASS W460,E-CLASS Kombi S124,COUPE C123,S-CLASS Coupe C126,G-CLASS W461,KOMBI Kombi S123,T1 Bus 601,E-CLASS Cabriolet A124,E-CLASS Coupe C124,T1 Pritsche\/Fahrgestell 602,T2\/L Kasten\/Kombi,T1 Kasten 602,T1 Pritsche\/Fahrgestell 601,T1 Kasten 601,CABRIOLET A124,T2\/L Pritsche\/Fahrgestell,T1 Bus 602,T1\/TN Pritsche\/Fahrgestell,G-CLASS Cabrio W463,T1\/TN Kasten\/Kombi,T2\/L Kommunalfahrzeug,T2\/L Kipper,LP,T2\/L; PUCH: G-MODELL W 460,G-MODELL W 461,G-MODELL W 463; 0004660704, 0004660704S, 0004661304, 0004661304S, 0004661604, 0004661604S, 0004662104, 0004662104S, A0004660704, A0004660704S, A0004661304, A0004661304S, A0004661604, A0004661604S, A0004662104, A0004662104S<\/p>\n","protected":false},"excerpt":{"rendered":"<p>VAICO Hydrauliikkasuodatin, Ohjaus V30-0849  MERCEDES-BENZ,PUCH,C-CLASS W202,190 W201,Stufenheck W124,CLK C208,C-CLASS Kombi S202,Stufenheck W123<\/p>\n","protected":false},"featured_media":0,"template":"","meta":{"site-sidebar-layout":"default","site-content-layout":"default","ast-global-header-display":"","ast-main-header-display":"","ast-hfb-above-header-display":"","ast-hfb-below-header-display":"","ast-hfb-mobile-header-display":"","site-post-title":"","ast-breadcrumbs-content":"","ast-featured-img":"","footer-sml-layout":"","theme-transparent-header-meta":"","adv-header-id-meta":"","stick-header-meta":"","header-above-stick-meta":"","header-main-stick-meta":"","header-below-stick-meta":""},"pwb-brand":[330],"product_cat":[104],"product_tag":[],"class_list":{"0":"post-69094","1":"product","2":"type-product","3":"status-publish","5":"pwb-brand-vaico","6":"product_cat-hydrauliikkasuodatin","7":"desktop-align-left","8":"tablet-align-left","9":"mobile-align-left","11":"first","12":"instock","13":"product-type-external"},"brands":[{"id":330,"name":"VAICO","slug":"vaico"}],"_links":{"self":[{"href":"https:\/\/www.autonvaraosahaku.fi\/index.php?rest_route=\/wp\/v2\/product\/69094","targetHints":{"allow":["GET"]}}],"collection":[{"href":"https:\/\/www.autonvaraosahaku.fi\/index.php?rest_route=\/wp\/v2\/product"}],"about":[{"href":"https:\/\/www.autonvaraosahaku.fi\/index.php?rest_route=\/wp\/v2\/types\/product"}],"wp:attachment":[{"href":"https:\/\/www.autonvaraosahaku.fi\/index.php?rest_route=%2Fwp%2Fv2%2Fmedia&parent=69094"}],"wp:term":[{"taxonomy":"pwb-brand","embeddable":true,"href":"https:\/\/www.autonvaraosahaku.fi\/index.php?rest_route=%2Fwp%2Fv2%2Fpwb-brand&post=69094"},{"taxonomy":"product_cat","embeddable":true,"href":"https:\/\/www.autonvaraosahaku.fi\/index.php?rest_route=%2Fwp%2Fv2%2Fproduct_cat&post=69094"},{"taxonomy":"product_tag","embeddable":true,"href":"https:\/\/www.autonvaraosahaku.fi\/index.php?rest_route=%2Fwp%2Fv2%2Fproduct_tag&post=69094"}],"curies":[{"name":"wp","href":"https:\/\/api.w.org\/{rel}","templated":true}]}}