{"id":69099,"date":"2021-02-21T19:02:39","date_gmt":"2021-02-21T19:02:39","guid":{"rendered":"https:\/\/www.autonvaraosahaku.fi\/?product=japanparts-fc-574s-polttoainesuodatin"},"modified":"2021-02-21T19:02:43","modified_gmt":"2021-02-21T19:02:43","slug":"japanparts-fc-574s-polttoainesuodatin","status":"publish","type":"product","link":"https:\/\/www.autonvaraosahaku.fi\/?product=japanparts-fc-574s-polttoainesuodatin","title":{"rendered":"JAPANPARTS FC-574S Polttoainesuodatin"},"content":{"rendered":"<p>Suodatintyyppi: Ruuvattava suodatin; Pituus (mm): 140; Ulkol\u00e4pimitta [mm]: 98; Asennusl\u00e4pimitta [mm]: 73; Sis\u00e4kierre (mm): IN:M20 x 1,5    OUT:; SUBARU: FORESTER SH,LEGACY V Station Wagon BM, BR,LEGACY V BM, BR; MITSUBISHI: PAJERO III V7_W, V6_W,PAJERO IV Van V90, V80,PAJERO CLASSIC V2_W,PAJERO III Gel\u00e4ndewagen offen V6_W, V7_W,Canter (FE5, FE6) 6.Generation; ME132525, ME132526, XE132525<\/p>\n","protected":false},"excerpt":{"rendered":"<p>JAPANPARTS Polttoainesuodatin FC-574S  SUBARU,MITSUBISHI,FORESTER SH,LEGACY V Station Wagon BM, BR,LEGACY V BM, BR,PAJERO III V7_W, V6_W<\/p>\n","protected":false},"featured_media":0,"template":"","meta":{"site-sidebar-layout":"default","site-content-layout":"default","ast-global-header-display":"","ast-main-header-display":"","ast-hfb-above-header-display":"","ast-hfb-below-header-display":"","ast-hfb-mobile-header-display":"","site-post-title":"","ast-breadcrumbs-content":"","ast-featured-img":"","footer-sml-layout":"","theme-transparent-header-meta":"","adv-header-id-meta":"","stick-header-meta":"","header-above-stick-meta":"","header-main-stick-meta":"","header-below-stick-meta":""},"pwb-brand":[334],"product_cat":[29],"product_tag":[],"class_list":{"0":"post-69099","1":"product","2":"type-product","3":"status-publish","5":"pwb-brand-japanparts","6":"product_cat-polttoainesuodatin","7":"desktop-align-left","8":"tablet-align-left","9":"mobile-align-left","11":"first","12":"instock","13":"product-type-external"},"brands":[{"id":334,"name":"JAPANPARTS","slug":"japanparts"}],"_links":{"self":[{"href":"https:\/\/www.autonvaraosahaku.fi\/index.php?rest_route=\/wp\/v2\/product\/69099","targetHints":{"allow":["GET"]}}],"collection":[{"href":"https:\/\/www.autonvaraosahaku.fi\/index.php?rest_route=\/wp\/v2\/product"}],"about":[{"href":"https:\/\/www.autonvaraosahaku.fi\/index.php?rest_route=\/wp\/v2\/types\/product"}],"wp:attachment":[{"href":"https:\/\/www.autonvaraosahaku.fi\/index.php?rest_route=%2Fwp%2Fv2%2Fmedia&parent=69099"}],"wp:term":[{"taxonomy":"pwb-brand","embeddable":true,"href":"https:\/\/www.autonvaraosahaku.fi\/index.php?rest_route=%2Fwp%2Fv2%2Fpwb-brand&post=69099"},{"taxonomy":"product_cat","embeddable":true,"href":"https:\/\/www.autonvaraosahaku.fi\/index.php?rest_route=%2Fwp%2Fv2%2Fproduct_cat&post=69099"},{"taxonomy":"product_tag","embeddable":true,"href":"https:\/\/www.autonvaraosahaku.fi\/index.php?rest_route=%2Fwp%2Fv2%2Fproduct_tag&post=69099"}],"curies":[{"name":"wp","href":"https:\/\/api.w.org\/{rel}","templated":true}]}}