{"id":69102,"date":"2021-02-21T19:02:45","date_gmt":"2021-02-21T19:02:45","guid":{"rendered":"https:\/\/www.autonvaraosahaku.fi\/?product=lpr-9900-jarrupaineensaadin"},"modified":"2021-02-21T19:02:45","modified_gmt":"2021-02-21T19:02:45","slug":"lpr-9900-jarrupaineensaadin","status":"publish","type":"product","link":"https:\/\/www.autonvaraosahaku.fi\/?product=lpr-9900-jarrupaineensaadin","title":{"rendered":"LPR 9900 Jarrupaineens\u00e4\u00e4din"},"content":{"rendered":"<p>Materiaali: Alumiini; Kierremitta: 10 x 1,25 (2); Jarruj\u00e4rjestelm\u00e4: Bendix, Bendix; Valmistusvuoteen: 05\/1983; VW: POLO 86C, 80; SEAT: 127 127A,124,124 Kombi,128,132,PANDA 141A,FURA 025A,RITMO 138; LADA: NIVA 2121,1200-1600,1200-1500 Kombi; IVECO: DAILY II Pritsche\/Fahrgestell,DAILY II Kasten\/Kombi,DAILY I Pritsche\/Fahrgestell,DAILY II Bus,DAILY I Kasten\/Kombi,DAILY II Kipper; LANCIA: A 112; FIAT: 124 Spider,127,128 Coupe,128,125,124 Coupe,RITMO I 138A,124,132,FIORINO 147,124 Familiare,127 Panorama,128 Familiare,FIORINO 127,147,FIORINO Pick up 147,147 Panorama; ALFA ROMEO: AR 8 Kasten 280,AR 8 Pritsche\/Fahrgestell 280; AUTOBIANCHI: A 112; ZASTAVA: 101 1100,YUGO; 7631110, 791459, 4178745, 4379876, 4398074, 4792418, 790227, 791459, 21013512010, 3512010, FA753000400, FA75300400<\/p>\n","protected":false},"excerpt":{"rendered":"<p>LPR Jarrupaineens\u00e4\u00e4din 9900  VW,SEAT,LADA,POLO 86C, 80,127 127A,124,124 Kombi,128,132,PANDA 141A,FURA 025A,RITMO 138,NIVA 2121,1200-1600<\/p>\n","protected":false},"featured_media":0,"template":"","meta":{"site-sidebar-layout":"default","site-content-layout":"default","ast-global-header-display":"","ast-main-header-display":"","ast-hfb-above-header-display":"","ast-hfb-below-header-display":"","ast-hfb-mobile-header-display":"","site-post-title":"","ast-breadcrumbs-content":"","ast-featured-img":"","footer-sml-layout":"","theme-transparent-header-meta":"","adv-header-id-meta":"","stick-header-meta":"","header-above-stick-meta":"","header-main-stick-meta":"","header-below-stick-meta":""},"pwb-brand":[238],"product_cat":[488],"product_tag":[],"class_list":{"0":"post-69102","1":"product","2":"type-product","3":"status-publish","5":"pwb-brand-lpr","6":"product_cat-jarrupaineensaadin","7":"desktop-align-left","8":"tablet-align-left","9":"mobile-align-left","11":"first","12":"instock","13":"product-type-external"},"brands":[{"id":238,"name":"LPR","slug":"lpr"}],"_links":{"self":[{"href":"https:\/\/www.autonvaraosahaku.fi\/index.php?rest_route=\/wp\/v2\/product\/69102","targetHints":{"allow":["GET"]}}],"collection":[{"href":"https:\/\/www.autonvaraosahaku.fi\/index.php?rest_route=\/wp\/v2\/product"}],"about":[{"href":"https:\/\/www.autonvaraosahaku.fi\/index.php?rest_route=\/wp\/v2\/types\/product"}],"wp:attachment":[{"href":"https:\/\/www.autonvaraosahaku.fi\/index.php?rest_route=%2Fwp%2Fv2%2Fmedia&parent=69102"}],"wp:term":[{"taxonomy":"pwb-brand","embeddable":true,"href":"https:\/\/www.autonvaraosahaku.fi\/index.php?rest_route=%2Fwp%2Fv2%2Fpwb-brand&post=69102"},{"taxonomy":"product_cat","embeddable":true,"href":"https:\/\/www.autonvaraosahaku.fi\/index.php?rest_route=%2Fwp%2Fv2%2Fproduct_cat&post=69102"},{"taxonomy":"product_tag","embeddable":true,"href":"https:\/\/www.autonvaraosahaku.fi\/index.php?rest_route=%2Fwp%2Fv2%2Fproduct_tag&post=69102"}],"curies":[{"name":"wp","href":"https:\/\/api.w.org\/{rel}","templated":true}]}}