{"id":69130,"date":"2021-02-21T19:02:50","date_gmt":"2021-02-21T19:02:50","guid":{"rendered":"https:\/\/www.autonvaraosahaku.fi\/?product=nissens-60623a-jaahdytin"},"modified":"2021-02-21T19:02:52","modified_gmt":"2021-02-21T19:02:52","slug":"nissens-60623a-jaahdytin","status":"publish","type":"product","link":"https:\/\/www.autonvaraosahaku.fi\/?product=nissens-60623a-jaahdytin","title":{"rendered":"NISSENS 60623A J\u00e4\u00e4hdytin"},"content":{"rendered":"<p>L\u00e4mmityslaite \/ j\u00e4\u00e4hdytys: Autoihin, joissa \u00f6ljynj\u00e4\u00e4hdytin; Verkon pituus [mm]: 440; Verkon leveys [mm]: 439; Verkon syvyys [mm]: 32; OE-numerolle: 1711.1.728.905, 1711.1.728.907; J\u00e4hdytysripamateriaali: Alumiini; Korvaava tuote\/korvaava tiedote 2: ilman runkoa; Matriaali j\u00e4\u00e4hdyttimen s\u00e4ili\u00f6: Muovi; J\u00e4\u00e4hdytintyyppi: J\u00e4\u00e4hdytysrivat juotetut; Varusteet: f\u00fcr Fahrzeuge ohne Klimaanlage; BMW: 3 Compact E36,3 E36,3 E30,3 Coupe E36,Z3 E36,3 Cabriolet E30,3 Cabriolet E36,3 Touring E36,3 Touring E30; 1247145, 1469176, 17101247145, 17111247145, 17111469176, 17111712997, 17111719263, 17111723536, 17111723990, 17111728905, 17111728906, 17111728907, 1723990, 1728905, 1728907, 1247145, 1469176, 17101247145, 17111247145, 17111469176, 17111712997, 17111719263, 17111723536, 17111723990, 17111728905, 17111728906, 17111728907, 1723990, 1728905, 1728907; Syyl\u00e4ri,J\u00e4\u00e4hdytin,Moottorin J\u00e4\u00e4hdytys<\/p>\n","protected":false},"excerpt":{"rendered":"<p>NISSENS J\u00e4\u00e4hdytin 60623A Syyl\u00e4ri,J\u00e4\u00e4hdytin,Moottorin J\u00e4\u00e4hdytys BMW,3 Compact E36,3 E36,3 E30,3 Coupe E36,Z3 E36,3 Cabriolet E30,3 Cabriolet E36<\/p>\n","protected":false},"featured_media":0,"template":"","meta":{"site-sidebar-layout":"default","site-content-layout":"default","ast-global-header-display":"","ast-main-header-display":"","ast-hfb-above-header-display":"","ast-hfb-below-header-display":"","ast-hfb-mobile-header-display":"","site-post-title":"","ast-breadcrumbs-content":"","ast-featured-img":"","footer-sml-layout":"","theme-transparent-header-meta":"","adv-header-id-meta":"","stick-header-meta":"","header-above-stick-meta":"","header-main-stick-meta":"","header-below-stick-meta":""},"pwb-brand":[315],"product_cat":[421],"product_tag":[],"class_list":{"0":"post-69130","1":"product","2":"type-product","3":"status-publish","5":"pwb-brand-nissens","6":"product_cat-jaahdytin","7":"desktop-align-left","8":"tablet-align-left","9":"mobile-align-left","11":"first","12":"instock","13":"product-type-external"},"brands":[{"id":315,"name":"NISSENS","slug":"nissens"}],"_links":{"self":[{"href":"https:\/\/www.autonvaraosahaku.fi\/index.php?rest_route=\/wp\/v2\/product\/69130","targetHints":{"allow":["GET"]}}],"collection":[{"href":"https:\/\/www.autonvaraosahaku.fi\/index.php?rest_route=\/wp\/v2\/product"}],"about":[{"href":"https:\/\/www.autonvaraosahaku.fi\/index.php?rest_route=\/wp\/v2\/types\/product"}],"wp:attachment":[{"href":"https:\/\/www.autonvaraosahaku.fi\/index.php?rest_route=%2Fwp%2Fv2%2Fmedia&parent=69130"}],"wp:term":[{"taxonomy":"pwb-brand","embeddable":true,"href":"https:\/\/www.autonvaraosahaku.fi\/index.php?rest_route=%2Fwp%2Fv2%2Fpwb-brand&post=69130"},{"taxonomy":"product_cat","embeddable":true,"href":"https:\/\/www.autonvaraosahaku.fi\/index.php?rest_route=%2Fwp%2Fv2%2Fproduct_cat&post=69130"},{"taxonomy":"product_tag","embeddable":true,"href":"https:\/\/www.autonvaraosahaku.fi\/index.php?rest_route=%2Fwp%2Fv2%2Fproduct_tag&post=69130"}],"curies":[{"name":"wp","href":"https:\/\/api.w.org\/{rel}","templated":true}]}}