{"id":69145,"date":"2021-02-21T19:02:56","date_gmt":"2021-02-21T19:02:56","guid":{"rendered":"https:\/\/www.autonvaraosahaku.fi\/?product=vaico-v10-1016-pakoputken-asennussarja"},"modified":"2021-02-21T19:02:57","modified_gmt":"2021-02-21T19:02:57","slug":"vaico-v10-1016-pakoputken-asennussarja","status":"publish","type":"product","link":"https:\/\/www.autonvaraosahaku.fi\/?product=vaico-v10-1016-pakoputken-asennussarja","title":{"rendered":"VAICO V10-1016 Pakoputken asennussarja"},"content":{"rendered":"<p>Asennuspuoli: Taka\u00e4\u00e4nenvaimentaja, vorne; L\u00e4pimitta [mm]: 57; Paino [kg]: 0,026; Pakkausleveys [cm]: 5,8; Pakkauskorkeus [mm]: 1,4; Pakkaussyvyys [cm]: 0,3; lis\u00e4tieto: CST99; VW: GOLF II 19E, 1G1,JETTA II 19E, 1G2, 165; FIAT: DUCATO Kasten 290,DUCATO Pritsche\/Fahrgestell 290,DUCATO Kasten 280,DUCATO Pritsche\/Fahrgestell 280,DUCATO Panorama 280,DUCATO Panorama 290; 1160030083, 60521386, 861253147, 893253147F, 1101877, 1245113, 18211101877, 18211245113, 175538, 175560, 5460614, ZF04437668, 4422885, 4437668, 7527810, 7610077, 7610077, 1074920082, 1124920282, 1134920082, 1164920182, A1074920082, A1124920282, A1134920082, A1164920182, 175538, 861253147, 893253147F, 861253147, 893253147F, 861253147, 893253147F<\/p>\n","protected":false},"excerpt":{"rendered":"<p>VAICO Kiinnitin, \u00c4\u00e4nenvaimentaja V10-1016  VW,FIAT,GOLF II 19E, 1G1,JETTA II 19E, 1G2, 165,DUCATO Kasten 290,DUCATO Pritsche\/Fahrgestell 290<\/p>\n","protected":false},"featured_media":0,"template":"","meta":{"site-sidebar-layout":"default","site-content-layout":"default","ast-global-header-display":"","ast-main-header-display":"","ast-hfb-above-header-display":"","ast-hfb-below-header-display":"","ast-hfb-mobile-header-display":"","site-post-title":"","ast-breadcrumbs-content":"","ast-featured-img":"","footer-sml-layout":"","theme-transparent-header-meta":"","adv-header-id-meta":"","stick-header-meta":"","header-above-stick-meta":"","header-main-stick-meta":"","header-below-stick-meta":""},"pwb-brand":[330],"product_cat":[101],"product_tag":[],"class_list":{"0":"post-69145","1":"product","2":"type-product","3":"status-publish","5":"pwb-brand-vaico","6":"product_cat-pakoputken-asennussarja","7":"desktop-align-left","8":"tablet-align-left","9":"mobile-align-left","11":"first","12":"instock","13":"product-type-external"},"brands":[{"id":330,"name":"VAICO","slug":"vaico"}],"_links":{"self":[{"href":"https:\/\/www.autonvaraosahaku.fi\/index.php?rest_route=\/wp\/v2\/product\/69145","targetHints":{"allow":["GET"]}}],"collection":[{"href":"https:\/\/www.autonvaraosahaku.fi\/index.php?rest_route=\/wp\/v2\/product"}],"about":[{"href":"https:\/\/www.autonvaraosahaku.fi\/index.php?rest_route=\/wp\/v2\/types\/product"}],"wp:attachment":[{"href":"https:\/\/www.autonvaraosahaku.fi\/index.php?rest_route=%2Fwp%2Fv2%2Fmedia&parent=69145"}],"wp:term":[{"taxonomy":"pwb-brand","embeddable":true,"href":"https:\/\/www.autonvaraosahaku.fi\/index.php?rest_route=%2Fwp%2Fv2%2Fpwb-brand&post=69145"},{"taxonomy":"product_cat","embeddable":true,"href":"https:\/\/www.autonvaraosahaku.fi\/index.php?rest_route=%2Fwp%2Fv2%2Fproduct_cat&post=69145"},{"taxonomy":"product_tag","embeddable":true,"href":"https:\/\/www.autonvaraosahaku.fi\/index.php?rest_route=%2Fwp%2Fv2%2Fproduct_tag&post=69145"}],"curies":[{"name":"wp","href":"https:\/\/api.w.org\/{rel}","templated":true}]}}