{"id":69150,"date":"2021-02-21T19:02:56","date_gmt":"2021-02-21T19:02:56","guid":{"rendered":"https:\/\/www.autonvaraosahaku.fi\/?product=mapco-19120hps-koiranluu"},"modified":"2021-02-21T19:02:58","modified_gmt":"2021-02-21T19:02:58","slug":"mapco-19120hps-koiranluu","status":"publish","type":"product","link":"https:\/\/www.autonvaraosahaku.fi\/?product=mapco-19120hps-koiranluu","title":{"rendered":"MAPCO 19120HPS Koiranluu"},"content":{"rendered":"<p>Laatu: HPS standard; Tanko \/ tuki: Yhdystanko; Asennuspuoli: etuakseli molemminpuoleinen; Pituus (mm): 248; Ulkokierre [mm]: M10x1,5; Tarvittava kappalem\u00e4\u00e4r\u00e4: 2; RENAULT: CLIO III BR0\/1, CR0\/1,MODUS \/ GRAND MODUS F\/JP0_,CLIO IV,CLIO Grandtour KR0\/1_,CAPTUR,CLIO Grandtour IV,ZOE; NISSAN: MICRA III K12,NV200 EVALIA,MICRA C+C K12,TIIDA Schr\u00e4gheck,TIIDA Stufenheck SC11X; 3L843052AA, 4049981, 4133885, 4462153, 4487771, 4562792, 4779527, 5096832, 5152208, 5L845K483AB, 5L845K483AC, 7L845K483AA, 7L845K483AB, 7L845K483AC, BC1D28170, BC1D28170A, 546189U00A, 54618AX600, 54618BC40A, 551107916R, 551108147R, 8200127308, 8200605381, 8201079463; Kallistuksenvakaajan Yhdystanko,Tanko, Kallistuksenvaimennin<\/p>\n","protected":false},"excerpt":{"rendered":"<p>MAPCO Koiranluu 19120HPS Kallistuksenvakaajan Yhdystanko,Tanko, Kallistuksenvaimennin RENAULT,NISSAN,CLIO III BR0\/1, CR0\/1,MODUS \/ GRAND MODUS F\/JP0_<\/p>\n","protected":false},"featured_media":0,"template":"","meta":{"site-sidebar-layout":"default","site-content-layout":"default","ast-global-header-display":"","ast-main-header-display":"","ast-hfb-above-header-display":"","ast-hfb-below-header-display":"","ast-hfb-mobile-header-display":"","site-post-title":"","ast-breadcrumbs-content":"","ast-featured-img":"","footer-sml-layout":"","theme-transparent-header-meta":"","adv-header-id-meta":"","stick-header-meta":"","header-above-stick-meta":"","header-main-stick-meta":"","header-below-stick-meta":""},"pwb-brand":[36],"product_cat":[38],"product_tag":[],"class_list":{"0":"post-69150","1":"product","2":"type-product","3":"status-publish","5":"pwb-brand-mapco","6":"product_cat-koiranluu","7":"desktop-align-left","8":"tablet-align-left","9":"mobile-align-left","11":"first","12":"instock","13":"product-type-external"},"brands":[{"id":36,"name":"MAPCO","slug":"mapco"}],"_links":{"self":[{"href":"https:\/\/www.autonvaraosahaku.fi\/index.php?rest_route=\/wp\/v2\/product\/69150","targetHints":{"allow":["GET"]}}],"collection":[{"href":"https:\/\/www.autonvaraosahaku.fi\/index.php?rest_route=\/wp\/v2\/product"}],"about":[{"href":"https:\/\/www.autonvaraosahaku.fi\/index.php?rest_route=\/wp\/v2\/types\/product"}],"wp:attachment":[{"href":"https:\/\/www.autonvaraosahaku.fi\/index.php?rest_route=%2Fwp%2Fv2%2Fmedia&parent=69150"}],"wp:term":[{"taxonomy":"pwb-brand","embeddable":true,"href":"https:\/\/www.autonvaraosahaku.fi\/index.php?rest_route=%2Fwp%2Fv2%2Fpwb-brand&post=69150"},{"taxonomy":"product_cat","embeddable":true,"href":"https:\/\/www.autonvaraosahaku.fi\/index.php?rest_route=%2Fwp%2Fv2%2Fproduct_cat&post=69150"},{"taxonomy":"product_tag","embeddable":true,"href":"https:\/\/www.autonvaraosahaku.fi\/index.php?rest_route=%2Fwp%2Fv2%2Fproduct_tag&post=69150"}],"curies":[{"name":"wp","href":"https:\/\/api.w.org\/{rel}","templated":true}]}}