{"id":69198,"date":"2021-02-21T19:03:08","date_gmt":"2021-02-21T19:03:08","guid":{"rendered":"https:\/\/www.autonvaraosahaku.fi\/?product=trw-gdb3438-jarrupalat"},"modified":"2021-02-21T19:03:11","modified_gmt":"2021-02-21T19:03:11","slug":"trw-gdb3438-jarrupalat","status":"publish","type":"product","link":"https:\/\/www.autonvaraosahaku.fi\/?product=trw-gdb3438-jarrupalat","title":{"rendered":"TRW GDB3438 Jarrupalat"},"content":{"rendered":"<p>Valmistaja rajaus: AKEBONO; Pituus (mm): 88,8; Paksuus 1 [mm]: 14,8; Korkeus (mm): 47,6; Kulumisenilmaisimen liitos: akustisella kulumavaroittimella; Tarkistuskilpi: E1 90R 01025\/422; M\u00e4\u00e4r\u00e4yksikk\u00f6: Akselisarja; Tuotelinja: COTEC; Asennuspuoli: Hinterachse; HONDA: CR-V III RE,CR-V II RD_,FR-V BE,CR-V IV RE,ACCORD VIII CU,ACCORD VIII Kombi,CIVIC VIII Stufenheck FD, FA,ACCORD IX Stufenheck,CROSSTOUR; 06430S9A000, 06430S9A010, 06430S9AE00, 06430SJFE00, 43022S9A000, 43022S9A010, 43022S9AE00, 43022SJFE00, 43022SXS000, 43022TL0G50, 43022TL0G51, 43022TL0G52, 43022TP6A00; Jarrupalasarja,Jarrupala, Levyjarru<\/p>\n","protected":false},"excerpt":{"rendered":"<p>TRW Jarrupalat GDB3438 Jarrupalasarja,Jarrupala, Levyjarru HONDA,CR-V III RE,CR-V II RD_,FR-V BE,CR-V IV RE,ACCORD VIII CU,ACCORD VIII Kombi<\/p>\n","protected":false},"featured_media":0,"template":"","meta":{"site-sidebar-layout":"default","site-content-layout":"default","ast-global-header-display":"","ast-main-header-display":"","ast-hfb-above-header-display":"","ast-hfb-below-header-display":"","ast-hfb-mobile-header-display":"","site-post-title":"","ast-breadcrumbs-content":"","ast-featured-img":"","footer-sml-layout":"","theme-transparent-header-meta":"","adv-header-id-meta":"","stick-header-meta":"","header-above-stick-meta":"","header-main-stick-meta":"","header-below-stick-meta":""},"pwb-brand":[332],"product_cat":[100],"product_tag":[],"class_list":{"0":"post-69198","1":"product","2":"type-product","3":"status-publish","5":"pwb-brand-trw","6":"product_cat-jarrupalat","7":"desktop-align-left","8":"tablet-align-left","9":"mobile-align-left","11":"first","12":"instock","13":"product-type-external"},"brands":[{"id":332,"name":"TRW","slug":"trw"}],"_links":{"self":[{"href":"https:\/\/www.autonvaraosahaku.fi\/index.php?rest_route=\/wp\/v2\/product\/69198","targetHints":{"allow":["GET"]}}],"collection":[{"href":"https:\/\/www.autonvaraosahaku.fi\/index.php?rest_route=\/wp\/v2\/product"}],"about":[{"href":"https:\/\/www.autonvaraosahaku.fi\/index.php?rest_route=\/wp\/v2\/types\/product"}],"wp:attachment":[{"href":"https:\/\/www.autonvaraosahaku.fi\/index.php?rest_route=%2Fwp%2Fv2%2Fmedia&parent=69198"}],"wp:term":[{"taxonomy":"pwb-brand","embeddable":true,"href":"https:\/\/www.autonvaraosahaku.fi\/index.php?rest_route=%2Fwp%2Fv2%2Fpwb-brand&post=69198"},{"taxonomy":"product_cat","embeddable":true,"href":"https:\/\/www.autonvaraosahaku.fi\/index.php?rest_route=%2Fwp%2Fv2%2Fproduct_cat&post=69198"},{"taxonomy":"product_tag","embeddable":true,"href":"https:\/\/www.autonvaraosahaku.fi\/index.php?rest_route=%2Fwp%2Fv2%2Fproduct_tag&post=69198"}],"curies":[{"name":"wp","href":"https:\/\/api.w.org\/{rel}","templated":true}]}}