{"id":69201,"date":"2021-02-21T19:03:08","date_gmt":"2021-02-21T19:03:08","guid":{"rendered":"https:\/\/www.autonvaraosahaku.fi\/?product=vegaz-mid-105-pakosarjan-tiivisteet"},"modified":"2021-02-21T19:03:12","modified_gmt":"2021-02-21T19:03:12","slug":"vegaz-mid-105-pakosarjan-tiivisteet","status":"publish","type":"product","link":"https:\/\/www.autonvaraosahaku.fi\/?product=vegaz-mid-105-pakosarjan-tiivisteet","title":{"rendered":"VEGAZ MID-105 Pakosarjan tiivisteet"},"content":{"rendered":"<p>Pituus (mm): 105; Reik\u00e4lukum\u00e4\u00e4r\u00e4 2: 3; L\u00e4pimitta 1 [mm]: 58,4; L\u00e4pimitta 2 [mm]: 12; Valmistusvuosi alkaen: 06\/1990; HYUNDAI: SANTAMO,SONATA III Y-3,SONATA II Y-2; VOLVO: V40 Kombi VW,S40 I VS; MITSUBISHI: SPACE STAR DG_A,GRANDIS NA_W,OUTLANDER I CU_W,PAJERO PININ H6_W, H7_W,CARISMA Stufenheck DA_,PAJERO III V7_W, V6_W,PAJERO IV V8_W, V9_W,SPACE WAGON N9_W, N8_W,PAJERO II V3_W, V2_W, V4_W,PAJERO IV Van V90, V80,PAJERO SPORT K90,SPACE RUNNER N6_W,PAJERO I L04_G, L14_G,SPACE RUNNER N1_W, N2_W,GALANT IV E3_A,SPACE WAGON N3_W, N4_W,GALANT IV Stufenheck E3_A,PAJERO III Gel\u00e4ndewagen offen V6_W, V7_W,GALANT V Stufenheck E5_A, E7_A, E8_A,GALANT V E5_A, E7_A, E8_A,PAJERO II Canvas Top V2_W, V4_W,SANTAMO; 30873326, 2876636000, 2876636010, 2876637020, MN110644, 2876636000, MB313240, MB687013, MR224267, XB687013, 30873326; Tiiviste, Pakoputki<\/p>\n","protected":false},"excerpt":{"rendered":"<p>VEGAZ Pakoputken Tiiviste MID-105 Tiiviste, Pakoputki HYUNDAI,VOLVO,MITSUBISHI,SANTAMO,SONATA III Y-3,SONATA II Y-2,V40 Kombi VW,S40 I VS<\/p>\n","protected":false},"featured_media":0,"template":"","meta":{"site-sidebar-layout":"default","site-content-layout":"default","ast-global-header-display":"","ast-main-header-display":"","ast-hfb-above-header-display":"","ast-hfb-below-header-display":"","ast-hfb-mobile-header-display":"","site-post-title":"","ast-breadcrumbs-content":"","ast-featured-img":"","footer-sml-layout":"","theme-transparent-header-meta":"","adv-header-id-meta":"","stick-header-meta":"","header-above-stick-meta":"","header-main-stick-meta":"","header-below-stick-meta":""},"pwb-brand":[306],"product_cat":[123],"product_tag":[],"class_list":{"0":"post-69201","1":"product","2":"type-product","3":"status-publish","5":"pwb-brand-vegaz","6":"product_cat-pakosarjan-tiivisteet","7":"desktop-align-left","8":"tablet-align-left","9":"mobile-align-left","11":"first","12":"instock","13":"product-type-external"},"brands":[{"id":306,"name":"VEGAZ","slug":"vegaz"}],"_links":{"self":[{"href":"https:\/\/www.autonvaraosahaku.fi\/index.php?rest_route=\/wp\/v2\/product\/69201","targetHints":{"allow":["GET"]}}],"collection":[{"href":"https:\/\/www.autonvaraosahaku.fi\/index.php?rest_route=\/wp\/v2\/product"}],"about":[{"href":"https:\/\/www.autonvaraosahaku.fi\/index.php?rest_route=\/wp\/v2\/types\/product"}],"wp:attachment":[{"href":"https:\/\/www.autonvaraosahaku.fi\/index.php?rest_route=%2Fwp%2Fv2%2Fmedia&parent=69201"}],"wp:term":[{"taxonomy":"pwb-brand","embeddable":true,"href":"https:\/\/www.autonvaraosahaku.fi\/index.php?rest_route=%2Fwp%2Fv2%2Fpwb-brand&post=69201"},{"taxonomy":"product_cat","embeddable":true,"href":"https:\/\/www.autonvaraosahaku.fi\/index.php?rest_route=%2Fwp%2Fv2%2Fproduct_cat&post=69201"},{"taxonomy":"product_tag","embeddable":true,"href":"https:\/\/www.autonvaraosahaku.fi\/index.php?rest_route=%2Fwp%2Fv2%2Fproduct_tag&post=69201"}],"curies":[{"name":"wp","href":"https:\/\/api.w.org\/{rel}","templated":true}]}}