{"id":69215,"date":"2021-02-21T19:03:14","date_gmt":"2021-02-21T19:03:14","guid":{"rendered":"https:\/\/www.autonvaraosahaku.fi\/?product=febi-bilstein-24341-pissapojan-pumppu"},"modified":"2021-02-21T19:03:16","modified_gmt":"2021-02-21T19:03:16","slug":"febi-bilstein-24341-pissapojan-pumppu","status":"publish","type":"product","link":"https:\/\/www.autonvaraosahaku.fi\/?product=febi-bilstein-24341-pissapojan-pumppu","title":{"rendered":"FEBI BILSTEIN 24341 Pissapojan pumppu"},"content":{"rendered":"<p>Pumpputyyppi: Kaksoispumppu; J\u00e4nnite (V): 12; Liittimi\u00e4: 2; V\u00e4ri: Musta; Materiaali: Muovi, Muovi; Paino [kg]: 0,110, 0,110; Varusteet: f\u00fcr Fahrzeuge ohne Scheinwerferreinigungsanlage; NISSAN: MICRA II K11,ALMERA II Hatchback N16,ALMERA Mk II N16; RENAULT: TWINGO I C06_,CLIO II BB0\/1\/2_, CB0\/1\/2_,KANGOO KC0\/1_,SC\u00c9NIC I JA0\/1_,ESPACE III JE0_,MEGANE Scenic JA0\/1_,MEGANE I BA0\/1_,KANGOO Express FC0\/1_,MEGANE I Grandtour KA0\/1_,LAGUNA I B56_, 556_,LAGUNA I Grandtour K56_,TWINGO I Kasten S06_,MEGANE I Classic LA0\/1_,MEGANE I Coach DA0\/1_,CLIO II Kasten SB0\/1\/2_,THALIA I LB0\/1\/2_,THALIA II LU1\/2_; 28920BU000, 7700430702, 7700431079, 8200213041, 8200213042; Pesurin Pumppu,Lasinpesurin Pumppu,Pesunestepumppu, Lasinpesu<\/p>\n","protected":false},"excerpt":{"rendered":"<p>FEBI BILSTEIN Pissapojan Pumppu 24341 Pesurin Pumppu,Lasinpesurin Pumppu NISSAN,RENAULT,MICRA II K11,ALMERA II Hatchback N16,ALMERA Mk II N16<\/p>\n","protected":false},"featured_media":0,"template":"","meta":{"site-sidebar-layout":"default","site-content-layout":"default","ast-global-header-display":"","ast-main-header-display":"","ast-hfb-above-header-display":"","ast-hfb-below-header-display":"","ast-hfb-mobile-header-display":"","site-post-title":"","ast-breadcrumbs-content":"","ast-featured-img":"","footer-sml-layout":"","theme-transparent-header-meta":"","adv-header-id-meta":"","stick-header-meta":"","header-above-stick-meta":"","header-main-stick-meta":"","header-below-stick-meta":""},"pwb-brand":[50],"product_cat":[182],"product_tag":[],"class_list":{"0":"post-69215","1":"product","2":"type-product","3":"status-publish","5":"pwb-brand-febi-bilstein","6":"product_cat-pissapojan-pumppu","7":"desktop-align-left","8":"tablet-align-left","9":"mobile-align-left","11":"first","12":"instock","13":"product-type-external"},"brands":[{"id":50,"name":"FEBI BILSTEIN","slug":"febi-bilstein"}],"_links":{"self":[{"href":"https:\/\/www.autonvaraosahaku.fi\/index.php?rest_route=\/wp\/v2\/product\/69215","targetHints":{"allow":["GET"]}}],"collection":[{"href":"https:\/\/www.autonvaraosahaku.fi\/index.php?rest_route=\/wp\/v2\/product"}],"about":[{"href":"https:\/\/www.autonvaraosahaku.fi\/index.php?rest_route=\/wp\/v2\/types\/product"}],"wp:attachment":[{"href":"https:\/\/www.autonvaraosahaku.fi\/index.php?rest_route=%2Fwp%2Fv2%2Fmedia&parent=69215"}],"wp:term":[{"taxonomy":"pwb-brand","embeddable":true,"href":"https:\/\/www.autonvaraosahaku.fi\/index.php?rest_route=%2Fwp%2Fv2%2Fpwb-brand&post=69215"},{"taxonomy":"product_cat","embeddable":true,"href":"https:\/\/www.autonvaraosahaku.fi\/index.php?rest_route=%2Fwp%2Fv2%2Fproduct_cat&post=69215"},{"taxonomy":"product_tag","embeddable":true,"href":"https:\/\/www.autonvaraosahaku.fi\/index.php?rest_route=%2Fwp%2Fv2%2Fproduct_tag&post=69215"}],"curies":[{"name":"wp","href":"https:\/\/api.w.org\/{rel}","templated":true}]}}