{"id":69262,"date":"2021-02-21T19:03:25","date_gmt":"2021-02-21T19:03:25","guid":{"rendered":"https:\/\/www.autonvaraosahaku.fi\/?product=febi-bilstein-14801-kannen-pultit"},"modified":"2021-02-21T19:03:29","modified_gmt":"2021-02-21T19:03:29","slug":"febi-bilstein-14801-kannen-pultit","status":"publish","type":"product","link":"https:\/\/www.autonvaraosahaku.fi\/?product=febi-bilstein-14801-kannen-pultit","title":{"rendered":"FEBI BILSTEIN 14801 Kannen pultit"},"content":{"rendered":"<p>Pituus (mm): 170; Ulkokierre [mm]: M12 x 1,75; Ruuvikanta\/mutteriprofiili: Kuusioruuvi \/-mutteri; Ruuvin pituus ilman p\u00e4\u00e4t\u00e4: 157; Paino [kg]: 1,68, 1,68; Valmistusvuosi alkaen: 01\/1994; VOLVO: V40 Kombi VW,V70 II SW,V50 MW,XC90 I,V70 I LV,S60 I,850 Kombi LW,V70 III BW,C30,S80 I TS, XY,S40 II MS,XC70 CROSS COUNTRY,S40 I VS,C70 II Cabriolet,V40 Schr\u00e4gheck,S80 II AS,S60 II,C70 I Cabriolet,C70 I Coupe,850 LS,S70 LS,960 II 964,V90 Kombi,960 Kombi 965,960 964,S90; FORD: MONDEO IV Turnier BA7,FOCUS II DA_,S-MAX WA6,MONDEO IV BA7,MONDEO IV Stufenheck BA7; 1370338, 1370338S2, 6842347, 6842347S2; Sylinterikannen Pultit,Syl.Kannen Pulttisarja<\/p>\n","protected":false},"excerpt":{"rendered":"<p>FEBI BILSTEIN Kannen Pultit 14801 Sylinterikannen Pultit,Syl.Kannen Pulttisarja VOLVO,FORD,V40 Kombi VW,V70 II SW,V50 MW,XC90 I,V70 I LV,S60 I<\/p>\n","protected":false},"featured_media":0,"template":"","meta":{"site-sidebar-layout":"default","site-content-layout":"default","ast-global-header-display":"","ast-main-header-display":"","ast-hfb-above-header-display":"","ast-hfb-below-header-display":"","ast-hfb-mobile-header-display":"","site-post-title":"","ast-breadcrumbs-content":"","ast-featured-img":"","footer-sml-layout":"","theme-transparent-header-meta":"","adv-header-id-meta":"","stick-header-meta":"","header-above-stick-meta":"","header-main-stick-meta":"","header-below-stick-meta":""},"pwb-brand":[50],"product_cat":[67],"product_tag":[],"class_list":{"0":"post-69262","1":"product","2":"type-product","3":"status-publish","5":"pwb-brand-febi-bilstein","6":"product_cat-kannen-pultit","7":"desktop-align-left","8":"tablet-align-left","9":"mobile-align-left","11":"first","12":"instock","13":"product-type-external"},"brands":[{"id":50,"name":"FEBI BILSTEIN","slug":"febi-bilstein"}],"_links":{"self":[{"href":"https:\/\/www.autonvaraosahaku.fi\/index.php?rest_route=\/wp\/v2\/product\/69262","targetHints":{"allow":["GET"]}}],"collection":[{"href":"https:\/\/www.autonvaraosahaku.fi\/index.php?rest_route=\/wp\/v2\/product"}],"about":[{"href":"https:\/\/www.autonvaraosahaku.fi\/index.php?rest_route=\/wp\/v2\/types\/product"}],"wp:attachment":[{"href":"https:\/\/www.autonvaraosahaku.fi\/index.php?rest_route=%2Fwp%2Fv2%2Fmedia&parent=69262"}],"wp:term":[{"taxonomy":"pwb-brand","embeddable":true,"href":"https:\/\/www.autonvaraosahaku.fi\/index.php?rest_route=%2Fwp%2Fv2%2Fpwb-brand&post=69262"},{"taxonomy":"product_cat","embeddable":true,"href":"https:\/\/www.autonvaraosahaku.fi\/index.php?rest_route=%2Fwp%2Fv2%2Fproduct_cat&post=69262"},{"taxonomy":"product_tag","embeddable":true,"href":"https:\/\/www.autonvaraosahaku.fi\/index.php?rest_route=%2Fwp%2Fv2%2Fproduct_tag&post=69262"}],"curies":[{"name":"wp","href":"https:\/\/api.w.org\/{rel}","templated":true}]}}