{"id":69265,"date":"2021-02-21T19:03:25","date_gmt":"2021-02-21T19:03:25","guid":{"rendered":"https:\/\/www.autonvaraosahaku.fi\/?product=febi-bilstein-14297-vetonivelen-suojakumi"},"modified":"2021-02-21T19:03:30","modified_gmt":"2021-02-21T19:03:30","slug":"febi-bilstein-14297-vetonivelen-suojakumi","status":"publish","type":"product","link":"https:\/\/www.autonvaraosahaku.fi\/?product=febi-bilstein-14297-vetonivelen-suojakumi","title":{"rendered":"FEBI BILSTEIN 14297 Vetonivelen suojakumi"},"content":{"rendered":"<p>Pituus (mm): 81; Materiaali: Kumi; Paino [kg]: 0,21; Sis\u00e4l\u00e4pimitta 1 [mm]: 24,5; Sis\u00e4l\u00e4pimitta 2 [mm]: 61; Huomioi huolto-ohjeet: , ; Alustanumerosta: 6301138; LANCIA: MUSA 350,LYBRA SW 839BX,DELTA I 831AB0,KAPPA 838A,LYBRA 839AX,THEMA 834,DELTA II 836,KAPPA SW 838B,DEDRA 835,DEDRA SW 835,THEMA SW 834; FIAT: PUNTO 188,STILO 192,BARCHETTA 183,PUNTO 176,STILO Multi Wagon 192,IDEA,COUPE FA\/175,STRADA Pick-up 178E,MULTIPLA 186,PUNTO Van 188AX,BRAVO I 182,BRAVA 182,MAREA Weekend 185,UNO 146A\/E,PALIO Weekend 178DX,TIPO 160,CROMA 154,MAREA 185,TEMPRA 159,PUNTO Van 176L,TEMPRA S.W. 159,PALIO 178BX,SIENA 178_; ALFA ROMEO: 147 937,156 Sportwagon 932,156 932,GT 937,SPIDER 916S_,166 936,GTV 916C_,164 164,145 930,155 167,146 930; 60805170, 60805170S, 82282140, 82282140S, 82282140S1, 82282140, 82282140S, 82282140S1, 82282140, 82282140S, 82282140S1<\/p>\n","protected":false},"excerpt":{"rendered":"<p>FEBI BILSTEIN Paljekumisarja, Vetoakseli 14297  LANCIA,FIAT,ALFA ROMEO,MUSA 350,LYBRA SW 839BX,DELTA I 831AB0,KAPPA 838A,LYBRA 839AX,THEMA 834<\/p>\n","protected":false},"featured_media":0,"template":"","meta":{"site-sidebar-layout":"default","site-content-layout":"default","ast-global-header-display":"","ast-main-header-display":"","ast-hfb-above-header-display":"","ast-hfb-below-header-display":"","ast-hfb-mobile-header-display":"","site-post-title":"","ast-breadcrumbs-content":"","ast-featured-img":"","footer-sml-layout":"","theme-transparent-header-meta":"","adv-header-id-meta":"","stick-header-meta":"","header-above-stick-meta":"","header-main-stick-meta":"","header-below-stick-meta":""},"pwb-brand":[50],"product_cat":[42],"product_tag":[],"class_list":{"0":"post-69265","1":"product","2":"type-product","3":"status-publish","5":"pwb-brand-febi-bilstein","6":"product_cat-vetonivelen-suojakumi","7":"desktop-align-left","8":"tablet-align-left","9":"mobile-align-left","11":"first","12":"instock","13":"product-type-external"},"brands":[{"id":50,"name":"FEBI BILSTEIN","slug":"febi-bilstein"}],"_links":{"self":[{"href":"https:\/\/www.autonvaraosahaku.fi\/index.php?rest_route=\/wp\/v2\/product\/69265","targetHints":{"allow":["GET"]}}],"collection":[{"href":"https:\/\/www.autonvaraosahaku.fi\/index.php?rest_route=\/wp\/v2\/product"}],"about":[{"href":"https:\/\/www.autonvaraosahaku.fi\/index.php?rest_route=\/wp\/v2\/types\/product"}],"wp:attachment":[{"href":"https:\/\/www.autonvaraosahaku.fi\/index.php?rest_route=%2Fwp%2Fv2%2Fmedia&parent=69265"}],"wp:term":[{"taxonomy":"pwb-brand","embeddable":true,"href":"https:\/\/www.autonvaraosahaku.fi\/index.php?rest_route=%2Fwp%2Fv2%2Fpwb-brand&post=69265"},{"taxonomy":"product_cat","embeddable":true,"href":"https:\/\/www.autonvaraosahaku.fi\/index.php?rest_route=%2Fwp%2Fv2%2Fproduct_cat&post=69265"},{"taxonomy":"product_tag","embeddable":true,"href":"https:\/\/www.autonvaraosahaku.fi\/index.php?rest_route=%2Fwp%2Fv2%2Fproduct_tag&post=69265"}],"curies":[{"name":"wp","href":"https:\/\/api.w.org\/{rel}","templated":true}]}}