{"id":69276,"date":"2021-02-21T19:03:31","date_gmt":"2021-02-21T19:03:31","guid":{"rendered":"https:\/\/www.autonvaraosahaku.fi\/?product=valeo-586027-oljynsuodatin"},"modified":"2021-02-21T19:03:33","modified_gmt":"2021-02-21T19:03:33","slug":"valeo-586027-oljynsuodatin","status":"publish","type":"product","link":"https:\/\/www.autonvaraosahaku.fi\/?product=valeo-586027-oljynsuodatin","title":{"rendered":"VALEO 586027 \u00d6ljynsuodatin"},"content":{"rendered":"<p>Kierremitta: M 20&#215;1,5; Ulkol\u00e4pimitta [mm]: 77; Sis\u00e4l\u00e4pimitta 1 [mm]: 71; Sis\u00e4l\u00e4pimitta 2 [mm]: 52,5; Korkeus (mm): 86; Avauspaine ohitusventtiili [bar]: 1; Suodatintyyppi: Ruuvattava suodatin; Paino [kg]: 0,29; Valmistusvuoteen: 08\/1990; JEEP: CJ5 &#8211; CJ8; VOLVO: 440 K 445; RENAULT: CLIO II BB0\/1\/2_, CB0\/1\/2_,LAGUNA II Grandtour KG0\/1_,ESPACE III JE0_,LAGUNA II BG0\/1_,LAGUNA I B56_, 556_,LAGUNA I Grandtour K56_,ESPACE II J\/S63_,19 II B\/C53_,SUPER 5 B\/C40_,19 I B\/C53_,SAFRANE II B54_,AVANTIME DE0_,TRAFIC Kasten TXX,9 L42_,TRAFIC Bus TXW,SAFRANE I B54_,19 II Chamade L53_,ESPACE I J11_,11 B\/C37_,21 Stufenheck L48_,25 B29_,19 I Chamade L53_,MASTER I Kasten T__,TRAFIC Kasten T1, T3, T4,TRAFIC Bus T5, T6, T7,18 134_,21 Kombi K48_,18 Variable 135_,FUEGO 136_,21 B48_,MASTER I Bus T__,TRAFIC Pritsche\/Fahrgestell P6,MASTER I Pritsche\/Fahrgestell P__,TRAFIC Pritsche\/Fahrgestell PXX,21 Kasten S48_; UMM: ALTER; ALPINE: A310,V6,A610; TATA (TELCO): INDIGO 4_V2; 7700720978, 7700734825, 7700734937, 7700856339, 7700867454, 7701415056, 7701415063, 9615841580<\/p>\n","protected":false},"excerpt":{"rendered":"<p>VALEO \u00d6ljynsuodatin 586027  JEEP,VOLVO,RENAULT,CJ5 &#8211; CJ8,440 K 445,CLIO II BB0\/1\/2_, CB0\/1\/2_,LAGUNA II Grandtour KG0\/1_,ESPACE III JE0_<\/p>\n","protected":false},"featured_media":0,"template":"","meta":{"site-sidebar-layout":"default","site-content-layout":"default","ast-global-header-display":"","ast-main-header-display":"","ast-hfb-above-header-display":"","ast-hfb-below-header-display":"","ast-hfb-mobile-header-display":"","site-post-title":"","ast-breadcrumbs-content":"","ast-featured-img":"","footer-sml-layout":"","theme-transparent-header-meta":"","adv-header-id-meta":"","stick-header-meta":"","header-above-stick-meta":"","header-main-stick-meta":"","header-below-stick-meta":""},"pwb-brand":[28],"product_cat":[30],"product_tag":[],"class_list":{"0":"post-69276","1":"product","2":"type-product","3":"status-publish","5":"pwb-brand-valeo","6":"product_cat-oljynsuodatin","7":"desktop-align-left","8":"tablet-align-left","9":"mobile-align-left","11":"first","12":"instock","13":"product-type-external"},"brands":[{"id":28,"name":"VALEO","slug":"valeo"}],"_links":{"self":[{"href":"https:\/\/www.autonvaraosahaku.fi\/index.php?rest_route=\/wp\/v2\/product\/69276","targetHints":{"allow":["GET"]}}],"collection":[{"href":"https:\/\/www.autonvaraosahaku.fi\/index.php?rest_route=\/wp\/v2\/product"}],"about":[{"href":"https:\/\/www.autonvaraosahaku.fi\/index.php?rest_route=\/wp\/v2\/types\/product"}],"wp:attachment":[{"href":"https:\/\/www.autonvaraosahaku.fi\/index.php?rest_route=%2Fwp%2Fv2%2Fmedia&parent=69276"}],"wp:term":[{"taxonomy":"pwb-brand","embeddable":true,"href":"https:\/\/www.autonvaraosahaku.fi\/index.php?rest_route=%2Fwp%2Fv2%2Fpwb-brand&post=69276"},{"taxonomy":"product_cat","embeddable":true,"href":"https:\/\/www.autonvaraosahaku.fi\/index.php?rest_route=%2Fwp%2Fv2%2Fproduct_cat&post=69276"},{"taxonomy":"product_tag","embeddable":true,"href":"https:\/\/www.autonvaraosahaku.fi\/index.php?rest_route=%2Fwp%2Fv2%2Fproduct_tag&post=69276"}],"curies":[{"name":"wp","href":"https:\/\/api.w.org\/{rel}","templated":true}]}}