{"id":6930,"date":"2021-02-21T13:58:43","date_gmt":"2021-02-21T13:58:43","guid":{"rendered":"https:\/\/www.autonvaraosahaku.fi\/?product=automega-190017010-nokka-akselin-tiiviste"},"modified":"2021-02-21T13:58:44","modified_gmt":"2021-02-21T13:58:44","slug":"automega-190017010-nokka-akselin-tiiviste","status":"publish","type":"product","link":"https:\/\/www.autonvaraosahaku.fi\/?product=automega-190017010-nokka-akselin-tiiviste","title":{"rendered":"AUTOMEGA 190017010 Nokka akselin tiiviste"},"content":{"rendered":"<p>Sis\u00e4l\u00e4pimitta [mm]: 32; Ulkol\u00e4pimitta [mm]: 47; Korkeus (mm): 10; Moottorinumero: GL; VW: GOLF IV 1J1,TRANSPORTER IV Bus 70XB, 70XC, 7DB, 7DW,LUPO 6X1, 6E1,GOLF III 1H1,GOLF IV Variant 1J5,SHARAN 7M8, 7M9, 7M6,POLO 6N1,GOLF II 19E, 1G1,PASSAT Variant 3B5,PASSAT Variant 3A5, 35I,PASSAT 3B2,GOLF I Cabriolet 155,GOLF III Cabriolet 1E7,TRANSPORTER IV Kasten 70XA,GOLF Mk III Cabriolet 1E7,GOLF III Variant 1H5,TRANSPORTER III Bus,POLO 86C, 80,POLO Coupe 86C, 80,PASSAT 3A2, 35I,CADDY II Kasten 9K9A,TRANSPORTER IV Pritsche\/Fahrgestell 70XD,POLO Variant 6KV5,POLO CLASSIC 6KV2,VENTO 1H2,LT 28-35 I Kasten 281-363,GOLF I 17,LT 28-35 I Bus 281-363,CADDY I 14,LT 28-46 II Kasten 2DA, 2DD, 2DH,JETTA II 19E, 1G2, 165,PASSAT Variant 32B,TRANSPORTER III Kasten,LT 28-35 II Bus 2DB, 2DE, 2DK,POLO CLASSIC 86C, 80,LT 28-46 II Pritsche\/Fahrgestell 2DC, 2DF, 2DG, 2DL, 2DM,LT 28-35 I Pritsche\/Fahrgestell 281-363,CADDY II Kombi 9K9B,TRANSPORTER III Pritsche\/Fahrgestell,PASSAT 32B,LT 40-55 I Pritsche\/Fahrgestell 293-909,POLO 86,CADDY II Pick-up 9U7,ILTIS 183,JETTA I 16,POLO Kasten; 026103085E, 026103085F, 056103085B, 068103085A, 068103085E, 068103085G, 068103085Q, 26103085D, 26103085E, 26103085F, 68103085A, 68103085E, 1004928, 026103085F, 068103085E, 026103085F, 068103085E, 12572210, 026103085F, 056103085B, 068103085A, 068103085E; Akselitiiviste, Nokka-Akseli<\/p>\n","protected":false},"excerpt":{"rendered":"<p>AUTOMEGA Nokka Akselin Tiiviste 190017010 Akselitiiviste, Nokka-Akseli VW,GOLF IV 1J1,TRANSPORTER IV Bus 70XB, 70XC, 7DB, 7DW,LUPO 6X1, 6E1<\/p>\n","protected":false},"featured_media":0,"template":"","meta":{"site-sidebar-layout":"default","site-content-layout":"default","ast-global-header-display":"","ast-main-header-display":"","ast-hfb-above-header-display":"","ast-hfb-below-header-display":"","ast-hfb-mobile-header-display":"","site-post-title":"","ast-breadcrumbs-content":"","ast-featured-img":"","footer-sml-layout":"","theme-transparent-header-meta":"","adv-header-id-meta":"","stick-header-meta":"","header-above-stick-meta":"","header-main-stick-meta":"","header-below-stick-meta":""},"pwb-brand":[121],"product_cat":[122],"product_tag":[],"class_list":{"0":"post-6930","1":"product","2":"type-product","3":"status-publish","5":"pwb-brand-automega","6":"product_cat-nokka-akselin-tiiviste","7":"desktop-align-left","8":"tablet-align-left","9":"mobile-align-left","11":"first","12":"instock","13":"product-type-external"},"brands":[{"id":121,"name":"AUTOMEGA","slug":"automega"}],"_links":{"self":[{"href":"https:\/\/www.autonvaraosahaku.fi\/index.php?rest_route=\/wp\/v2\/product\/6930","targetHints":{"allow":["GET"]}}],"collection":[{"href":"https:\/\/www.autonvaraosahaku.fi\/index.php?rest_route=\/wp\/v2\/product"}],"about":[{"href":"https:\/\/www.autonvaraosahaku.fi\/index.php?rest_route=\/wp\/v2\/types\/product"}],"wp:attachment":[{"href":"https:\/\/www.autonvaraosahaku.fi\/index.php?rest_route=%2Fwp%2Fv2%2Fmedia&parent=6930"}],"wp:term":[{"taxonomy":"pwb-brand","embeddable":true,"href":"https:\/\/www.autonvaraosahaku.fi\/index.php?rest_route=%2Fwp%2Fv2%2Fpwb-brand&post=6930"},{"taxonomy":"product_cat","embeddable":true,"href":"https:\/\/www.autonvaraosahaku.fi\/index.php?rest_route=%2Fwp%2Fv2%2Fproduct_cat&post=6930"},{"taxonomy":"product_tag","embeddable":true,"href":"https:\/\/www.autonvaraosahaku.fi\/index.php?rest_route=%2Fwp%2Fv2%2Fproduct_tag&post=6930"}],"curies":[{"name":"wp","href":"https:\/\/api.w.org\/{rel}","templated":true}]}}