{"id":69335,"date":"2021-02-21T19:03:49","date_gmt":"2021-02-21T19:03:49","guid":{"rendered":"https:\/\/www.autonvaraosahaku.fi\/?product=topran-102-691-muut-luokat"},"modified":"2021-02-21T19:03:51","modified_gmt":"2021-02-21T19:03:51","slug":"topran-102-691-muut-luokat","status":"publish","type":"product","link":"https:\/\/www.autonvaraosahaku.fi\/?product=topran-102-691-muut-luokat","title":{"rendered":"TOPRAN 102 691 Muut luokat"},"content":{"rendered":"<p>Pistokemalli: Lattapistoke; K\u00e4ytt\u00f6tapa: K\u00e4\u00e4nt\u00f6kytkin; Varusteet: Autoihin ilman ilmastointilaitetta; Napojen m\u00e4\u00e4r\u00e4: 4; Valmistusvuosi alkaen: 08\/1976; VW: GOLF II 19E, 1G1,TRANSPORTER III Bus,POLO 86C, 80,POLO Coupe 86C, 80,LT 28-35 I Kasten 281-363,GOLF I 17,LT 28-35 I Bus 281-363,JETTA II 19E, 1G2, 165,PASSAT Variant 32B,TRANSPORTER III Kasten,POLO CLASSIC 86C, 80,LT 28-35 I Pritsche\/Fahrgestell 281-363,TRANSPORTER III Pritsche\/Fahrgestell,PASSAT 32B,JETTA I 16,PASSAT Variant 33; AUDI: 80 81, 85, B2,80 80, 82, B1,90 81, 85, B2; 171959511, 191959511, 171959511, 191959511<\/p>\n","protected":false},"excerpt":{"rendered":"<p>TOPRAN Puhallinkytkin, L\u00e4mmitys\/Tuuletus 102 691  VW,AUDI,GOLF II 19E, 1G1,TRANSPORTER III Bus,POLO 86C, 80,POLO Coupe 86C, 80<\/p>\n","protected":false},"featured_media":0,"template":"","meta":{"site-sidebar-layout":"default","site-content-layout":"default","ast-global-header-display":"","ast-main-header-display":"","ast-hfb-above-header-display":"","ast-hfb-below-header-display":"","ast-hfb-mobile-header-display":"","site-post-title":"","ast-breadcrumbs-content":"","ast-featured-img":"","footer-sml-layout":"","theme-transparent-header-meta":"","adv-header-id-meta":"","stick-header-meta":"","header-above-stick-meta":"","header-main-stick-meta":"","header-below-stick-meta":""},"pwb-brand":[18],"product_cat":[37],"product_tag":[],"class_list":{"0":"post-69335","1":"product","2":"type-product","3":"status-publish","5":"pwb-brand-topran","6":"product_cat-muut-luokat","7":"desktop-align-left","8":"tablet-align-left","9":"mobile-align-left","11":"first","12":"instock","13":"product-type-external"},"brands":[{"id":18,"name":"TOPRAN","slug":"topran"}],"_links":{"self":[{"href":"https:\/\/www.autonvaraosahaku.fi\/index.php?rest_route=\/wp\/v2\/product\/69335","targetHints":{"allow":["GET"]}}],"collection":[{"href":"https:\/\/www.autonvaraosahaku.fi\/index.php?rest_route=\/wp\/v2\/product"}],"about":[{"href":"https:\/\/www.autonvaraosahaku.fi\/index.php?rest_route=\/wp\/v2\/types\/product"}],"wp:attachment":[{"href":"https:\/\/www.autonvaraosahaku.fi\/index.php?rest_route=%2Fwp%2Fv2%2Fmedia&parent=69335"}],"wp:term":[{"taxonomy":"pwb-brand","embeddable":true,"href":"https:\/\/www.autonvaraosahaku.fi\/index.php?rest_route=%2Fwp%2Fv2%2Fpwb-brand&post=69335"},{"taxonomy":"product_cat","embeddable":true,"href":"https:\/\/www.autonvaraosahaku.fi\/index.php?rest_route=%2Fwp%2Fv2%2Fproduct_cat&post=69335"},{"taxonomy":"product_tag","embeddable":true,"href":"https:\/\/www.autonvaraosahaku.fi\/index.php?rest_route=%2Fwp%2Fv2%2Fproduct_tag&post=69335"}],"curies":[{"name":"wp","href":"https:\/\/api.w.org\/{rel}","templated":true}]}}