{"id":69350,"date":"2021-02-21T19:03:54","date_gmt":"2021-02-21T19:03:54","guid":{"rendered":"https:\/\/www.autonvaraosahaku.fi\/?product=mahle-original-ox-160d-oljynsuodatin"},"modified":"2021-02-21T19:03:56","modified_gmt":"2021-02-21T19:03:56","slug":"mahle-original-ox-160d-oljynsuodatin","status":"publish","type":"product","link":"https:\/\/www.autonvaraosahaku.fi\/?product=mahle-original-ox-160d-oljynsuodatin","title":{"rendered":"MAHLE ORIGINAL OX 160D \u00d6ljynsuodatin"},"content":{"rendered":"<p>Suodatintyyppi: Suodatinpanos; Korkeus (mm): 111,2; Korkeus 1 (mm): 99,0; L\u00e4pimitta [mm]: 83,0; Sis\u00e4l\u00e4pimitta 1 [mm]: 23,2; L\u00e4pimitta 3 [mm]: 39,2; L\u00e4pimitta 4 [mm]: 39,2; Tiivisteen l\u00e4pimitta [mm]: 23,2; Korkeus (tuumaa): 4,53; Leveys (tuumaa): 3,54; Pituus (tuumaa): 3,54; Moottorinumerosta: 176890; VW: PASSAT Variant 3B6,TRANSPORTER IV Bus 70XB, 70XC, 7DB, 7DW,GOLF III 1H1,SHARAN 7M8, 7M9, 7M6,PASSAT Variant 3B5,TRANSPORTER V Bus 7HB, 7HJ, 7EB, 7EJ, 7EF,TOUAREG 7LA, 7L6, 7L7,MULTIVAN V 7HM, 7HN, 7HF, 7EF, 7EM, 7EN,PASSAT Variant 3A5, 35I,PASSAT 3B2,TRANSPORTER IV Kasten 70XA,TRANSPORTER V Kasten 7HA, 7HH, 7EA, 7EH,PASSAT 3B3,PHAETON 3D_,GOLF III Variant 1H5,TOUAREG 7P5,PASSAT 3A2, 35I,TRANSPORTER IV Pritsche\/Fahrgestell 70XD,VENTO 1H2,TRANSPORTER V Pritsche\/Fahrgestell 7JD, 7JE, 7JL, 7JY, 7JZ,; AUDI: A6 Avant 4B5, C5,A6 4B2, C5,Q7 4L,A8 4D2, 4D8; JEEP: GRAND CHEROKEE II WJ, WG; MERCEDES-BENZ: V-CLASS 638\/2; FORD: GALAXY WGR; PORSCHE: CAYENNE 955,CAYENNE; 021115403D, 021115561B, 021115561BOD, 021115562A, 07C115562, 05015171AA, 5015171AA, K05015171AA, 021115403D, 021115561B, 021115561BOD, 021115562A, 07C115562, 1025629, 95VVV6714AB, 95VW6714AB, EFL399, 5015171AA, 0001801509, 1041800609, A0001801509, A1041800609, 95510756100, 07C115562, 021115403D, 021115561B, 021115561BOD, 021115562A, 07C115562<\/p>\n","protected":false},"excerpt":{"rendered":"<p>MAHLE ORIGINAL \u00d6ljynsuodatin OX 160D  VW,AUDI,JEEP,PASSAT Variant 3B6,TRANSPORTER IV Bus 70XB, 70XC, 7DB, 7DW,GOLF III 1H1,SHARAN 7M8, 7M9, 7M6<\/p>\n","protected":false},"featured_media":0,"template":"","meta":{"site-sidebar-layout":"default","site-content-layout":"default","ast-global-header-display":"","ast-main-header-display":"","ast-hfb-above-header-display":"","ast-hfb-below-header-display":"","ast-hfb-mobile-header-display":"","site-post-title":"","ast-breadcrumbs-content":"","ast-featured-img":"","footer-sml-layout":"","theme-transparent-header-meta":"","adv-header-id-meta":"","stick-header-meta":"","header-above-stick-meta":"","header-main-stick-meta":"","header-below-stick-meta":""},"pwb-brand":[153],"product_cat":[30],"product_tag":[],"class_list":{"0":"post-69350","1":"product","2":"type-product","3":"status-publish","5":"pwb-brand-mahle-original","6":"product_cat-oljynsuodatin","7":"desktop-align-left","8":"tablet-align-left","9":"mobile-align-left","11":"first","12":"instock","13":"product-type-external"},"brands":[{"id":153,"name":"MAHLE ORIGINAL","slug":"mahle-original"}],"_links":{"self":[{"href":"https:\/\/www.autonvaraosahaku.fi\/index.php?rest_route=\/wp\/v2\/product\/69350","targetHints":{"allow":["GET"]}}],"collection":[{"href":"https:\/\/www.autonvaraosahaku.fi\/index.php?rest_route=\/wp\/v2\/product"}],"about":[{"href":"https:\/\/www.autonvaraosahaku.fi\/index.php?rest_route=\/wp\/v2\/types\/product"}],"wp:attachment":[{"href":"https:\/\/www.autonvaraosahaku.fi\/index.php?rest_route=%2Fwp%2Fv2%2Fmedia&parent=69350"}],"wp:term":[{"taxonomy":"pwb-brand","embeddable":true,"href":"https:\/\/www.autonvaraosahaku.fi\/index.php?rest_route=%2Fwp%2Fv2%2Fpwb-brand&post=69350"},{"taxonomy":"product_cat","embeddable":true,"href":"https:\/\/www.autonvaraosahaku.fi\/index.php?rest_route=%2Fwp%2Fv2%2Fproduct_cat&post=69350"},{"taxonomy":"product_tag","embeddable":true,"href":"https:\/\/www.autonvaraosahaku.fi\/index.php?rest_route=%2Fwp%2Fv2%2Fproduct_tag&post=69350"}],"curies":[{"name":"wp","href":"https:\/\/api.w.org\/{rel}","templated":true}]}}