{"id":69352,"date":"2021-02-21T19:03:54","date_gmt":"2021-02-21T19:03:54","guid":{"rendered":"https:\/\/www.autonvaraosahaku.fi\/?product=topran-721-697-kampiakselin-asentotunnistin"},"modified":"2021-02-21T19:03:56","modified_gmt":"2021-02-21T19:03:56","slug":"topran-721-697-kampiakselin-asentotunnistin","status":"publish","type":"product","link":"https:\/\/www.autonvaraosahaku.fi\/?product=topran-721-697-kampiakselin-asentotunnistin","title":{"rendered":"TOPRAN 721 697 Kampiakselin asentotunnistin"},"content":{"rendered":"<p>Pistokkeen kotelon muoto: suorakulmainen (rectangular); Napojen m\u00e4\u00e4r\u00e4: 3; Korvaava tuote\/korvaava tiedote 2: ilman kaapelia; Moottorinumero: DW10CTED4(DTR) \/ RH0; MAZDA: 2 DE,3 Stufenheck BL; LAND ROVER: FREELANDER 2 FA_,RANGE ROVER EVOQUE LV,DISCOVERY SPORT LC; VOLVO: V50 MW,V70 III BW,C30,S40 II MS,S80 II AS; MINI: MINI R56,MINI CLUBMAN R55; LANCIA: PHEDRA 179; FORD: FOCUS II Kombi DA_,FIESTA VI,MONDEO IV Turnier BA7,FOCUS II DA_,S-MAX WA6,FOCUS III Turnier,FOCUS C-MAX,GALAXY WA6,KUGA I,C-MAX DM2,FOCUS III,C-MAX II,MONDEO IV BA7,FOCUS III Stufenheck,MONDEO IV Stufenheck BA7; FIAT: SCUDO 270_,ULYSSE 179AX,SCUDO Kasten 270_,ULYSSE 220,SCUDO Kasten 220L,SCUDO Combinato 220P,SCUDO Pritsche\/Fahrgestell 270_; CITRO\u00cbN: BERLINGO MF,XSARA PICASSO N68,C2 JM_,C3 I FC_,BERLINGO B9,C5 III Break TD_,C4 Picasso I UD_,C4 Grand Picasso I UA_,C8 EA_, EB_,C4 I LC_,BERLINGO Kasten M_,C5 II Break RE_,C3 Picasso,C5 I DC_,C5 I Break DE_,C5 III RD_,C3 II,XSARA N1,C4 II B7,C5 II RC_,C-CROSSER EP_,XSARA Break N2,JUMPY,BERLINGO Kasten B9,C6 TD_,JUMPY Kasten,XANTIA X2,DS4,DS5,EVASION 22, U6,XANTIA Break X2,JUMPY U6U,JUMPY Kasten BS_, BT_, BY_, BZ_,JUMPY Pritsche\/Fahrgestell BU_, BV_, BW_, BX_,JUMPY Pritsche\/Fahrgestell; PEUGEOT: 206 Schr\u00e4gheck 2A\/C,206 CC 2D,207 WA_, WC_,307 SW 3H,207 CC WD_,307 CC 3B,407 SW 6E_,307 3A\/C,207 SW WK_,308 SW,206 SW 2E\/K,807 E,308 4A_, 4C_,5008,307 Break 3E,508 SW,306 Schr\u00e4gheck 7A, 7C, N3, N5,607 9D, 9U,407 6D_,3008,406 Break 8E\/F,PARTNER Tepee,RCZ,308 CC,1007 KM_,PARTNER Combispace 5F,PARTNER Kasten 5,306 Break 7E, N3, N5,406 8B,806 221,508,EXPERT Tepee VF3V_,EXPERT Kasten VF3A_, VF3U_, VF3X_,306 7B, N3, N5,PARTNER Kasten,EXPERT Kasten 222,EXPERT 224,EXPERT Pritsche\/Fahrgestell 223,EXPERT Pritsche\/Fahrgestell; DS: DS5; 19207V, 1920FY, 1920QN, 19207V, 1920FY, 1920QN, 9628559880, 9663752580, 9665443680, 1229954, 1314032, 1490841, 1580907, 1695278, 1837835, 3M5Q12K073AA, 3M5Q12K073AB, 3M5Q12K073AC, 3M5Q12K073CA, 9M5Q12K073AA, 9M5Q12K073AB, 9628559880, 9663752580, 9665443680, LR016847, Y60118230, Y60118230A, Y60118230B, Y60218230, 13627805005, 7805005, MN982271, MN982363, 19207V, 1920FY, 1920QN, 30725738, 30725885, 31342337; Nokka Akselin Anturi,Nokka Akselin Tunnistin,Tunnistin, Nokka-Akselin Ajoitus<\/p>\n","protected":false},"excerpt":{"rendered":"<p>TOPRAN Nokka Akselin Asentotunnistin 721 697 Nokka Akselin Anturi,Nokka Akselin Tunnistin MAZDA,LAND ROVER,VOLVO,2 DE,3 Stufenheck BL,FREELANDER 2 FA_<\/p>\n","protected":false},"featured_media":0,"template":"","meta":{"site-sidebar-layout":"default","site-content-layout":"default","ast-global-header-display":"","ast-main-header-display":"","ast-hfb-above-header-display":"","ast-hfb-below-header-display":"","ast-hfb-mobile-header-display":"","site-post-title":"","ast-breadcrumbs-content":"","ast-featured-img":"","footer-sml-layout":"","theme-transparent-header-meta":"","adv-header-id-meta":"","stick-header-meta":"","header-above-stick-meta":"","header-main-stick-meta":"","header-below-stick-meta":""},"pwb-brand":[18],"product_cat":[184],"product_tag":[],"class_list":{"0":"post-69352","1":"product","2":"type-product","3":"status-publish","5":"pwb-brand-topran","6":"product_cat-kampiakselin-asentotunnistin","7":"desktop-align-left","8":"tablet-align-left","9":"mobile-align-left","11":"first","12":"instock","13":"product-type-external"},"brands":[{"id":18,"name":"TOPRAN","slug":"topran"}],"_links":{"self":[{"href":"https:\/\/www.autonvaraosahaku.fi\/index.php?rest_route=\/wp\/v2\/product\/69352","targetHints":{"allow":["GET"]}}],"collection":[{"href":"https:\/\/www.autonvaraosahaku.fi\/index.php?rest_route=\/wp\/v2\/product"}],"about":[{"href":"https:\/\/www.autonvaraosahaku.fi\/index.php?rest_route=\/wp\/v2\/types\/product"}],"wp:attachment":[{"href":"https:\/\/www.autonvaraosahaku.fi\/index.php?rest_route=%2Fwp%2Fv2%2Fmedia&parent=69352"}],"wp:term":[{"taxonomy":"pwb-brand","embeddable":true,"href":"https:\/\/www.autonvaraosahaku.fi\/index.php?rest_route=%2Fwp%2Fv2%2Fpwb-brand&post=69352"},{"taxonomy":"product_cat","embeddable":true,"href":"https:\/\/www.autonvaraosahaku.fi\/index.php?rest_route=%2Fwp%2Fv2%2Fproduct_cat&post=69352"},{"taxonomy":"product_tag","embeddable":true,"href":"https:\/\/www.autonvaraosahaku.fi\/index.php?rest_route=%2Fwp%2Fv2%2Fproduct_tag&post=69352"}],"curies":[{"name":"wp","href":"https:\/\/api.w.org\/{rel}","templated":true}]}}