{"id":69363,"date":"2021-02-21T19:03:54","date_gmt":"2021-02-21T19:03:54","guid":{"rendered":"https:\/\/www.autonvaraosahaku.fi\/?product=vaico-v46-0527-oljynsuodatin"},"modified":"2021-02-21T19:03:59","modified_gmt":"2021-02-21T19:03:59","slug":"vaico-v46-0527-oljynsuodatin","status":"publish","type":"product","link":"https:\/\/www.autonvaraosahaku.fi\/?product=vaico-v46-0527-oljynsuodatin","title":{"rendered":"VAICO V46-0527 \u00d6ljynsuodatin"},"content":{"rendered":"<p>L\u00e4pimitta 2 [mm]: 24; Ulkol\u00e4pimitta [mm]: 57; Suodatintyyppi: Suodatinpanos; Korkeus (mm): 112; Korkeus 1 (mm): 112; Paino [kg]: 0,043; Pakkausleveys [cm]: 5,7; Pakkauskorkeus [mm]: 11,3; Pakkaussyvyys [cm]: 5,7; lis\u00e4tieto: CST99; OE-numerolle: 7701478538; NISSAN: QASHQAI \/ QASHQAI +2 J10, JJ10,QASHQAI J11, J11_,NV400 Kasten,X-TRAIL T32,NV400 Bus,NAVARA Pick-up D23,NV400 Pritsche\/Fahrgestell,NV300 Kasten X82,NV300 Kombi X82; MERCEDES-BENZ: C-CLASS T-Model S205,C-CLASS W205,VITO Tourer W447,VITO Kasten W447,VITO Mixto W447,X-CLASS 470; OPEL: VIVARO Kasten F7,VIVARO Combi J7,MOVANO B Kasten,MOVANO B Bus,VIVARO Pritsche\/Fahrgestell E7,MOVANO B Pritsche\/Fahrgestell,VIVARO Combi,VIVARO Kasten,VIVARO Pritsche\/Fahrgestell; RENAULT: MEGANE III Grandtour KZ0\/1,SC\u00c9NIC III JZ0\/1_,MEGANE III Schr\u00e4gheck BZ0_,TRAFIC II Bus JL,GRAND SC\u00c9NIC III JZ0\/1_,TRAFIC II Kasten FL,MEGANE III Coupe DZ0\/1_,KOLEOS HY_,MASTER III Kasten FV,MEGANE CC EZ0\/1_,MASTER III Bus JV,MASTER III Pritsche\/Fahrgestell EV, HV, UV,FLUENCE L30_,TRAFIC II Pritsche\/Fahrgestell EL,TRAFIC III Kasten,TRAFIC III Bus,KADJAR,MEGANE IV B9A\/M_,MEGANE IV Grandtour K9A\/M_,ESPACE V,TALISMAN Grandtour KP_,TALISMAN,GRAND SC\u00c9NIC IV R9_,SC\u00c9NIC IV J9_,KOLEOS II,MEGANE IV Stufenheck,ALASKAN,TRAFIC III Pritsche\/Fahrgestell EG_; FIAT: TALENTO Kasten 296_,TALENTO Bus 296_,TALENTO Pritsche\/Fahrgestell 296_; VAUXHALL: VIVARO Kasten F7,MOVANO Mk II B VAN,VIVARO Kasten,VIVARO Combi,VIVARO Combi J7,VIVARO Pritsche\/Fahrgestell E7,MOVANO Mk II B Chassis\/Cab; 04420403, 4420403, 93168068, 152094543R, 7701070114, 7701478538, 93168068<\/p>\n","protected":false},"excerpt":{"rendered":"<p>VAICO \u00d6ljynsuodatin V46-0527  NISSAN,MERCEDES-BENZ,OPEL,QASHQAI \/ QASHQAI +2 J10, JJ10,QASHQAI J11, J11_,NV400 Kasten,X-TRAIL T32,NV400 Bus<\/p>\n","protected":false},"featured_media":0,"template":"","meta":{"site-sidebar-layout":"default","site-content-layout":"default","ast-global-header-display":"","ast-main-header-display":"","ast-hfb-above-header-display":"","ast-hfb-below-header-display":"","ast-hfb-mobile-header-display":"","site-post-title":"","ast-breadcrumbs-content":"","ast-featured-img":"","footer-sml-layout":"","theme-transparent-header-meta":"","adv-header-id-meta":"","stick-header-meta":"","header-above-stick-meta":"","header-main-stick-meta":"","header-below-stick-meta":""},"pwb-brand":[330],"product_cat":[30],"product_tag":[],"class_list":{"0":"post-69363","1":"product","2":"type-product","3":"status-publish","5":"pwb-brand-vaico","6":"product_cat-oljynsuodatin","7":"desktop-align-left","8":"tablet-align-left","9":"mobile-align-left","11":"first","12":"instock","13":"product-type-external"},"brands":[{"id":330,"name":"VAICO","slug":"vaico"}],"_links":{"self":[{"href":"https:\/\/www.autonvaraosahaku.fi\/index.php?rest_route=\/wp\/v2\/product\/69363","targetHints":{"allow":["GET"]}}],"collection":[{"href":"https:\/\/www.autonvaraosahaku.fi\/index.php?rest_route=\/wp\/v2\/product"}],"about":[{"href":"https:\/\/www.autonvaraosahaku.fi\/index.php?rest_route=\/wp\/v2\/types\/product"}],"wp:attachment":[{"href":"https:\/\/www.autonvaraosahaku.fi\/index.php?rest_route=%2Fwp%2Fv2%2Fmedia&parent=69363"}],"wp:term":[{"taxonomy":"pwb-brand","embeddable":true,"href":"https:\/\/www.autonvaraosahaku.fi\/index.php?rest_route=%2Fwp%2Fv2%2Fpwb-brand&post=69363"},{"taxonomy":"product_cat","embeddable":true,"href":"https:\/\/www.autonvaraosahaku.fi\/index.php?rest_route=%2Fwp%2Fv2%2Fproduct_cat&post=69363"},{"taxonomy":"product_tag","embeddable":true,"href":"https:\/\/www.autonvaraosahaku.fi\/index.php?rest_route=%2Fwp%2Fv2%2Fproduct_tag&post=69363"}],"curies":[{"name":"wp","href":"https:\/\/api.w.org\/{rel}","templated":true}]}}