{"id":69367,"date":"2021-02-21T19:04:00","date_gmt":"2021-02-21T19:04:00","guid":{"rendered":"https:\/\/www.autonvaraosahaku.fi\/?product=topran-206-152-painelaakeri"},"modified":"2021-02-21T19:04:01","modified_gmt":"2021-02-21T19:04:01","slug":"topran-206-152-painelaakeri","status":"publish","type":"product","link":"https:\/\/www.autonvaraosahaku.fi\/?product=topran-206-152-painelaakeri","title":{"rendered":"TOPRAN 206 152 Painelaakeri"},"content":{"rendered":"<p>K\u00e4ytt\u00f6: Hydraulinen; Lis\u00e4tarvike\/lis\u00e4tieto: Tiivisteill\u00e4; Vaihteistomalli: Schaltgetriebe, automatisch bet\u00e4tigt; OPEL: CORSA D,CORSA C F08, F68,ZAFIRA B A05,ASTRA H Caravan L35,MERIVA,ZAFIRA A F75_,ASTRA G CC F48_, F08_,ASTRA H L48,ASTRA J Sports Tourer,ASTRA G Caravan F35_,VECTRA C Caravan,ASTRA J,ASTRA H GTC L08,MERIVA B,SIGNUM,VECTRA C,VECTRA B 36_,ADAM,VECTRA C GTS,TIGRA TwinTop,VECTRA B Caravan 31_,ASTRA H TwinTop L67,ASTRA G Cabriolet F67,ASTRA G Coupe F07_,COMBO Kasten\/Kombi,ASTRA G Stufenheck F69_,ASTRA GTC J,VECTRA B CC 38_,COMBO Tour,ASTRA J Stufenheck,CORSA D Van,ASTRA H Stufenheck L69,ASTRA H Kasten L70,ASTRA G Kasten F70; FIAT: CROMA 194; CHEVROLET: CRUZE J300,CRUZE Station Wagon J308,AVEO Schr\u00e4gheck T300,CRUZE Schr\u00e4gheck J305,AVEO Stufenheck T300; ALFA ROMEO: 159 Sportwagon 939,159 939; VAUXHALL: CORSA Mk III D L_8,ZAFIRA Mk II B M75,ASTRA Mk V H CC,VECTRA Mk II C CC,ZAFIRA Mk I A F75,ADAM,CORSA Mk II C W5L, F08,ASTRA Mk V H Estate,VECTRA Mk II C Estate,ASTRA Mk V H Convertible,ASTRA Mk IV G CC,VECTRA Mk II C,ASTRA Mk VI J CC,ASTRA Mk VI J,MERIVA Mk I A,SIGNUM,ASTRA Mk IV G Sedan,CORSAVAN Mk III D,MERIVA Mk II B,TIGRA Convertible,VECTRA B CC,ASTRA Mk VI J Sedan,VECTRA B Estate,VECTRA B,ASTRA Mk VI J Estate,ASTRAVAN Mk IV G,ASTRAVAN Mk V H,ASTRA Mk IV G Coupe F67,COMBO TOUR Mk II C F25,COMBO Mk II C Kasten\/Kombi F25,ASTRA Mk IV G Convertible,ASTRA Mk IV G Estate; 71747899, 24422061, 24424957, 90470874, 90523765, 71747899, 5679304, 5679332, 5679333, 5679344, 24422061, 24424957, 90470874, 90523765<\/p>\n","protected":false},"excerpt":{"rendered":"<p>TOPRAN Irroitusmekanismi Kytkin 206 152  OPEL,FIAT,CHEVROLET,CORSA D,CORSA C F08, F68,ZAFIRA B A05,ASTRA H Caravan L35,MERIVA,ZAFIRA A F75_<\/p>\n","protected":false},"featured_media":0,"template":"","meta":{"site-sidebar-layout":"default","site-content-layout":"default","ast-global-header-display":"","ast-main-header-display":"","ast-hfb-above-header-display":"","ast-hfb-below-header-display":"","ast-hfb-mobile-header-display":"","site-post-title":"","ast-breadcrumbs-content":"","ast-featured-img":"","footer-sml-layout":"","theme-transparent-header-meta":"","adv-header-id-meta":"","stick-header-meta":"","header-above-stick-meta":"","header-main-stick-meta":"","header-below-stick-meta":""},"pwb-brand":[18],"product_cat":[223],"product_tag":[],"class_list":{"0":"post-69367","1":"product","2":"type-product","3":"status-publish","5":"pwb-brand-topran","6":"product_cat-painelaakeri","7":"desktop-align-left","8":"tablet-align-left","9":"mobile-align-left","11":"first","12":"instock","13":"product-type-external"},"brands":[{"id":18,"name":"TOPRAN","slug":"topran"}],"_links":{"self":[{"href":"https:\/\/www.autonvaraosahaku.fi\/index.php?rest_route=\/wp\/v2\/product\/69367","targetHints":{"allow":["GET"]}}],"collection":[{"href":"https:\/\/www.autonvaraosahaku.fi\/index.php?rest_route=\/wp\/v2\/product"}],"about":[{"href":"https:\/\/www.autonvaraosahaku.fi\/index.php?rest_route=\/wp\/v2\/types\/product"}],"wp:attachment":[{"href":"https:\/\/www.autonvaraosahaku.fi\/index.php?rest_route=%2Fwp%2Fv2%2Fmedia&parent=69367"}],"wp:term":[{"taxonomy":"pwb-brand","embeddable":true,"href":"https:\/\/www.autonvaraosahaku.fi\/index.php?rest_route=%2Fwp%2Fv2%2Fpwb-brand&post=69367"},{"taxonomy":"product_cat","embeddable":true,"href":"https:\/\/www.autonvaraosahaku.fi\/index.php?rest_route=%2Fwp%2Fv2%2Fproduct_cat&post=69367"},{"taxonomy":"product_tag","embeddable":true,"href":"https:\/\/www.autonvaraosahaku.fi\/index.php?rest_route=%2Fwp%2Fv2%2Fproduct_tag&post=69367"}],"curies":[{"name":"wp","href":"https:\/\/api.w.org\/{rel}","templated":true}]}}