{"id":69380,"date":"2021-02-21T19:04:00","date_gmt":"2021-02-21T19:04:00","guid":{"rendered":"https:\/\/www.autonvaraosahaku.fi\/?product=spidan-22286-vetonivelen-suojakumi"},"modified":"2021-02-21T19:04:04","modified_gmt":"2021-02-21T19:04:04","slug":"spidan-22286-vetonivelen-suojakumi","status":"publish","type":"product","link":"https:\/\/www.autonvaraosahaku.fi\/?product=spidan-22286-vetonivelen-suojakumi","title":{"rendered":"SPIDAN 22286 Vetonivelen suojakumi"},"content":{"rendered":"<p>Sis\u00e4l\u00e4pimitta 1 [mm]: 24; Sis\u00e4l\u00e4pimitta 2 [mm]: 70; Korkeus (mm): 116,00; Nivelmalli: Tripodi-nivel; Paljekumin materiaali: NBR (nitriili-butadi-kumi); Uusi osa: ; Asennuspuoli: getriebeseitig; VW: GOLF IV 1J1,GOLF IV Variant 1J5,SHARAN 7M8, 7M9, 7M6,BORA 1J2,BORA Kombi 1J6,GOLF IV Van 1J1; AUDI: A3 8L1,A4 Avant 8ED, B7,A4 Avant 8E5, B6,A6 Avant 4B5, C5,A4 8E2, B6,A6 4B2, C5,A4 Cabriolet 8H7, B6, 8HE, B7,A4 8EC, B7,ALLROAD 4BH, C5; SEAT: ALHAMBRA 7V8, 7V9; VOLVO: V40 Kombi VW,V70 II SW,XC90 I,V70 I LV,S60 I,S80 I TS, XY,XC70 CROSS COUNTRY,S40 I VS,C70 I Cabriolet,C70 I Coupe,S70 LS; LANCIA: DELTA III 844,MUSA 350,THESIS 841AX,LYBRA SW 839BX,LYBRA 839AX; FORD: GALAXY WGR; FIAT: STILO 192,BRAVO II 198,STILO Multi Wagon 192,CROMA 194,DOBLO Kasten\/Kombi 263,IDEA,DOBLO Gro\u00dfraumlimousine 152, 263,DOBLO Pritsche\/Fahrgestell 263; ALFA ROMEO: 147 937,156 Sportwagon 932,156 932,GT 937,166 936; 46307840, 46307840, 60802003, 1J0498201G, 7M3498201, 7M3498201A, 8E0498201B, 46307840, 46307925, 60802003, 1008228, 1144250, 95VW7L606CA, YM217L606KA, 46307840, 60802003, 1J0498201G, 7M3498201, 7M3498201A, 8E0498201B, 1J0498201G, 7M3498201, 7M3498201A, 8E0498201B, 272439, 272483, 272487, 274165, 274337, 31256221, 31256224, 31256234, 1J0498201G, 7M3498201, 7M3498201A, 8E0498201B<\/p>\n","protected":false},"excerpt":{"rendered":"<p>SPIDAN Paljekumisarja, Vetoakseli 22286  VW,AUDI,SEAT,GOLF IV 1J1,GOLF IV Variant 1J5,SHARAN 7M8, 7M9, 7M6,BORA 1J2,BORA Kombi 1J6,GOLF IV Van 1J1<\/p>\n","protected":false},"featured_media":0,"template":"","meta":{"site-sidebar-layout":"default","site-content-layout":"default","ast-global-header-display":"","ast-main-header-display":"","ast-hfb-above-header-display":"","ast-hfb-below-header-display":"","ast-hfb-mobile-header-display":"","site-post-title":"","ast-breadcrumbs-content":"","ast-featured-img":"","footer-sml-layout":"","theme-transparent-header-meta":"","adv-header-id-meta":"","stick-header-meta":"","header-above-stick-meta":"","header-main-stick-meta":"","header-below-stick-meta":""},"pwb-brand":[411],"product_cat":[42],"product_tag":[],"class_list":{"0":"post-69380","1":"product","2":"type-product","3":"status-publish","5":"pwb-brand-spidan","6":"product_cat-vetonivelen-suojakumi","7":"desktop-align-left","8":"tablet-align-left","9":"mobile-align-left","11":"first","12":"instock","13":"product-type-external"},"brands":[{"id":411,"name":"SPIDAN","slug":"spidan"}],"_links":{"self":[{"href":"https:\/\/www.autonvaraosahaku.fi\/index.php?rest_route=\/wp\/v2\/product\/69380","targetHints":{"allow":["GET"]}}],"collection":[{"href":"https:\/\/www.autonvaraosahaku.fi\/index.php?rest_route=\/wp\/v2\/product"}],"about":[{"href":"https:\/\/www.autonvaraosahaku.fi\/index.php?rest_route=\/wp\/v2\/types\/product"}],"wp:attachment":[{"href":"https:\/\/www.autonvaraosahaku.fi\/index.php?rest_route=%2Fwp%2Fv2%2Fmedia&parent=69380"}],"wp:term":[{"taxonomy":"pwb-brand","embeddable":true,"href":"https:\/\/www.autonvaraosahaku.fi\/index.php?rest_route=%2Fwp%2Fv2%2Fpwb-brand&post=69380"},{"taxonomy":"product_cat","embeddable":true,"href":"https:\/\/www.autonvaraosahaku.fi\/index.php?rest_route=%2Fwp%2Fv2%2Fproduct_cat&post=69380"},{"taxonomy":"product_tag","embeddable":true,"href":"https:\/\/www.autonvaraosahaku.fi\/index.php?rest_route=%2Fwp%2Fv2%2Fproduct_tag&post=69380"}],"curies":[{"name":"wp","href":"https:\/\/api.w.org\/{rel}","templated":true}]}}