{"id":69398,"date":"2021-02-21T19:04:07","date_gmt":"2021-02-21T19:04:07","guid":{"rendered":"https:\/\/www.autonvaraosahaku.fi\/?product=pierburg-7-29621-05-0-oljypumppu"},"modified":"2021-02-21T19:04:09","modified_gmt":"2021-02-21T19:04:09","slug":"pierburg-7-29621-05-0-oljypumppu","status":"publish","type":"product","link":"https:\/\/www.autonvaraosahaku.fi\/?product=pierburg-7-29621-05-0-oljypumppu","title":{"rendered":"PIERBURG 7.29621.05.0 \u00d6ljypumppu"},"content":{"rendered":"<p>Lis\u00e4tarvike\/lis\u00e4tieto: Ilman tiivisteit\u00e4; Pumpputyyppi: Hammaspy\u00f6r\u00e4pumppu; TECDOC-moottorinumero: 32520; FORD: TRANSIT MK-7 Kasten,RANGER TKE,TRANSIT MK-7 Bus,TRANSIT Kasten FA_ _,TRANSIT Bus FD_ _, FB_ _, FS_ _, FZ_ _, FC_ _,TRANSIT MK-7 Pritsche\/Fahrgestell,TRANSIT Pritsche\/Fahrgestell FM_ _, FN_ _,TRANSIT TOURNEO FB; PEUGEOT: BOXER Kasten,BOXER Bus,BOXER Pritsche\/Fahrgestell; CITRO\u00cbN: JUMPER Kasten,JUMPER Bus,JUMPER Pritsche\/Fahrgestell; LAND ROVER: DEFENDER Station Wagon LD; 1001E9, 9660667080, 1096255, 1112956, 1117948, 1134856, 1146956, 1355193, 1456884, 1C1Q6600CC, 1C1Q6600CD, 1C1Q6600CE, 1C1Q6600CF, 1C1Q6600CG, YC1Q6600CB, YC1Q6600CD, LR004392, LR004868, 1001E9<\/p>\n","protected":false},"excerpt":{"rendered":"<p>PIERBURG \u00d6ljypumppu 7.29621.05.0  FORD,PEUGEOT,CITRO\u00cbN,TRANSIT MK-7 Kasten,RANGER TKE,TRANSIT MK-7 Bus,TRANSIT Kasten FA_ _<\/p>\n","protected":false},"featured_media":0,"template":"","meta":{"site-sidebar-layout":"default","site-content-layout":"default","ast-global-header-display":"","ast-main-header-display":"","ast-hfb-above-header-display":"","ast-hfb-below-header-display":"","ast-hfb-mobile-header-display":"","site-post-title":"","ast-breadcrumbs-content":"","ast-featured-img":"","footer-sml-layout":"","theme-transparent-header-meta":"","adv-header-id-meta":"","stick-header-meta":"","header-above-stick-meta":"","header-main-stick-meta":"","header-below-stick-meta":""},"pwb-brand":[380],"product_cat":[447],"product_tag":[],"class_list":{"0":"post-69398","1":"product","2":"type-product","3":"status-publish","5":"pwb-brand-pierburg","6":"product_cat-oljypumppu","7":"desktop-align-left","8":"tablet-align-left","9":"mobile-align-left","11":"first","12":"instock","13":"product-type-external"},"brands":[{"id":380,"name":"PIERBURG","slug":"pierburg"}],"_links":{"self":[{"href":"https:\/\/www.autonvaraosahaku.fi\/index.php?rest_route=\/wp\/v2\/product\/69398","targetHints":{"allow":["GET"]}}],"collection":[{"href":"https:\/\/www.autonvaraosahaku.fi\/index.php?rest_route=\/wp\/v2\/product"}],"about":[{"href":"https:\/\/www.autonvaraosahaku.fi\/index.php?rest_route=\/wp\/v2\/types\/product"}],"wp:attachment":[{"href":"https:\/\/www.autonvaraosahaku.fi\/index.php?rest_route=%2Fwp%2Fv2%2Fmedia&parent=69398"}],"wp:term":[{"taxonomy":"pwb-brand","embeddable":true,"href":"https:\/\/www.autonvaraosahaku.fi\/index.php?rest_route=%2Fwp%2Fv2%2Fpwb-brand&post=69398"},{"taxonomy":"product_cat","embeddable":true,"href":"https:\/\/www.autonvaraosahaku.fi\/index.php?rest_route=%2Fwp%2Fv2%2Fproduct_cat&post=69398"},{"taxonomy":"product_tag","embeddable":true,"href":"https:\/\/www.autonvaraosahaku.fi\/index.php?rest_route=%2Fwp%2Fv2%2Fproduct_tag&post=69398"}],"curies":[{"name":"wp","href":"https:\/\/api.w.org\/{rel}","templated":true}]}}