{"id":69399,"date":"2021-02-21T19:04:07","date_gmt":"2021-02-21T19:04:07","guid":{"rendered":"https:\/\/www.autonvaraosahaku.fi\/?product=topran-700-704-takaluukun-kaasujousi"},"modified":"2021-02-21T19:04:09","modified_gmt":"2021-02-21T19:04:09","slug":"topran-700-704-takaluukun-kaasujousi","status":"publish","type":"product","link":"https:\/\/www.autonvaraosahaku.fi\/?product=topran-700-704-takaluukun-kaasujousi","title":{"rendered":"TOPRAN 700 704 Takaluukun kaasujousi"},"content":{"rendered":"<p>Asennuspuoli: Auton takaluukku, Molemminpuolin; Vaihdettava pareittain: ; Ty\u00f6nt\u00f6voima [N]: 630; Varusteet: f\u00fcr Fahrzeuge mit Heckklappe; RENAULT: KANGOO KC0\/1_,KANGOO Express FC0\/1_; NISSAN: KUBISTAR Kasten X80; 9045000QAA, 7700303186; Kaasujousi, Tavaratila<\/p>\n","protected":false},"excerpt":{"rendered":"<p>TOPRAN Takaluukun Kaasujousi 700 704 Kaasujousi, Tavaratila RENAULT,NISSAN,KANGOO KC0\/1_,KANGOO Express FC0\/1_,KUBISTAR Kasten X80<\/p>\n","protected":false},"featured_media":0,"template":"","meta":{"site-sidebar-layout":"default","site-content-layout":"default","ast-global-header-display":"","ast-main-header-display":"","ast-hfb-above-header-display":"","ast-hfb-below-header-display":"","ast-hfb-mobile-header-display":"","site-post-title":"","ast-breadcrumbs-content":"","ast-featured-img":"","footer-sml-layout":"","theme-transparent-header-meta":"","adv-header-id-meta":"","stick-header-meta":"","header-above-stick-meta":"","header-main-stick-meta":"","header-below-stick-meta":""},"pwb-brand":[18],"product_cat":[59],"product_tag":[],"class_list":{"0":"post-69399","1":"product","2":"type-product","3":"status-publish","5":"pwb-brand-topran","6":"product_cat-takaluukun-kaasujousi","7":"desktop-align-left","8":"tablet-align-left","9":"mobile-align-left","11":"first","12":"instock","13":"product-type-external"},"brands":[{"id":18,"name":"TOPRAN","slug":"topran"}],"_links":{"self":[{"href":"https:\/\/www.autonvaraosahaku.fi\/index.php?rest_route=\/wp\/v2\/product\/69399","targetHints":{"allow":["GET"]}}],"collection":[{"href":"https:\/\/www.autonvaraosahaku.fi\/index.php?rest_route=\/wp\/v2\/product"}],"about":[{"href":"https:\/\/www.autonvaraosahaku.fi\/index.php?rest_route=\/wp\/v2\/types\/product"}],"wp:attachment":[{"href":"https:\/\/www.autonvaraosahaku.fi\/index.php?rest_route=%2Fwp%2Fv2%2Fmedia&parent=69399"}],"wp:term":[{"taxonomy":"pwb-brand","embeddable":true,"href":"https:\/\/www.autonvaraosahaku.fi\/index.php?rest_route=%2Fwp%2Fv2%2Fpwb-brand&post=69399"},{"taxonomy":"product_cat","embeddable":true,"href":"https:\/\/www.autonvaraosahaku.fi\/index.php?rest_route=%2Fwp%2Fv2%2Fproduct_cat&post=69399"},{"taxonomy":"product_tag","embeddable":true,"href":"https:\/\/www.autonvaraosahaku.fi\/index.php?rest_route=%2Fwp%2Fv2%2Fproduct_tag&post=69399"}],"curies":[{"name":"wp","href":"https:\/\/api.w.org\/{rel}","templated":true}]}}