{"id":69433,"date":"2021-02-21T19:04:18","date_gmt":"2021-02-21T19:04:18","guid":{"rendered":"https:\/\/www.autonvaraosahaku.fi\/?product=calorstat-by-vernet-rc0027-jaahdyttimen-korkki"},"modified":"2021-02-21T19:04:19","modified_gmt":"2021-02-21T19:04:19","slug":"calorstat-by-vernet-rc0027-jaahdyttimen-korkki","status":"publish","type":"product","link":"https:\/\/www.autonvaraosahaku.fi\/?product=calorstat-by-vernet-rc0027-jaahdyttimen-korkki","title":{"rendered":"CALORSTAT by Vernet RC0027 J\u00e4\u00e4hdyttimen korkki"},"content":{"rendered":"<p>Paine (bar): 1,1; Valmistusvuoteen: 09\/2011; VW: TARO; MAZDA: 6 Station Wagon GY,CX-5 KE, GH,MX-5 II NB,6 Kombi GH,323 F VI BJ,PREMACY CP,CX-7 ER,6 Hatchback GG,6 GG,3 BM,MX-5 III NC,6 Kombi GJ, GH,6 Schr\u00e4gheck GH,626 V Hatchback GF,6 GH,FAMILIA V BA,MPV II LW,626 V GF,626 V Station Wagon GW,6 Stufenheck GJ, GH,626 IV Hatchback GE,FAMILIA VI BJ,3 Stufenheck BM,B-SERIE UN,BT-50 CD, UN,XEDOS 9 TA,626 IV GE,CX-9 TB,FAMILIA V BG8,MX-6 GE,E-SERIE Kasten SR2,626 III Station Wagon GV,B-SERIE UF,2 DL, DJ,CX-3 DK,CX-5 KF,MX-5 IV ND,MX-5 RF ND; NISSAN: ALMERA II Hatchback N16,PATHFINDER R51,PRIMERA P11,MICRA IV K13,TERRANO II R20,PRIMERA Traveller WP11,350 Z Z33,PRIMERA Hatchback P11,NOTE E12,ALMERA I Hatchback N15,ALMERA Mk II N16,ALMERA I N15,350 Z Roadster Z33,300 ZX Z32,300 ZX Z31,NP300,PULSAR V Schr\u00e4gheck N14,PRIMERA Traveller W10,SUNNY III Traveller Y10,TERRANO Van R20,NAVARA Pick-up D23,PATHFINDER R52,NAVARA Pritsche\/Fahrgestell; SUZUKI: SWIFT IV FZ, NZ,GRAND VITARA I FT,WAGON R+ MM,IGNIS FH,IGNIS II,BALENO Kombi EG,BALENO EG,BALENO Schr\u00e4gheck EG,WAGON R,SWIFT V AZ; KIA: SORENTO I JC,PICANTO BA,SPORTAGE SL,CEE&#8217;D SW ED,CEE&#8217;D Schr\u00e4gheck ED,SPORTAGE JE_, KM_,VENGA YN,SORENTO II XM,CARENS II FJ,RIO III UB,RIO II JB,CEE&#8217;D JD,CARENS III UN,CARNIVAL \/ GRAND CARNIVAL III VQ,PICANTO TA,CEE`D Sportswagon JD,RIO Kombi DC,PRO CEE&#8217;D ED,CARENS IV,SOUL AM,CERATO LD,MAGENTIS GD,MAGENTIS MG,PRO CEE\u00b4D JD,OPIRUS GH,CERATO Stufenheck LD,RIO II Stufenheck JB,OPTIMA,RIO Stufenheck DC_,JOICE,RIO III Stufenheck UB,K2700 SD,K2500 SD,CERATO II Stufenheck TD,SOUL II PS,BORREGO,K2900,K2700,BONGO Pritsche\/Fahrgestell,OPTIMA Sportswagon,CERATO YD Stufenheck,CERATO KOUP TD,CEE&#8217;D Combi Van JD; HONDA: CIVIC VIII Hatchback FN, FK,CIVIC VII Hatchback EU, EP, EV,CIVIC VI Hatchback EJ, EK,ACCORD VI CG, CK,CIVIC VI Fastback MA, MB,CRX III EH, EG,LOGO GA3,CIVIC VI Aerodeck MB, MC,PRELUDE V BB,ACCORD VI Hatchback CH,ACCORD VI Coupe CG,ACCORD V CE, CF,CIVIC VI Stufenheck EJ, EK,PRELUDE IV BB,CIVIC VI Coupe EJ, EM1,CIVIC VII Stufenheck ES,ACCORD IV CB,ACCORD V Aerodeck CE,ACCORD V CC, CD,ACCORD V Coupe CD,ACCORD IV Aerodeck CB,NSX Coupe NA,ACCORD IV Coupe CB, CC,NSX Cabriolet NA; LEXUS: LX UZJ100,ES F1, F2; FORD USA: WINDSTAR A3; SUBARU: FORESTER SG,FORESTER SH,IMPREZA Stufenheck GD,LEGACY IV Station Wagon BL, BP, B13_,IMPREZA Schr\u00e4gheck GR, GH, G3,JUSTY III G3X,FORESTER SJ,OUTBACK BL, BP,IMPREZA Station Wagon GG,XV,JUSTY II JMA, MS,IMPREZA Stufenheck GC,IMPREZA Station Wagon GF,LEGACY IV BL, BP,LEGACY V Station Wagon BM, BR,OUTBACK BM, BR,IMPREZA Coupe GFC,IMPREZA Stufenheck GR,LEGACY V BM, BR,IMPREZA Schr\u00e4gheck GP,WRX Stufenheck GJ,IMPREZA Stufenheck GJ,OUTBACK BS,LEVORG; OPEL: FRONTERA B 6B_,CAMPO TF_; 1640187402000, 1647187402000, 1351958, 1455876, 4026783, 4137897, F87H8100AA, XM348100AB, XM348100EB, YL848100HAA, 19045P1KE01, 19045PAAA51, 19045PCA004, 19045PMAE01, 19045PR7A06, 19045PR7A07, 19045PR7A08, 19045PR7J24, 19045PT0003, 19045PT0004, 19045PV3005, 2533005000, 253301P000, 253301R000, 253302D090, 253302D500, 253302E000, 253302E001, 2533038000, 2533038001, 2533039100, 253303K000, 253303Z000, 253304D000, 25330B1000, 21430D991A, 21430D999A, 21430F990B, 8941169160, 8941169161, 8971041940, 8971200730, 8971714360, 8972095590, 8972391870, 8979422680, 8979422681, 97171436, 97239187, 97942268, 0K2C615205, 0K2C615205A, 0K2FA15205, 1K2N115205, 253300L500, 253301H000, 253301H100, 253301P000, 253302E000, 2533038001, 2533039100, 253303C100, 253303E000, 253303K000, 253304D000, 25330B1000, 1640162090, 1640167150, AJA415205, FS2015205, KL0115205, L55515205, PE0115205, PE1115205, PE2015205, VS0115205, WL8115205, WL8115205A, WLVH15205A, YF4715205, 1350A730, MR481252, MR968532, 2143006P01, 21430&#8230;; Korkki, J\u00e4\u00e4hdytin<\/p>\n","protected":false},"excerpt":{"rendered":"<p>CALORSTAT by Vernet J\u00e4\u00e4hdyttimen Korkki RC0027 Korkki, J\u00e4\u00e4hdytin VW,MAZDA,NISSAN,TARO,6 Station Wagon GY,CX-5 KE, GH,MX-5 II NB,6 Kombi GH,323 F VI BJ<\/p>\n","protected":false},"featured_media":0,"template":"","meta":{"site-sidebar-layout":"default","site-content-layout":"default","ast-global-header-display":"","ast-main-header-display":"","ast-hfb-above-header-display":"","ast-hfb-below-header-display":"","ast-hfb-mobile-header-display":"","site-post-title":"","ast-breadcrumbs-content":"","ast-featured-img":"","footer-sml-layout":"","theme-transparent-header-meta":"","adv-header-id-meta":"","stick-header-meta":"","header-above-stick-meta":"","header-main-stick-meta":"","header-below-stick-meta":""},"pwb-brand":[343],"product_cat":[173],"product_tag":[],"class_list":{"0":"post-69433","1":"product","2":"type-product","3":"status-publish","5":"pwb-brand-calorstat-by-vernet","6":"product_cat-jaahdyttimen-korkki","7":"desktop-align-left","8":"tablet-align-left","9":"mobile-align-left","11":"first","12":"instock","13":"product-type-external"},"brands":[{"id":343,"name":"CALORSTAT by Vernet","slug":"calorstat-by-vernet"}],"_links":{"self":[{"href":"https:\/\/www.autonvaraosahaku.fi\/index.php?rest_route=\/wp\/v2\/product\/69433","targetHints":{"allow":["GET"]}}],"collection":[{"href":"https:\/\/www.autonvaraosahaku.fi\/index.php?rest_route=\/wp\/v2\/product"}],"about":[{"href":"https:\/\/www.autonvaraosahaku.fi\/index.php?rest_route=\/wp\/v2\/types\/product"}],"wp:attachment":[{"href":"https:\/\/www.autonvaraosahaku.fi\/index.php?rest_route=%2Fwp%2Fv2%2Fmedia&parent=69433"}],"wp:term":[{"taxonomy":"pwb-brand","embeddable":true,"href":"https:\/\/www.autonvaraosahaku.fi\/index.php?rest_route=%2Fwp%2Fv2%2Fpwb-brand&post=69433"},{"taxonomy":"product_cat","embeddable":true,"href":"https:\/\/www.autonvaraosahaku.fi\/index.php?rest_route=%2Fwp%2Fv2%2Fproduct_cat&post=69433"},{"taxonomy":"product_tag","embeddable":true,"href":"https:\/\/www.autonvaraosahaku.fi\/index.php?rest_route=%2Fwp%2Fv2%2Fproduct_tag&post=69433"}],"curies":[{"name":"wp","href":"https:\/\/api.w.org\/{rel}","templated":true}]}}