{"id":69434,"date":"2021-02-21T19:04:18","date_gmt":"2021-02-21T19:04:18","guid":{"rendered":"https:\/\/www.autonvaraosahaku.fi\/?product=mapco-18604-vetonivelen-suojakumi"},"modified":"2021-02-21T19:04:19","modified_gmt":"2021-02-21T19:04:19","slug":"mapco-18604-vetonivelen-suojakumi","status":"publish","type":"product","link":"https:\/\/www.autonvaraosahaku.fi\/?product=mapco-18604-vetonivelen-suojakumi","title":{"rendered":"MAPCO 18604 Vetonivelen suojakumi"},"content":{"rendered":"<p>Asennuspuoli: Etuakseli, Vaihteiston puoli; Korkeus (mm): 87; Sis\u00e4l\u00e4pimitta 1 [mm]: 19; Sis\u00e4l\u00e4pimitta 2 [mm]: 67; Vaihteistomalli: Schaltgetriebe; NISSAN: MICRA II K11; VOLVO: V50 MW,C30,S40 II MS; FORD: FIESTA V JH_, JD_,FOCUS II Kombi DA_,FOCUS II DA_,FOCUS C-MAX,FUSION JU_,C-MAX DM2,FOCUS II Stufenheck DA_,FOCUS II Cabriolet; 1322210, 1322212, 1345650, 1345652, 1451975, 1461251, 1461287, 1461290, 1552956, 3M514A084HA, 3M514A084JA, 3M514A084JB, 3M514A084VA, 4M514A084BA, 4M514A084BB, 4M514A084BC, 4M514C062AA, 392414F425, 392414F427, 30711754, 31256020<\/p>\n","protected":false},"excerpt":{"rendered":"<p>MAPCO Paljekumisarja, Vetoakseli 18604  NISSAN,VOLVO,FORD,MICRA II K11,V50 MW,C30,S40 II MS,FIESTA V JH_, JD_,FOCUS II Kombi DA_,FOCUS II DA_<\/p>\n","protected":false},"featured_media":0,"template":"","meta":{"site-sidebar-layout":"default","site-content-layout":"default","ast-global-header-display":"","ast-main-header-display":"","ast-hfb-above-header-display":"","ast-hfb-below-header-display":"","ast-hfb-mobile-header-display":"","site-post-title":"","ast-breadcrumbs-content":"","ast-featured-img":"","footer-sml-layout":"","theme-transparent-header-meta":"","adv-header-id-meta":"","stick-header-meta":"","header-above-stick-meta":"","header-main-stick-meta":"","header-below-stick-meta":""},"pwb-brand":[36],"product_cat":[42],"product_tag":[],"class_list":{"0":"post-69434","1":"product","2":"type-product","3":"status-publish","5":"pwb-brand-mapco","6":"product_cat-vetonivelen-suojakumi","7":"desktop-align-left","8":"tablet-align-left","9":"mobile-align-left","11":"first","12":"instock","13":"product-type-external"},"brands":[{"id":36,"name":"MAPCO","slug":"mapco"}],"_links":{"self":[{"href":"https:\/\/www.autonvaraosahaku.fi\/index.php?rest_route=\/wp\/v2\/product\/69434","targetHints":{"allow":["GET"]}}],"collection":[{"href":"https:\/\/www.autonvaraosahaku.fi\/index.php?rest_route=\/wp\/v2\/product"}],"about":[{"href":"https:\/\/www.autonvaraosahaku.fi\/index.php?rest_route=\/wp\/v2\/types\/product"}],"wp:attachment":[{"href":"https:\/\/www.autonvaraosahaku.fi\/index.php?rest_route=%2Fwp%2Fv2%2Fmedia&parent=69434"}],"wp:term":[{"taxonomy":"pwb-brand","embeddable":true,"href":"https:\/\/www.autonvaraosahaku.fi\/index.php?rest_route=%2Fwp%2Fv2%2Fpwb-brand&post=69434"},{"taxonomy":"product_cat","embeddable":true,"href":"https:\/\/www.autonvaraosahaku.fi\/index.php?rest_route=%2Fwp%2Fv2%2Fproduct_cat&post=69434"},{"taxonomy":"product_tag","embeddable":true,"href":"https:\/\/www.autonvaraosahaku.fi\/index.php?rest_route=%2Fwp%2Fv2%2Fproduct_tag&post=69434"}],"curies":[{"name":"wp","href":"https:\/\/api.w.org\/{rel}","templated":true}]}}