{"id":69436,"date":"2021-02-21T19:04:18","date_gmt":"2021-02-21T19:04:18","guid":{"rendered":"https:\/\/www.autonvaraosahaku.fi\/?product=optimal-992722l-pyoranlaakerit"},"modified":"2021-02-21T19:04:20","modified_gmt":"2021-02-21T19:04:20","slug":"optimal-992722l-pyoranlaakerit","status":"publish","type":"product","link":"https:\/\/www.autonvaraosahaku.fi\/?product=optimal-992722l-pyoranlaakerit","title":{"rendered":"OPTIMAL 992722L Py\u00f6r\u00e4nlaakerit"},"content":{"rendered":"<p>Asennuspuoli: Taka-akseli, Vasen, Oikea; Leveys (mm): 37; Tunnusluku: for worn axle shaft; Sis\u00e4l\u00e4pimitta [mm]: 35,624; Ulkol\u00e4pimitta [mm]: 58,287; Lis\u00e4tarvike\/lis\u00e4tieto: Asennusmateriaalilla; Leveys 1 (mm): 18,5; Tasauspy\u00f6r\u00e4st\u00f6-tunnus: Dana\/Spicer 35; JEEP: GRAND CHEROKEE II WJ, WG,WRANGLER III JK,GRAND CHEROKEE I ZJ,CHEROKEE XJ,WRANGLER II TJ,WRANGLER I YJ, SJ_; FORD USA: MUSTANG Coupe C,MUSTANG Convertible C; 1F7026151, 1L2Z3A379AA, 3W1Z1225AA, 4C3Z7065BA, C7AW1225A, C7AZ1225A, E0AZ1225A, E3TZ3C123B, E3ZZ7F431B, E5SZ1225A, J8134586, J8134586AB, ZZL126151, 8124071, 8134586, J8124071, J8134586; Py\u00f6r\u00e4nlaakerisarja<\/p>\n","protected":false},"excerpt":{"rendered":"<p>OPTIMAL Py\u00f6r\u00e4nlaakerit 992722L Py\u00f6r\u00e4nlaakerisarja JEEP,FORD USA,GRAND CHEROKEE II WJ, WG,WRANGLER III JK,GRAND CHEROKEE I ZJ,CHEROKEE XJ<\/p>\n","protected":false},"featured_media":0,"template":"","meta":{"site-sidebar-layout":"default","site-content-layout":"default","ast-global-header-display":"","ast-main-header-display":"","ast-hfb-above-header-display":"","ast-hfb-below-header-display":"","ast-hfb-mobile-header-display":"","site-post-title":"","ast-breadcrumbs-content":"","ast-featured-img":"","footer-sml-layout":"","theme-transparent-header-meta":"","adv-header-id-meta":"","stick-header-meta":"","header-above-stick-meta":"","header-main-stick-meta":"","header-below-stick-meta":""},"pwb-brand":[307],"product_cat":[83],"product_tag":[],"class_list":{"0":"post-69436","1":"product","2":"type-product","3":"status-publish","5":"pwb-brand-optimal","6":"product_cat-pyoranlaakerit","7":"desktop-align-left","8":"tablet-align-left","9":"mobile-align-left","11":"first","12":"instock","13":"product-type-external"},"brands":[{"id":307,"name":"OPTIMAL","slug":"optimal"}],"_links":{"self":[{"href":"https:\/\/www.autonvaraosahaku.fi\/index.php?rest_route=\/wp\/v2\/product\/69436","targetHints":{"allow":["GET"]}}],"collection":[{"href":"https:\/\/www.autonvaraosahaku.fi\/index.php?rest_route=\/wp\/v2\/product"}],"about":[{"href":"https:\/\/www.autonvaraosahaku.fi\/index.php?rest_route=\/wp\/v2\/types\/product"}],"wp:attachment":[{"href":"https:\/\/www.autonvaraosahaku.fi\/index.php?rest_route=%2Fwp%2Fv2%2Fmedia&parent=69436"}],"wp:term":[{"taxonomy":"pwb-brand","embeddable":true,"href":"https:\/\/www.autonvaraosahaku.fi\/index.php?rest_route=%2Fwp%2Fv2%2Fpwb-brand&post=69436"},{"taxonomy":"product_cat","embeddable":true,"href":"https:\/\/www.autonvaraosahaku.fi\/index.php?rest_route=%2Fwp%2Fv2%2Fproduct_cat&post=69436"},{"taxonomy":"product_tag","embeddable":true,"href":"https:\/\/www.autonvaraosahaku.fi\/index.php?rest_route=%2Fwp%2Fv2%2Fproduct_tag&post=69436"}],"curies":[{"name":"wp","href":"https:\/\/api.w.org\/{rel}","templated":true}]}}