{"id":69444,"date":"2021-02-21T19:04:18","date_gmt":"2021-02-21T19:04:18","guid":{"rendered":"https:\/\/www.autonvaraosahaku.fi\/?product=hella-8mt-354-774-501-termostaatti"},"modified":"2021-02-21T19:04:21","modified_gmt":"2021-02-21T19:04:21","slug":"hella-8mt-354-774-501-termostaatti","status":"publish","type":"product","link":"https:\/\/www.autonvaraosahaku.fi\/?product=hella-8mt-354-774-501-termostaatti","title":{"rendered":"HELLA 8MT 354 774-501 Termostaatti"},"content":{"rendered":"<p>Korkeus (mm): 33; L\u00e4pimitta 1 [mm]: 48; L\u00e4pimitta 2 [mm]: 28; Avausl\u00e4mp\u00f6tila [\u00b0C]: 82; Valmistusvuosi alkaen: 06\/2010; NISSAN: X-TRAIL T30,ALMERA TINO V10,ALMERA II Hatchback N16,NAVARA D40,PATHFINDER R51,X-TRAIL T31,PRIMERA P11,PRIMERA Kombi WP12,PRIMERA P12,PRIMERA Traveller WP11,PRIMERA Hatchback P11,NAVARA Pritsche\/Fahrgestell D40,PRIMERA Hatchback P12,PATROL GR II Wagon Y61,ALMERA I Hatchback N15,PICK UP D22,NAVARA D22,ALMERA Mk II N16,ALMERA I N15,NP300,VANETTE CARGO Kasten HC 23,TRADE Kasten\/Kombi,VANETTE CARGO Bus HC 23,TEANA II J32,TRADE Pritsche\/Fahrgestell,TRADE Bus,CABSTAR E Pick-up US,CABSTAR Pick-up,NT400 CABSTAR F24F,PATHFINDER R52,ECO-T; KIA: PICANTO BA; LEXUS: GS GRS19_, UZS19_, GWS19_,GS UZS161, JZS160,LS UCF20,SC UZZ40_,LS UCF30,LX UZJ100,GX _J12_; HYUNDAI: GETZ TB,i10 PA,ATOS MX; INFINITI: FX,M Y51,QX56,Q70 Y51,QX70; TOYOTA: STARLET EP91,AVENSIS _T22_,COROLLA Liftback _E11_,COROLLA Compact _E11_,AVENSIS Station Wagon _T22_,AVENSIS Liftback _T22_,PICNIC _XM10,LAND CRUISER 100 UZJ100,COROLLA _E11_,COROLLA Wagon __E11_,CAMRY _CV2_, _XV2_; RENAULT: ESPACE IV JK0\/1_,VEL SATIS BJ0_; 955883361, 9091603046000, 9091603069000, 9091603090000, 9091603046, 9091603060, 2550002500, 2120077A05, 2120077A65, 2120077A66, 2550002500, 212004M500, 212004M510, 2120069T06, 2120077A05, 2120077A65, 2120077A66, 2120077A6A1, 2120086J00, 2120086J01, 2120090J00, 2120090J10, 212009F600, 21200BN300, 21200BN301, 7701052705, 7701057805, 1632563010, 9008023002, 9008023003, 9091603046, 9091603060, 9091603065, 9091603069, 9091603090, 9091603094, 9091603095, 9091603096, 9091603100, 9091603109, 9091603115, 9091603117, J9091603046; Termostaatti, J\u00e4\u00e4hdytysneste<\/p>\n","protected":false},"excerpt":{"rendered":"<p>HELLA Termostaatti 8MT 354 774-501 Termostaatti, J\u00e4\u00e4hdytysneste NISSAN,KIA,LEXUS,X-TRAIL T30,ALMERA TINO V10,ALMERA II Hatchback N16,NAVARA D40<\/p>\n","protected":false},"featured_media":0,"template":"","meta":{"site-sidebar-layout":"default","site-content-layout":"default","ast-global-header-display":"","ast-main-header-display":"","ast-hfb-above-header-display":"","ast-hfb-below-header-display":"","ast-hfb-mobile-header-display":"","site-post-title":"","ast-breadcrumbs-content":"","ast-featured-img":"","footer-sml-layout":"","theme-transparent-header-meta":"","adv-header-id-meta":"","stick-header-meta":"","header-above-stick-meta":"","header-main-stick-meta":"","header-below-stick-meta":""},"pwb-brand":[24],"product_cat":[174],"product_tag":[],"class_list":{"0":"post-69444","1":"product","2":"type-product","3":"status-publish","5":"pwb-brand-hella","6":"product_cat-termostaatti","7":"desktop-align-left","8":"tablet-align-left","9":"mobile-align-left","11":"first","12":"instock","13":"product-type-external"},"brands":[{"id":24,"name":"HELLA","slug":"hella"}],"_links":{"self":[{"href":"https:\/\/www.autonvaraosahaku.fi\/index.php?rest_route=\/wp\/v2\/product\/69444","targetHints":{"allow":["GET"]}}],"collection":[{"href":"https:\/\/www.autonvaraosahaku.fi\/index.php?rest_route=\/wp\/v2\/product"}],"about":[{"href":"https:\/\/www.autonvaraosahaku.fi\/index.php?rest_route=\/wp\/v2\/types\/product"}],"wp:attachment":[{"href":"https:\/\/www.autonvaraosahaku.fi\/index.php?rest_route=%2Fwp%2Fv2%2Fmedia&parent=69444"}],"wp:term":[{"taxonomy":"pwb-brand","embeddable":true,"href":"https:\/\/www.autonvaraosahaku.fi\/index.php?rest_route=%2Fwp%2Fv2%2Fpwb-brand&post=69444"},{"taxonomy":"product_cat","embeddable":true,"href":"https:\/\/www.autonvaraosahaku.fi\/index.php?rest_route=%2Fwp%2Fv2%2Fproduct_cat&post=69444"},{"taxonomy":"product_tag","embeddable":true,"href":"https:\/\/www.autonvaraosahaku.fi\/index.php?rest_route=%2Fwp%2Fv2%2Fproduct_tag&post=69444"}],"curies":[{"name":"wp","href":"https:\/\/api.w.org\/{rel}","templated":true}]}}