{"id":69453,"date":"2021-02-21T19:04:23","date_gmt":"2021-02-21T19:04:23","guid":{"rendered":"https:\/\/www.autonvaraosahaku.fi\/?product=reinz-61-35060-00-kannentiiviste"},"modified":"2021-02-21T19:04:24","modified_gmt":"2021-02-21T19:04:24","slug":"reinz-61-35060-00-kannentiiviste","status":"publish","type":"product","link":"https:\/\/www.autonvaraosahaku.fi\/?product=reinz-61-35060-00-kannentiiviste","title":{"rendered":"REINZ 61-35060-00 Kannentiiviste"},"content":{"rendered":"<p>Tiivistetyyppi: Metalli-fiiberi tiiviste; Paksuus [mm]: 1,25; L\u00e4pimitta [mm]: 73,5; Vain jnk. yhteydess\u00e4: 14-32075-01; TECDOC-moottorinumero: 14730; PEUGEOT: 206 Schr\u00e4gheck 2A\/C,206 SW 2E\/K,106 II 1,206+ T3E,PARTNER Combispace 5F,206 Van; CITRO\u00cbN: BERLINGO MF,C2 JM_,C3 I FC_,SAXO S0, S1,BERLINGO Kasten M_,C3 II,C2 ENTERPRISE; 0209Y0, 0209Y0; Tiiviste, Sylinterikansi<\/p>\n","protected":false},"excerpt":{"rendered":"<p>REINZ Kannentiiviste 61-35060-00 Tiiviste, Sylinterikansi PEUGEOT,CITRO\u00cbN,206 Schr\u00e4gheck 2A\/C,206 SW 2E\/K,106 II 1,206+ T3E,PARTNER Combispace 5F<\/p>\n","protected":false},"featured_media":0,"template":"","meta":{"site-sidebar-layout":"default","site-content-layout":"default","ast-global-header-display":"","ast-main-header-display":"","ast-hfb-above-header-display":"","ast-hfb-below-header-display":"","ast-hfb-mobile-header-display":"","site-post-title":"","ast-breadcrumbs-content":"","ast-featured-img":"","footer-sml-layout":"","theme-transparent-header-meta":"","adv-header-id-meta":"","stick-header-meta":"","header-above-stick-meta":"","header-main-stick-meta":"","header-below-stick-meta":""},"pwb-brand":[138],"product_cat":[230],"product_tag":[],"class_list":{"0":"post-69453","1":"product","2":"type-product","3":"status-publish","5":"pwb-brand-reinz","6":"product_cat-kannentiiviste","7":"desktop-align-left","8":"tablet-align-left","9":"mobile-align-left","11":"first","12":"instock","13":"product-type-external"},"brands":[{"id":138,"name":"REINZ","slug":"reinz"}],"_links":{"self":[{"href":"https:\/\/www.autonvaraosahaku.fi\/index.php?rest_route=\/wp\/v2\/product\/69453","targetHints":{"allow":["GET"]}}],"collection":[{"href":"https:\/\/www.autonvaraosahaku.fi\/index.php?rest_route=\/wp\/v2\/product"}],"about":[{"href":"https:\/\/www.autonvaraosahaku.fi\/index.php?rest_route=\/wp\/v2\/types\/product"}],"wp:attachment":[{"href":"https:\/\/www.autonvaraosahaku.fi\/index.php?rest_route=%2Fwp%2Fv2%2Fmedia&parent=69453"}],"wp:term":[{"taxonomy":"pwb-brand","embeddable":true,"href":"https:\/\/www.autonvaraosahaku.fi\/index.php?rest_route=%2Fwp%2Fv2%2Fpwb-brand&post=69453"},{"taxonomy":"product_cat","embeddable":true,"href":"https:\/\/www.autonvaraosahaku.fi\/index.php?rest_route=%2Fwp%2Fv2%2Fproduct_cat&post=69453"},{"taxonomy":"product_tag","embeddable":true,"href":"https:\/\/www.autonvaraosahaku.fi\/index.php?rest_route=%2Fwp%2Fv2%2Fproduct_tag&post=69453"}],"curies":[{"name":"wp","href":"https:\/\/api.w.org\/{rel}","templated":true}]}}