{"id":69455,"date":"2021-02-21T19:04:23","date_gmt":"2021-02-21T19:04:23","guid":{"rendered":"https:\/\/www.autonvaraosahaku.fi\/?product=vaico-v10-3103-huohotin"},"modified":"2021-02-21T19:04:25","modified_gmt":"2021-02-21T19:04:25","slug":"vaico-v10-3103-huohotin","status":"publish","type":"product","link":"https:\/\/www.autonvaraosahaku.fi\/?product=vaico-v10-3103-huohotin","title":{"rendered":"VAICO V10-3103 Huohotin"},"content":{"rendered":"<p>Korkeus (mm): 14; Venttiilimalli: Takaiskuventtiili; Leveys (mm): 24; Huomioi tekniset tiedot: ; Huomioi huolto-ohjeet: ; OE-numerolle: 035 103 245 G; K\u00e4ytt\u00f6: paineohjattu; Suositeltu vaihtov\u00e4li [km]: 60000; Kotelomateriaali: Polyamidi 6.6; Asennuspuoli: Moottorin puoli; Pituus (mm): 40; Paino [kg]: 0,01; Suositeltu vaihtov\u00e4li [vuotta]: 3; Huomioi ajoneuvovalmistajan vaatimukset: ; Pakkausleveys [cm]: 2,4; Pakkauskorkeus [mm]: 1,4; Pakkaussyvyys [cm]: 4; lis\u00e4tieto: CST99; TECDOC-moottorinumero: 15353; VW: PASSAT Variant 3B6,PASSAT 3B3; AUDI: A4 Avant 8ED, B7,A4 Avant 8E5, B6,A4 8E2, B6,A4 Cabriolet 8H7, B6, 8HE, B7,A4 8EC, B7,TT 8N3,TT Roadster 8N9,200 44, 44Q,200 Avant 44, 44Q; SKODA: SUPERB 3U4; SEAT: EXEO ST 3R5,EXEO 3R2; 035103245G, 035103245G, 35103245G, 035103245G, 35103245G, 035103245G; Venttiili, Kampikammiotuuletus<\/p>\n","protected":false},"excerpt":{"rendered":"<p>VAICO Huohotin V10-3103 Venttiili, Kampikammiotuuletus VW,AUDI,SKODA,PASSAT Variant 3B6,PASSAT 3B3,A4 Avant 8ED, B7,A4 Avant 8E5, B6,A4 8E2, B6<\/p>\n","protected":false},"featured_media":0,"template":"","meta":{"site-sidebar-layout":"default","site-content-layout":"default","ast-global-header-display":"","ast-main-header-display":"","ast-hfb-above-header-display":"","ast-hfb-below-header-display":"","ast-hfb-mobile-header-display":"","site-post-title":"","ast-breadcrumbs-content":"","ast-featured-img":"","footer-sml-layout":"","theme-transparent-header-meta":"","adv-header-id-meta":"","stick-header-meta":"","header-above-stick-meta":"","header-main-stick-meta":"","header-below-stick-meta":""},"pwb-brand":[330],"product_cat":[125],"product_tag":[],"class_list":{"0":"post-69455","1":"product","2":"type-product","3":"status-publish","5":"pwb-brand-vaico","6":"product_cat-huohotin","7":"desktop-align-left","8":"tablet-align-left","9":"mobile-align-left","11":"first","12":"instock","13":"product-type-external"},"brands":[{"id":330,"name":"VAICO","slug":"vaico"}],"_links":{"self":[{"href":"https:\/\/www.autonvaraosahaku.fi\/index.php?rest_route=\/wp\/v2\/product\/69455","targetHints":{"allow":["GET"]}}],"collection":[{"href":"https:\/\/www.autonvaraosahaku.fi\/index.php?rest_route=\/wp\/v2\/product"}],"about":[{"href":"https:\/\/www.autonvaraosahaku.fi\/index.php?rest_route=\/wp\/v2\/types\/product"}],"wp:attachment":[{"href":"https:\/\/www.autonvaraosahaku.fi\/index.php?rest_route=%2Fwp%2Fv2%2Fmedia&parent=69455"}],"wp:term":[{"taxonomy":"pwb-brand","embeddable":true,"href":"https:\/\/www.autonvaraosahaku.fi\/index.php?rest_route=%2Fwp%2Fv2%2Fpwb-brand&post=69455"},{"taxonomy":"product_cat","embeddable":true,"href":"https:\/\/www.autonvaraosahaku.fi\/index.php?rest_route=%2Fwp%2Fv2%2Fproduct_cat&post=69455"},{"taxonomy":"product_tag","embeddable":true,"href":"https:\/\/www.autonvaraosahaku.fi\/index.php?rest_route=%2Fwp%2Fv2%2Fproduct_tag&post=69455"}],"curies":[{"name":"wp","href":"https:\/\/api.w.org\/{rel}","templated":true}]}}