{"id":69464,"date":"2021-02-21T19:04:23","date_gmt":"2021-02-21T19:04:23","guid":{"rendered":"https:\/\/www.autonvaraosahaku.fi\/?product=trw-gdb1498dte-jarrupalat"},"modified":"2021-02-21T19:04:27","modified_gmt":"2021-02-21T19:04:27","slug":"trw-gdb1498dte-jarrupalat","status":"publish","type":"product","link":"https:\/\/www.autonvaraosahaku.fi\/?product=trw-gdb1498dte-jarrupalat","title":{"rendered":"TRW GDB1498DTE Jarrupalat"},"content":{"rendered":"<p>Valmistaja rajaus: ATE; Pituus (mm): 155,3; Korkeus (mm): 68,5; Paksuus [mm]: 19,8; Jousien m\u00e4\u00e4r\u00e4: 4; Kulumisenilmaisimen liitos: Kulumisenilmaisemelle; Jarrut: V\u00e4h\u00e4np\u00f6ly\u00e4v\u00e4t jarrupalat\/-hihnat, my\u00f6s reijitetyille jarrulevyille; Tarkistuskilpi: E9 90R-02A1062\/0919; M\u00e4\u00e4r\u00e4yksikk\u00f6: Akselisarja; Tuotelinja: DTEC COTEC; Tuning: 1; Asennuspuoli: Vorderachse; BMW: 3 Touring E91,3 E90,5 E60,5 Touring E61,X1 E84,3 Coupe E92,3 Cabriolet E93,7 E65, E66, E67,1 Coupe E82,Z4 E89,6 E63,6 Cabriolet E64; 2283764, 2283865, 2288870, 2288871, 2288873, 2288874, 2339270, 2339271, 34112283764, 34112283865, 34112288870, 34112288871, 34112288873, 34112288874, 34112339270, 34112339271, 34116753668, 34116761283, 34116761284, 34116763089, 34116763591, 34116764437, 34116764438, 34116764540, 34116767191, 34116767580, 34116776161, 34116781873, 34116783542, 34116784129, 34116794913, 34116794916, 34116794917, 34116794918, 34116794920, 6753668, 6761283, 6761284, 6763089, 6763591, 6764437, 6764438, 6764540, 6767191, 6767580, 6776161, 6781873, 6783542, 6784129, 6794913, 6794916, 6794917, 6794918, 6794920; Jarrupalasarja,Jarrupala, Levyjarru<\/p>\n","protected":false},"excerpt":{"rendered":"<p>TRW Jarrupalat GDB1498DTE Jarrupalasarja,Jarrupala, Levyjarru BMW,3 Touring E91,3 E90,5 E60,5 Touring E61,X1 E84,3 Coupe E92,3 Cabriolet E93<\/p>\n","protected":false},"featured_media":0,"template":"","meta":{"site-sidebar-layout":"default","site-content-layout":"default","ast-global-header-display":"","ast-main-header-display":"","ast-hfb-above-header-display":"","ast-hfb-below-header-display":"","ast-hfb-mobile-header-display":"","site-post-title":"","ast-breadcrumbs-content":"","ast-featured-img":"","footer-sml-layout":"","theme-transparent-header-meta":"","adv-header-id-meta":"","stick-header-meta":"","header-above-stick-meta":"","header-main-stick-meta":"","header-below-stick-meta":""},"pwb-brand":[332],"product_cat":[100],"product_tag":[],"class_list":{"0":"post-69464","1":"product","2":"type-product","3":"status-publish","5":"pwb-brand-trw","6":"product_cat-jarrupalat","7":"desktop-align-left","8":"tablet-align-left","9":"mobile-align-left","11":"first","12":"instock","13":"product-type-external"},"brands":[{"id":332,"name":"TRW","slug":"trw"}],"_links":{"self":[{"href":"https:\/\/www.autonvaraosahaku.fi\/index.php?rest_route=\/wp\/v2\/product\/69464","targetHints":{"allow":["GET"]}}],"collection":[{"href":"https:\/\/www.autonvaraosahaku.fi\/index.php?rest_route=\/wp\/v2\/product"}],"about":[{"href":"https:\/\/www.autonvaraosahaku.fi\/index.php?rest_route=\/wp\/v2\/types\/product"}],"wp:attachment":[{"href":"https:\/\/www.autonvaraosahaku.fi\/index.php?rest_route=%2Fwp%2Fv2%2Fmedia&parent=69464"}],"wp:term":[{"taxonomy":"pwb-brand","embeddable":true,"href":"https:\/\/www.autonvaraosahaku.fi\/index.php?rest_route=%2Fwp%2Fv2%2Fpwb-brand&post=69464"},{"taxonomy":"product_cat","embeddable":true,"href":"https:\/\/www.autonvaraosahaku.fi\/index.php?rest_route=%2Fwp%2Fv2%2Fproduct_cat&post=69464"},{"taxonomy":"product_tag","embeddable":true,"href":"https:\/\/www.autonvaraosahaku.fi\/index.php?rest_route=%2Fwp%2Fv2%2Fproduct_tag&post=69464"}],"curies":[{"name":"wp","href":"https:\/\/api.w.org\/{rel}","templated":true}]}}