{"id":6947,"date":"2021-02-21T13:58:46","date_gmt":"2021-02-21T13:58:46","guid":{"rendered":"https:\/\/www.autonvaraosahaku.fi\/?product=automega-180004410-raitisilmasuodatin"},"modified":"2021-02-21T13:58:47","modified_gmt":"2021-02-21T13:58:47","slug":"automega-180004410-raitisilmasuodatin","status":"publish","type":"product","link":"https:\/\/www.autonvaraosahaku.fi\/?product=automega-180004410-raitisilmasuodatin","title":{"rendered":"AUTOMEGA 180004410 Raitisilmasuodatin"},"content":{"rendered":"<p>Suodatintyyppi: Aktiivihiilisuodatin; Pituus 1 (mm): 290; Kokonaispituus (mm): 290; Leveys (mm): 96; Korkeus (mm): 30; Moottorinumero: 9HJ(DV6DTED M), 9HP(; OPEL: GRANDLAND X A18; TOYOTA: PROACE Bus MPY_,PROACE Kasten MDZ_; CITRO\u00cbN: BERLINGO B9,C4 Picasso I UD_,C4 Grand Picasso I UA_,BERLINGO Kasten B9,C4 Grand Picasso II,C4 Picasso II,DS5,BERLINGO Pritsche\/Fahrgestell B9,JUMPY Kasten,SPACETOURER,JUMPY; PEUGEOT: 5008,3008,PARTNER Tepee,PARTNER Kasten,3008 SUV,EXPERT Kasten,5008 II,TRAVELLER; DS: DS5,DS7 Crossback; 6447XG, 647993, 9801448180, SU001A6185, 03638979, 3638979, 6447XG, 647993, 9801448180, SU001A6185; Sis\u00e4ilmansuodatin,Suodatin, Sis\u00e4ilma<\/p>\n","protected":false},"excerpt":{"rendered":"<p>AUTOMEGA Raitisilmasuodatin 180004410 Sis\u00e4ilmansuodatin,Suodatin, Sis\u00e4ilma OPEL,TOYOTA,CITRO\u00cbN,GRANDLAND X A18,PROACE Bus MPY_,PROACE Kasten MDZ_<\/p>\n","protected":false},"featured_media":0,"template":"","meta":{"site-sidebar-layout":"default","site-content-layout":"default","ast-global-header-display":"","ast-main-header-display":"","ast-hfb-above-header-display":"","ast-hfb-below-header-display":"","ast-hfb-mobile-header-display":"","site-post-title":"","ast-breadcrumbs-content":"","ast-featured-img":"","footer-sml-layout":"","theme-transparent-header-meta":"","adv-header-id-meta":"","stick-header-meta":"","header-above-stick-meta":"","header-main-stick-meta":"","header-below-stick-meta":""},"pwb-brand":[121],"product_cat":[19],"product_tag":[],"class_list":{"0":"post-6947","1":"product","2":"type-product","3":"status-publish","5":"pwb-brand-automega","6":"product_cat-raitisilmasuodatin","7":"desktop-align-left","8":"tablet-align-left","9":"mobile-align-left","11":"first","12":"instock","13":"product-type-external"},"brands":[{"id":121,"name":"AUTOMEGA","slug":"automega"}],"_links":{"self":[{"href":"https:\/\/www.autonvaraosahaku.fi\/index.php?rest_route=\/wp\/v2\/product\/6947","targetHints":{"allow":["GET"]}}],"collection":[{"href":"https:\/\/www.autonvaraosahaku.fi\/index.php?rest_route=\/wp\/v2\/product"}],"about":[{"href":"https:\/\/www.autonvaraosahaku.fi\/index.php?rest_route=\/wp\/v2\/types\/product"}],"wp:attachment":[{"href":"https:\/\/www.autonvaraosahaku.fi\/index.php?rest_route=%2Fwp%2Fv2%2Fmedia&parent=6947"}],"wp:term":[{"taxonomy":"pwb-brand","embeddable":true,"href":"https:\/\/www.autonvaraosahaku.fi\/index.php?rest_route=%2Fwp%2Fv2%2Fpwb-brand&post=6947"},{"taxonomy":"product_cat","embeddable":true,"href":"https:\/\/www.autonvaraosahaku.fi\/index.php?rest_route=%2Fwp%2Fv2%2Fproduct_cat&post=6947"},{"taxonomy":"product_tag","embeddable":true,"href":"https:\/\/www.autonvaraosahaku.fi\/index.php?rest_route=%2Fwp%2Fv2%2Fproduct_tag&post=6947"}],"curies":[{"name":"wp","href":"https:\/\/api.w.org\/{rel}","templated":true}]}}