{"id":69473,"date":"2021-02-21T19:04:28","date_gmt":"2021-02-21T19:04:28","guid":{"rendered":"https:\/\/www.autonvaraosahaku.fi\/?product=sachs-3100-654-003-painelaakeri"},"modified":"2021-02-21T19:04:30","modified_gmt":"2021-02-21T19:04:30","slug":"sachs-3100-654-003-painelaakeri","status":"publish","type":"product","link":"https:\/\/www.autonvaraosahaku.fi\/?product=sachs-3100-654-003-painelaakeri","title":{"rendered":"SACHS 3100 654 003 Painelaakeri"},"content":{"rendered":"<p>M\u00e4\u00e4r\u00e4yksikk\u00f6: Sarja; VW: GOLF IV 1J1,GOLF III 1H1,GOLF IV Variant 1J5,GOLF II 19E, 1G1,BORA 1J2,GOLF I Cabriolet 155,GOLF III Cabriolet 1E7,GOLF Mk III Cabriolet 1E7,BORA Kombi 1J6,GOLF III Variant 1H5,CADDY II Kasten 9K9A,POLO Variant 6KV5,POLO CLASSIC 6KV2,SCIROCCO 53B,VENTO 1H2,GOLF I 17,CADDY I 14,JETTA II 19E, 1G2, 165,CADDY II Kombi 9K9B,SCIROCCO 53,JETTA I 16; AUDI: A3 8L1; SKODA: OCTAVIA Combi 1U5,OCTAVIA 1U2; SEAT: LEON 1M1,IBIZA II 6K1,TOLEDO II 1M2,CORDOBA 6K1, 6K2,CORDOBA Vario 6K1,TOLEDO I 1L,INCA 6K9; ROVER: MAESTRO; MG: MAESTRO; AUSTIN: MAESTRO XC,MONTEGO XE; Kytkimen Laakeri<\/p>\n","protected":false},"excerpt":{"rendered":"<p>SACHS Painelaakeri 3100 654 003 Kytkimen Laakeri VW,AUDI,SKODA,GOLF IV 1J1,GOLF III 1H1,GOLF IV Variant 1J5,GOLF II 19E, 1G1,BORA 1J2<\/p>\n","protected":false},"featured_media":0,"template":"","meta":{"site-sidebar-layout":"default","site-content-layout":"default","ast-global-header-display":"","ast-main-header-display":"","ast-hfb-above-header-display":"","ast-hfb-below-header-display":"","ast-hfb-mobile-header-display":"","site-post-title":"","ast-breadcrumbs-content":"","ast-featured-img":"","footer-sml-layout":"","theme-transparent-header-meta":"","adv-header-id-meta":"","stick-header-meta":"","header-above-stick-meta":"","header-main-stick-meta":"","header-below-stick-meta":""},"pwb-brand":[91],"product_cat":[223],"product_tag":[],"class_list":{"0":"post-69473","1":"product","2":"type-product","3":"status-publish","5":"pwb-brand-sachs","6":"product_cat-painelaakeri","7":"desktop-align-left","8":"tablet-align-left","9":"mobile-align-left","11":"first","12":"instock","13":"product-type-external"},"brands":[{"id":91,"name":"SACHS","slug":"sachs"}],"_links":{"self":[{"href":"https:\/\/www.autonvaraosahaku.fi\/index.php?rest_route=\/wp\/v2\/product\/69473","targetHints":{"allow":["GET"]}}],"collection":[{"href":"https:\/\/www.autonvaraosahaku.fi\/index.php?rest_route=\/wp\/v2\/product"}],"about":[{"href":"https:\/\/www.autonvaraosahaku.fi\/index.php?rest_route=\/wp\/v2\/types\/product"}],"wp:attachment":[{"href":"https:\/\/www.autonvaraosahaku.fi\/index.php?rest_route=%2Fwp%2Fv2%2Fmedia&parent=69473"}],"wp:term":[{"taxonomy":"pwb-brand","embeddable":true,"href":"https:\/\/www.autonvaraosahaku.fi\/index.php?rest_route=%2Fwp%2Fv2%2Fpwb-brand&post=69473"},{"taxonomy":"product_cat","embeddable":true,"href":"https:\/\/www.autonvaraosahaku.fi\/index.php?rest_route=%2Fwp%2Fv2%2Fproduct_cat&post=69473"},{"taxonomy":"product_tag","embeddable":true,"href":"https:\/\/www.autonvaraosahaku.fi\/index.php?rest_route=%2Fwp%2Fv2%2Fproduct_tag&post=69473"}],"curies":[{"name":"wp","href":"https:\/\/api.w.org\/{rel}","templated":true}]}}