{"id":69491,"date":"2021-02-21T19:04:33","date_gmt":"2021-02-21T19:04:33","guid":{"rendered":"https:\/\/www.autonvaraosahaku.fi\/?product=gates-rc112-jaahdyttimen-korkki"},"modified":"2021-02-21T19:04:34","modified_gmt":"2021-02-21T19:04:34","slug":"gates-rc112-jaahdyttimen-korkki","status":"publish","type":"product","link":"https:\/\/www.autonvaraosahaku.fi\/?product=gates-rc112-jaahdyttimen-korkki","title":{"rendered":"GATES RC112 J\u00e4\u00e4hdyttimen korkki"},"content":{"rendered":"<p>Paine (bar): 0,9; Ulkol\u00e4pimitta [mm]: 59; Korkeus (mm): 24; Paine (psi): 13; Valmistusvuosi alkaen: 04\/1968; FORD: CAPRI III GECP,ESCORT II ATH,ESCORT I AFH, ATH,CAPRI II GECP,ESCORT II Kombi,ESCORT I Kombi ADH; FIAT: 127,127 Panorama,147,147 Panorama; NISSAN: PATROL GR II Wagon Y61,MICRA I K10,280 ZX,ZXT HGS130,PATROL Hardtop K160,PATROL Station Wagon W260,PATROL Hardtop K260,PATROL Station Wagon W160,PICK UP 720,PRAIRIE PRO M11,PRAIRIE M10, NM10,CHERRY III N12,URVAN Kasten E23,SUNNY I B11,VANETTE Bus KC120,URVAN Bus E23,SUNNY I Traveller B11,VANETTE Kasten C120,STANZA Hatchback T11,STANZA T11,CABSTAR Pritsche\/Fahrgestell F22, H40; MAZDA: 323 III Hatchback BF,323 III BF,929 II Coupe HB,323 II Hatchback BD,323 II BD,929 II HB,626 I CB,929 I LA,RX 5; SUBARU: XT Coupe XT; ROVER: 200 XH; MG: MGB Cabriolet,MGB GT; MORGAN: FOUR FOUR; TRIUMPH: SPITFIRE,TR 6,HERALD Cabriolet,STAG,HERALD,HERALD Estate; 1474439, 1476041, 1486669, 69ZB8100AA, 70BB8100AA, 70EB8100BA, 048815205, 887115205, 2143089905, 2143089906, 2143089907, 21430C0500, GRC114; Korkki, J\u00e4\u00e4hdytin<\/p>\n","protected":false},"excerpt":{"rendered":"<p>GATES J\u00e4\u00e4hdyttimen Korkki RC112 Korkki, J\u00e4\u00e4hdytin FORD,FIAT,NISSAN,CAPRI III GECP,ESCORT II ATH,ESCORT I AFH, ATH,CAPRI II GECP,ESCORT II Kombi<\/p>\n","protected":false},"featured_media":0,"template":"","meta":{"site-sidebar-layout":"default","site-content-layout":"default","ast-global-header-display":"","ast-main-header-display":"","ast-hfb-above-header-display":"","ast-hfb-below-header-display":"","ast-hfb-mobile-header-display":"","site-post-title":"","ast-breadcrumbs-content":"","ast-featured-img":"","footer-sml-layout":"","theme-transparent-header-meta":"","adv-header-id-meta":"","stick-header-meta":"","header-above-stick-meta":"","header-main-stick-meta":"","header-below-stick-meta":""},"pwb-brand":[22],"product_cat":[173],"product_tag":[],"class_list":{"0":"post-69491","1":"product","2":"type-product","3":"status-publish","5":"pwb-brand-gates","6":"product_cat-jaahdyttimen-korkki","7":"desktop-align-left","8":"tablet-align-left","9":"mobile-align-left","11":"first","12":"instock","13":"product-type-external"},"brands":[{"id":22,"name":"GATES","slug":"gates"}],"_links":{"self":[{"href":"https:\/\/www.autonvaraosahaku.fi\/index.php?rest_route=\/wp\/v2\/product\/69491","targetHints":{"allow":["GET"]}}],"collection":[{"href":"https:\/\/www.autonvaraosahaku.fi\/index.php?rest_route=\/wp\/v2\/product"}],"about":[{"href":"https:\/\/www.autonvaraosahaku.fi\/index.php?rest_route=\/wp\/v2\/types\/product"}],"wp:attachment":[{"href":"https:\/\/www.autonvaraosahaku.fi\/index.php?rest_route=%2Fwp%2Fv2%2Fmedia&parent=69491"}],"wp:term":[{"taxonomy":"pwb-brand","embeddable":true,"href":"https:\/\/www.autonvaraosahaku.fi\/index.php?rest_route=%2Fwp%2Fv2%2Fpwb-brand&post=69491"},{"taxonomy":"product_cat","embeddable":true,"href":"https:\/\/www.autonvaraosahaku.fi\/index.php?rest_route=%2Fwp%2Fv2%2Fproduct_cat&post=69491"},{"taxonomy":"product_tag","embeddable":true,"href":"https:\/\/www.autonvaraosahaku.fi\/index.php?rest_route=%2Fwp%2Fv2%2Fproduct_tag&post=69491"}],"curies":[{"name":"wp","href":"https:\/\/api.w.org\/{rel}","templated":true}]}}