{"id":69509,"date":"2021-02-21T19:04:39","date_gmt":"2021-02-21T19:04:39","guid":{"rendered":"https:\/\/www.autonvaraosahaku.fi\/?product=ate-24-0130-0213-2-jarrulevyt"},"modified":"2021-02-21T19:04:39","modified_gmt":"2021-02-21T19:04:39","slug":"ate-24-0130-0213-2-jarrulevyt","status":"publish","type":"product","link":"https:\/\/www.autonvaraosahaku.fi\/?product=ate-24-0130-0213-2-jarrulevyt","title":{"rendered":"ATE 24.0130-0213.2 Jarrulevyt"},"content":{"rendered":"<p>Ulkol\u00e4pimitta [mm]: 360,0; Jarrulevyn paksuus (mm): 30,0; V\u00e4himm\u00e4ispaksuus (mm): 28,4; Jarrulevytyyppi: jarrulevy kaksiosainen, Reijitetty \/ tuuletettu; K\u00e4sittely: hiiliter\u00e4s; Pinta: pinnoitettu; Reikien m\u00e4\u00e4r\u00e4: 5; parilliset tuotenumerot: 24.0130-0214.2; Reik\u00e4ympyr\u00e4-\u00d8 [mm]: 120,0; Korkeus (mm): 62,3; keskitt\u00e4misl\u00e4pimitta [mm]: 79,0; Sis\u00e4l\u00e4pimitta [mm]: 185,0; Reik\u00e4-\u00d8 [mm]: 14,5; Korvaava tuote\/korvaava tiedote 2: Ruuveilla; MAPP-koodi saatavilla: ; Valmistusvuosi alkaen: 05\/2011; BMW: 3 E90,3 Coupe E92,3 Cabriolet E93,1 Coupe E82; 34112283386, 34112283802; Jarrulevy<\/p>\n","protected":false},"excerpt":{"rendered":"<p>ATE Jarrulevyt 24.0130-0213.2 Jarrulevy BMW,3 E90,3 Coupe E92,3 Cabriolet E93,1 Coupe E82<\/p>\n","protected":false},"featured_media":0,"template":"","meta":{"site-sidebar-layout":"default","site-content-layout":"default","ast-global-header-display":"","ast-main-header-display":"","ast-hfb-above-header-display":"","ast-hfb-below-header-display":"","ast-hfb-mobile-header-display":"","site-post-title":"","ast-breadcrumbs-content":"","ast-featured-img":"","footer-sml-layout":"","theme-transparent-header-meta":"","adv-header-id-meta":"","stick-header-meta":"","header-above-stick-meta":"","header-main-stick-meta":"","header-below-stick-meta":""},"pwb-brand":[108],"product_cat":[66],"product_tag":[],"class_list":{"0":"post-69509","1":"product","2":"type-product","3":"status-publish","5":"pwb-brand-ate","6":"product_cat-jarrulevyt","7":"desktop-align-left","8":"tablet-align-left","9":"mobile-align-left","11":"first","12":"instock","13":"product-type-external"},"brands":[{"id":108,"name":"ATE","slug":"ate"}],"_links":{"self":[{"href":"https:\/\/www.autonvaraosahaku.fi\/index.php?rest_route=\/wp\/v2\/product\/69509","targetHints":{"allow":["GET"]}}],"collection":[{"href":"https:\/\/www.autonvaraosahaku.fi\/index.php?rest_route=\/wp\/v2\/product"}],"about":[{"href":"https:\/\/www.autonvaraosahaku.fi\/index.php?rest_route=\/wp\/v2\/types\/product"}],"wp:attachment":[{"href":"https:\/\/www.autonvaraosahaku.fi\/index.php?rest_route=%2Fwp%2Fv2%2Fmedia&parent=69509"}],"wp:term":[{"taxonomy":"pwb-brand","embeddable":true,"href":"https:\/\/www.autonvaraosahaku.fi\/index.php?rest_route=%2Fwp%2Fv2%2Fpwb-brand&post=69509"},{"taxonomy":"product_cat","embeddable":true,"href":"https:\/\/www.autonvaraosahaku.fi\/index.php?rest_route=%2Fwp%2Fv2%2Fproduct_cat&post=69509"},{"taxonomy":"product_tag","embeddable":true,"href":"https:\/\/www.autonvaraosahaku.fi\/index.php?rest_route=%2Fwp%2Fv2%2Fproduct_tag&post=69509"}],"curies":[{"name":"wp","href":"https:\/\/api.w.org\/{rel}","templated":true}]}}