{"id":6951,"date":"2021-02-21T13:58:46","date_gmt":"2021-02-21T13:58:46","guid":{"rendered":"https:\/\/www.autonvaraosahaku.fi\/?product=master-sport-17875-pcs-ms-alatukivarsi"},"modified":"2021-02-21T13:58:48","modified_gmt":"2021-02-21T13:58:48","slug":"master-sport-17875-pcs-ms-alatukivarsi","status":"publish","type":"product","link":"https:\/\/www.autonvaraosahaku.fi\/?product=master-sport-17875-pcs-ms-alatukivarsi","title":{"rendered":"MASTER-SPORT 17875-PCS-MS Alatukivarsi"},"content":{"rendered":"<p>Asennuspuoli: Etuakseli, Alla, Vasen; Varusteet: Xenon-varustetuille, ei Xenon-varustetuille; Materiaali: Alumiini; Ohjausmalli: Poikittaistukivarsi; parilliset tuotenumerot: 17919-PCS-MS; Lukum\u00e4\u00e4r\u00e4 akselille: 1; Nettopaino [kg]: 2,99; Bruttopaino [kg]: 3,04; BMW: 3 E46,3 Touring E46,3 Compact E46,3 Coupe E46,3 Cabriolet E46,Z4 E85,Z4 Coupe E86; ALPINA: B3 E46,B3 Kombi E46,B3 Cabriolet E46; 1094465, 1096985, 2343353, 2343359, 31121094465, 31121096985, 31122343353, 31122343359, 31126750223, 31126751317, 31126752717, 31126758519, 31126770247, 31126774819, 31126777851, 6750223, 6751317, 6752717, 6758519, 6770247, 6774819, 6777851; Tukivarsi,Tukivarsi, Py\u00f6r\u00e4ntuenta<\/p>\n","protected":false},"excerpt":{"rendered":"<p>MASTER-SPORT Alatukivarsi Standard 17875-PCS-MS Tukivarsi,Tukivarsi, Py\u00f6r\u00e4ntuenta BMW,ALPINA,3 E46,3 Touring E46,3 Compact E46,3 Coupe E46<\/p>\n","protected":false},"featured_media":0,"template":"","meta":{"site-sidebar-layout":"default","site-content-layout":"default","ast-global-header-display":"","ast-main-header-display":"","ast-hfb-above-header-display":"","ast-hfb-below-header-display":"","ast-hfb-mobile-header-display":"","site-post-title":"","ast-breadcrumbs-content":"","ast-featured-img":"","footer-sml-layout":"","theme-transparent-header-meta":"","adv-header-id-meta":"","stick-header-meta":"","header-above-stick-meta":"","header-main-stick-meta":"","header-below-stick-meta":""},"pwb-brand":[61],"product_cat":[62],"product_tag":[],"class_list":{"0":"post-6951","1":"product","2":"type-product","3":"status-publish","5":"pwb-brand-master-sport","6":"product_cat-alatukivarsi","7":"desktop-align-left","8":"tablet-align-left","9":"mobile-align-left","11":"first","12":"instock","13":"product-type-external"},"brands":[{"id":61,"name":"MASTER-SPORT","slug":"master-sport"}],"_links":{"self":[{"href":"https:\/\/www.autonvaraosahaku.fi\/index.php?rest_route=\/wp\/v2\/product\/6951","targetHints":{"allow":["GET"]}}],"collection":[{"href":"https:\/\/www.autonvaraosahaku.fi\/index.php?rest_route=\/wp\/v2\/product"}],"about":[{"href":"https:\/\/www.autonvaraosahaku.fi\/index.php?rest_route=\/wp\/v2\/types\/product"}],"wp:attachment":[{"href":"https:\/\/www.autonvaraosahaku.fi\/index.php?rest_route=%2Fwp%2Fv2%2Fmedia&parent=6951"}],"wp:term":[{"taxonomy":"pwb-brand","embeddable":true,"href":"https:\/\/www.autonvaraosahaku.fi\/index.php?rest_route=%2Fwp%2Fv2%2Fpwb-brand&post=6951"},{"taxonomy":"product_cat","embeddable":true,"href":"https:\/\/www.autonvaraosahaku.fi\/index.php?rest_route=%2Fwp%2Fv2%2Fproduct_cat&post=6951"},{"taxonomy":"product_tag","embeddable":true,"href":"https:\/\/www.autonvaraosahaku.fi\/index.php?rest_route=%2Fwp%2Fv2%2Fproduct_tag&post=6951"}],"curies":[{"name":"wp","href":"https:\/\/api.w.org\/{rel}","templated":true}]}}