{"id":6954,"date":"2021-02-21T13:58:46","date_gmt":"2021-02-21T13:58:46","guid":{"rendered":"https:\/\/www.autonvaraosahaku.fi\/?product=maxgear-17-0040-hydraulinen-venttiilinnostin"},"modified":"2021-02-21T13:58:48","modified_gmt":"2021-02-21T13:58:48","slug":"maxgear-17-0040-hydraulinen-venttiilinnostin","status":"publish","type":"product","link":"https:\/\/www.autonvaraosahaku.fi\/?product=maxgear-17-0040-hydraulinen-venttiilinnostin","title":{"rendered":"MAXGEAR 17-0040 Hydraulinen venttiilinnostin"},"content":{"rendered":"<p>K\u00e4ytt\u00f6: Hydraulinen; Ulkol\u00e4pimitta [mm]: 33; Korkeus (mm): 26; Tarvittava kappalem\u00e4\u00e4r\u00e4: 16; ROVER: 200 RF,600 RH,400 RT,CABRIOLET XW,400 Hatchback RT,800 XS,200 Hatchback XW,200 Coupe XW,800 Hatchback XS,400 Tourer XW,100 \/ METRO XP,400 XW,100 Cabriolet XP; LANCIA: THESIS 841AX,LYBRA SW 839BX,KAPPA 838A,LYBRA 839AX,DELTA II 836,KAPPA SW 838B,KAPPA Coupe 838; FIAT: PUNTO 188,STILO 192,BARCHETTA 183,DOBLO Cargo 223,STILO Multi Wagon 192,DOBLO 119,COUPE FA\/175,MULTIPLA 186,BRAVO I 182,BRAVA 182,MAREA Weekend 185,PALIO Weekend 178DX,MAREA 185,PALIO 178BX,SIENA 178_; ALFA ROMEO: 147 937,156 Sportwagon 932,156 932,GT 937,SPIDER 916S_,166 936,GTV 916C_,145 930,155 167,146 930; 9134420, 9357716; Venttiilinnostin<\/p>\n","protected":false},"excerpt":{"rendered":"<p>MAXGEAR Hydraulinen Venttiilinnostin 17-0040 Venttiilinnostin ROVER,LANCIA,FIAT,200 RF,600 RH,400 RT,CABRIOLET XW,400 Hatchback RT,800 XS<\/p>\n","protected":false},"featured_media":0,"template":"","meta":{"site-sidebar-layout":"default","site-content-layout":"default","ast-global-header-display":"","ast-main-header-display":"","ast-hfb-above-header-display":"","ast-hfb-below-header-display":"","ast-hfb-mobile-header-display":"","site-post-title":"","ast-breadcrumbs-content":"","ast-featured-img":"","footer-sml-layout":"","theme-transparent-header-meta":"","adv-header-id-meta":"","stick-header-meta":"","header-above-stick-meta":"","header-main-stick-meta":"","header-below-stick-meta":""},"pwb-brand":[48],"product_cat":[126],"product_tag":[],"class_list":{"0":"post-6954","1":"product","2":"type-product","3":"status-publish","5":"pwb-brand-maxgear","6":"product_cat-hydraulinen-venttiilinnostin","7":"desktop-align-left","8":"tablet-align-left","9":"mobile-align-left","11":"first","12":"instock","13":"product-type-external"},"brands":[{"id":48,"name":"MAXGEAR","slug":"maxgear"}],"_links":{"self":[{"href":"https:\/\/www.autonvaraosahaku.fi\/index.php?rest_route=\/wp\/v2\/product\/6954","targetHints":{"allow":["GET"]}}],"collection":[{"href":"https:\/\/www.autonvaraosahaku.fi\/index.php?rest_route=\/wp\/v2\/product"}],"about":[{"href":"https:\/\/www.autonvaraosahaku.fi\/index.php?rest_route=\/wp\/v2\/types\/product"}],"wp:attachment":[{"href":"https:\/\/www.autonvaraosahaku.fi\/index.php?rest_route=%2Fwp%2Fv2%2Fmedia&parent=6954"}],"wp:term":[{"taxonomy":"pwb-brand","embeddable":true,"href":"https:\/\/www.autonvaraosahaku.fi\/index.php?rest_route=%2Fwp%2Fv2%2Fpwb-brand&post=6954"},{"taxonomy":"product_cat","embeddable":true,"href":"https:\/\/www.autonvaraosahaku.fi\/index.php?rest_route=%2Fwp%2Fv2%2Fproduct_cat&post=6954"},{"taxonomy":"product_tag","embeddable":true,"href":"https:\/\/www.autonvaraosahaku.fi\/index.php?rest_route=%2Fwp%2Fv2%2Fproduct_tag&post=6954"}],"curies":[{"name":"wp","href":"https:\/\/api.w.org\/{rel}","templated":true}]}}