{"id":69541,"date":"2021-02-21T19:04:44","date_gmt":"2021-02-21T19:04:44","guid":{"rendered":"https:\/\/www.autonvaraosahaku.fi\/?product=dolz-kd042-vesipumppu-jakohihnasarja"},"modified":"2021-02-21T19:04:49","modified_gmt":"2021-02-21T19:04:49","slug":"dolz-kd042-vesipumppu-jakohihnasarja","status":"publish","type":"product","link":"https:\/\/www.autonvaraosahaku.fi\/?product=dolz-kd042-vesipumppu-jakohihnasarja","title":{"rendered":"DOLZ KD042 Vesipumppu + jakohihnasarja"},"content":{"rendered":"<p>Hammasluku: 134; Leveys (mm): 25,4; Hihnojen m\u00e4\u00e4r\u00e4: 1; tuotenumerolle: C113; Valmistusvuoteen: 10\/2004; CITRO\u00cbN: C3 I FC_,SAXO S0, S1,XSARA N1,XSARA Break N2,XSARA Coupe N0; PEUGEOT: 307 SW 3H,307 CC 3B,307 3A\/C,206 SW 2E\/K,106 II 1,307 Break 3E,PARTNER Combispace 5F,206 Stufenheck<\/p>\n","protected":false},"excerpt":{"rendered":"<p>DOLZ Vesipumppu + Jakohihnasarja KD042  CITRO\u00cbN,PEUGEOT,C3 I FC_,SAXO S0, S1,XSARA N1,XSARA Break N2,XSARA Coupe N0,307 SW 3H,307 CC 3B,307 3A\/C<\/p>\n","protected":false},"featured_media":0,"template":"","meta":{"site-sidebar-layout":"default","site-content-layout":"default","ast-global-header-display":"","ast-main-header-display":"","ast-hfb-above-header-display":"","ast-hfb-below-header-display":"","ast-hfb-mobile-header-display":"","site-post-title":"","ast-breadcrumbs-content":"","ast-featured-img":"","footer-sml-layout":"","theme-transparent-header-meta":"","adv-header-id-meta":"","stick-header-meta":"","header-above-stick-meta":"","header-main-stick-meta":"","header-below-stick-meta":""},"pwb-brand":[265],"product_cat":[321],"product_tag":[],"class_list":{"0":"post-69541","1":"product","2":"type-product","3":"status-publish","5":"pwb-brand-dolz","6":"product_cat-vesipumppu-jakohihnasarja","7":"desktop-align-left","8":"tablet-align-left","9":"mobile-align-left","11":"first","12":"instock","13":"product-type-external"},"brands":[{"id":265,"name":"DOLZ","slug":"dolz"}],"_links":{"self":[{"href":"https:\/\/www.autonvaraosahaku.fi\/index.php?rest_route=\/wp\/v2\/product\/69541","targetHints":{"allow":["GET"]}}],"collection":[{"href":"https:\/\/www.autonvaraosahaku.fi\/index.php?rest_route=\/wp\/v2\/product"}],"about":[{"href":"https:\/\/www.autonvaraosahaku.fi\/index.php?rest_route=\/wp\/v2\/types\/product"}],"wp:attachment":[{"href":"https:\/\/www.autonvaraosahaku.fi\/index.php?rest_route=%2Fwp%2Fv2%2Fmedia&parent=69541"}],"wp:term":[{"taxonomy":"pwb-brand","embeddable":true,"href":"https:\/\/www.autonvaraosahaku.fi\/index.php?rest_route=%2Fwp%2Fv2%2Fpwb-brand&post=69541"},{"taxonomy":"product_cat","embeddable":true,"href":"https:\/\/www.autonvaraosahaku.fi\/index.php?rest_route=%2Fwp%2Fv2%2Fproduct_cat&post=69541"},{"taxonomy":"product_tag","embeddable":true,"href":"https:\/\/www.autonvaraosahaku.fi\/index.php?rest_route=%2Fwp%2Fv2%2Fproduct_tag&post=69541"}],"curies":[{"name":"wp","href":"https:\/\/api.w.org\/{rel}","templated":true}]}}