{"id":69554,"date":"2021-02-21T19:04:52","date_gmt":"2021-02-21T19:04:52","guid":{"rendered":"https:\/\/www.autonvaraosahaku.fi\/?product=lobro-190963-vetonivelen-suojakumi"},"modified":"2021-02-21T19:04:54","modified_gmt":"2021-02-21T19:04:54","slug":"lobro-190963-vetonivelen-suojakumi","status":"publish","type":"product","link":"https:\/\/www.autonvaraosahaku.fi\/?product=lobro-190963-vetonivelen-suojakumi","title":{"rendered":"L\u00d6BRO 190963 Vetonivelen suojakumi"},"content":{"rendered":"<p>Sis\u00e4l\u00e4pimitta 1 alkaen [mm]: 23; Sis\u00e4l\u00e4pimitta 1 enint\u00e4\u00e4n [mm]: 25; Sis\u00e4l\u00e4pimitta 2 alkaen [mm]: 76; Sis\u00e4l\u00e4pimitta 2 enint\u00e4\u00e4n [mm]: 79; Korkeus (mm): 80; Paljekumin materiaali: Neopreni; Versio: FlexBoot; Uusi osa: ; Asennuspuoli: radseitig; VW: PASSAT Variant 3B6,GOLF III 1H1,PASSAT Variant 3B5,PASSAT 3B2,PASSAT 3B3; AUDI: A4 8D2, B5,A6 Avant 4B5, C5,A4 Avant 8D5, B5,A6 4B2, C5; MAZDA: 6 Station Wagon GY,CX-5 KE, GH,6 Kombi GH,CX-7 ER,3 BM,6 Kombi GJ, GH,6 Schr\u00e4gheck GH,6 GH,6 Stufenheck GJ, GH,3 Stufenheck BM,RX 7 II FC,MX-6 GE,626 III Coupe GD,929 III HC,RX 7 III FD; NISSAN: 350 Z Z33,350 Z Roadster Z33,KUBISTAR Kasten X80,CABSTAR E Pick-up US,BLUEBIRD SYLPHY G11; SKODA: SUPERB 3U4; SUZUKI: SX4 EY, GY; SEAT: IBIZA II 6K1,CORDOBA 6K1, 6K2; CHEVROLET: ORLANDO J309,CRUZE J300,CRUZE Station Wagon J308,CRUZE Schr\u00e4gheck J305; KIA: SORENTO II XM,MAGENTIS GD; HONDA: CIVIC VI Hatchback EJ, EK,CIVIC VI Fastback MA, MB,CIVIC VI Aerodeck MB, MC,CRX II ED, EE,CIVIC IV Hatchback EC, ED, EE,CIVIC IV Stufenheck ED,CRX I AF, AS,ACCORD III CA,NSX Coupe NA,ACCORD III Aerodeck CA,NSX Cabriolet NA,CIVIC I Shuttle AN, AR,INTEGRA DA; Vetoakselin Suojakumi,Paljekumi, Vetoakseli<\/p>\n","protected":false},"excerpt":{"rendered":"<p>L\u00d6BRO Vetonivelen Suojakumi 190963 Vetoakselin Suojakumi,Paljekumi, Vetoakseli VW,AUDI,MAZDA,PASSAT Variant 3B6,GOLF III 1H1,PASSAT Variant 3B5<\/p>\n","protected":false},"featured_media":0,"template":"","meta":{"site-sidebar-layout":"default","site-content-layout":"default","ast-global-header-display":"","ast-main-header-display":"","ast-hfb-above-header-display":"","ast-hfb-below-header-display":"","ast-hfb-mobile-header-display":"","site-post-title":"","ast-breadcrumbs-content":"","ast-featured-img":"","footer-sml-layout":"","theme-transparent-header-meta":"","adv-header-id-meta":"","stick-header-meta":"","header-above-stick-meta":"","header-main-stick-meta":"","header-below-stick-meta":""},"pwb-brand":[272],"product_cat":[42],"product_tag":[],"class_list":{"0":"post-69554","1":"product","2":"type-product","3":"status-publish","5":"pwb-brand-lobro","6":"product_cat-vetonivelen-suojakumi","7":"desktop-align-left","8":"tablet-align-left","9":"mobile-align-left","11":"first","12":"instock","13":"product-type-external"},"brands":[{"id":272,"name":"L\u00d6BRO","slug":"lobro"}],"_links":{"self":[{"href":"https:\/\/www.autonvaraosahaku.fi\/index.php?rest_route=\/wp\/v2\/product\/69554","targetHints":{"allow":["GET"]}}],"collection":[{"href":"https:\/\/www.autonvaraosahaku.fi\/index.php?rest_route=\/wp\/v2\/product"}],"about":[{"href":"https:\/\/www.autonvaraosahaku.fi\/index.php?rest_route=\/wp\/v2\/types\/product"}],"wp:attachment":[{"href":"https:\/\/www.autonvaraosahaku.fi\/index.php?rest_route=%2Fwp%2Fv2%2Fmedia&parent=69554"}],"wp:term":[{"taxonomy":"pwb-brand","embeddable":true,"href":"https:\/\/www.autonvaraosahaku.fi\/index.php?rest_route=%2Fwp%2Fv2%2Fpwb-brand&post=69554"},{"taxonomy":"product_cat","embeddable":true,"href":"https:\/\/www.autonvaraosahaku.fi\/index.php?rest_route=%2Fwp%2Fv2%2Fproduct_cat&post=69554"},{"taxonomy":"product_tag","embeddable":true,"href":"https:\/\/www.autonvaraosahaku.fi\/index.php?rest_route=%2Fwp%2Fv2%2Fproduct_tag&post=69554"}],"curies":[{"name":"wp","href":"https:\/\/api.w.org\/{rel}","templated":true}]}}