{"id":69565,"date":"2021-02-21T19:04:52","date_gmt":"2021-02-21T19:04:52","guid":{"rendered":"https:\/\/www.autonvaraosahaku.fi\/?product=ashika-10-eco054-oljynsuodatin"},"modified":"2021-02-21T19:04:56","modified_gmt":"2021-02-21T19:04:56","slug":"ashika-10-eco054-oljynsuodatin","status":"publish","type":"product","link":"https:\/\/www.autonvaraosahaku.fi\/?product=ashika-10-eco054-oljynsuodatin","title":{"rendered":"ASHIKA 10-ECO054 \u00d6ljynsuodatin"},"content":{"rendered":"<p>Suodatintyyppi: Suodatinpanos; Pituus (mm): 82; Ulkol\u00e4pimitta [mm]: 70; Sis\u00e4l\u00e4pimitta [mm]: 29; LEXUS: IS II GSE2_, ALE2_, USE2_,GS GRS19_, UZS19_, GWS19_,LS UVF4_, USF4_; TOYOTA: AVENSIS Kombi T25,COROLLA Verso ZER_, ZZE12_, R1_,AURIS NRE15_, ZZE15_, ADE15_, ZRE15_, NDE15_,RAV 4 III ACA3_, ACE_, ALA3_, GSA3_, ZSA3_,AVENSIS Station Wagon ZRT27, ADT27,VERSO _AUR2_, _ZGR2_,AVENSIS T25_,AURIS NZE18_, ZRE18_,AVENSIS Stufenheck T25,AVENSIS Stufenheck ZRT27, ADT27,RAV 4 IV ZSA4_, ALA4_,LAND CRUISER 150 KDJ15_, GRJ15_,FJ CRUISER GSJ1_; 0415231020, 0415231080, 0415238010, 04152YZZA3, 0415131060, 041520R010, 0415226010, 0415231030, 0415231040, 0415231050, 0415231060, 0415231080, 0415238010, 04152YZZA3, 04152YZZA5<\/p>\n","protected":false},"excerpt":{"rendered":"<p>ASHIKA \u00d6ljynsuodatin 10-ECO054  LEXUS,TOYOTA,IS II GSE2_, ALE2_, USE2_,GS GRS19_, UZS19_, GWS19_,LS UVF4_, USF4_,AVENSIS Kombi T25<\/p>\n","protected":false},"featured_media":0,"template":"","meta":{"site-sidebar-layout":"default","site-content-layout":"default","ast-global-header-display":"","ast-main-header-display":"","ast-hfb-above-header-display":"","ast-hfb-below-header-display":"","ast-hfb-mobile-header-display":"","site-post-title":"","ast-breadcrumbs-content":"","ast-featured-img":"","footer-sml-layout":"","theme-transparent-header-meta":"","adv-header-id-meta":"","stick-header-meta":"","header-above-stick-meta":"","header-main-stick-meta":"","header-below-stick-meta":""},"pwb-brand":[102],"product_cat":[30],"product_tag":[],"class_list":{"0":"post-69565","1":"product","2":"type-product","3":"status-publish","5":"pwb-brand-ashika","6":"product_cat-oljynsuodatin","7":"desktop-align-left","8":"tablet-align-left","9":"mobile-align-left","11":"first","12":"instock","13":"product-type-external"},"brands":[{"id":102,"name":"ASHIKA","slug":"ashika"}],"_links":{"self":[{"href":"https:\/\/www.autonvaraosahaku.fi\/index.php?rest_route=\/wp\/v2\/product\/69565","targetHints":{"allow":["GET"]}}],"collection":[{"href":"https:\/\/www.autonvaraosahaku.fi\/index.php?rest_route=\/wp\/v2\/product"}],"about":[{"href":"https:\/\/www.autonvaraosahaku.fi\/index.php?rest_route=\/wp\/v2\/types\/product"}],"wp:attachment":[{"href":"https:\/\/www.autonvaraosahaku.fi\/index.php?rest_route=%2Fwp%2Fv2%2Fmedia&parent=69565"}],"wp:term":[{"taxonomy":"pwb-brand","embeddable":true,"href":"https:\/\/www.autonvaraosahaku.fi\/index.php?rest_route=%2Fwp%2Fv2%2Fpwb-brand&post=69565"},{"taxonomy":"product_cat","embeddable":true,"href":"https:\/\/www.autonvaraosahaku.fi\/index.php?rest_route=%2Fwp%2Fv2%2Fproduct_cat&post=69565"},{"taxonomy":"product_tag","embeddable":true,"href":"https:\/\/www.autonvaraosahaku.fi\/index.php?rest_route=%2Fwp%2Fv2%2Fproduct_tag&post=69565"}],"curies":[{"name":"wp","href":"https:\/\/api.w.org\/{rel}","templated":true}]}}