{"id":69580,"date":"2021-02-21T19:04:58","date_gmt":"2021-02-21T19:04:58","guid":{"rendered":"https:\/\/www.autonvaraosahaku.fi\/?product=ridex-447k0114-ilmastoinnin-kompressori"},"modified":"2021-02-21T19:05:00","modified_gmt":"2021-02-21T19:05:00","slug":"ridex-447k0114-ilmastoinnin-kompressori","status":"publish","type":"product","link":"https:\/\/www.autonvaraosahaku.fi\/?product=ridex-447k0114-ilmastoinnin-kompressori","title":{"rendered":"RIDEX 447K0114 Ilmastoinnin kompressori"},"content":{"rendered":"<p>Rihloja (kpl): 6; Kompressorin tunnus: 7SEU17C; Kylm\u00e4aine: R 134a; \u00d6ljynt\u00e4ytt\u00f6m\u00e4\u00e4r\u00e4 [ml]: 150; Ulostulon l\u00e4pimitta [mm]: 13,70; Sis\u00e4\u00e4ntulol\u00e4pimitta [mm]: 28,40; K\u00e4ytt\u00f6j\u00e4nnite [V]: 12; Iskutilavuus-kompressori (ccm): 170; Napojen m\u00e4\u00e4r\u00e4: 2; Hihnapy\u00f6r\u00e4-\u00d8[mm]: 100; Kompressori\u00f6ljy: PAG 46; Korvaava tuote\/korvaava tiedote 2: ilman kytkinlevy\u00e4; Valmistaja rajaus: DENSO; MERCEDES-BENZ: C-CLASS W203,E-CLASS W211,C-CLASS W204,C-CLASS T-Model S204,C-CLASS T-Model S203,E-CLASS T-Model S211,VIANO W639,M-CLASS W164,C-CLASS Coupe CL203,M-CLASS W163,GLK-CLASS X204,VITO Bus W639,SLK R171,CLK C209,S-CLASS W220,VITO \/ MIXTO Kasten W639,SPRINTER 3,5-t Kasten 906,S-CLASS W221,CLS C219,SL R230,R-CLASS W251, V251,M-CLASS W166,G-CLASS W463,VITO Bus 638,CLK Cabriolet A209,SPRINTER 3-t Kasten 903,SPRINTER 3,5-t Bus 906,SPRINTER 2-t Bus 901, 902,SPRINTER 3-t Kasten 906,V-CLASS 638\/2,E-CLASS Cabriolet A207,CLC-CLASS CL203,GL-CLASS X164,G-CLASS W461,SPRINTER 2-t Kasten 901, 902,SPRINTER 3-t Bus 903,SPRINTER 3,5-t Pritsche\/Fahrgestell 906,SPRINTER 3-t Pritsche\/Fahrgestell 903,S-CLASS Coupe C215,VITO Kasten 638,S-CLASS Coupe C216,SPRINTER 3-t Bus 906,SPRINTER 4-t Pritsche\/Fahrgestell 904,SPRINTER 5-t Kasten 906,SPRINTER 5-t Pritsche\/Fahrgestell 906,SPRINTER 4-t Kasten 904,G-CLASS Cabrio W463,SPRINTER 3-t Pritsche\/Fahrgestell 906,SPRINTER 5-t Pritsche\/Fahrgestell 905,UNIMOG; 0002305111, 0002306711, 0002308011, 0002308111, 0002308511, 0002308811, 0012300011, 0012300611, 0012301111, 0012301411, 0012301611, 0012301711, 0012301911, 0012303011, 0012304111, 0012305611, 0012306211, 0012308111, 0022300911, 0022305011, 0022305111, 0022305211, 0022305411, 0022306511, 0022306611, 0022307211, 0032302311, 0032303311, 12301011, 12301211, 12305811, 2309111, A0002305111, A0002306711, A0002308011, A0002308111, A0002308511, A0002308812, A0002309111, A0012300011, A0012300611, A0012301011, A0012301111, A0012301211, A0012301411, A0012301611, A0012301711, A0012301811, A0012301911, A0012302911, A0012303011, A0012304111, A0012305611, A0012305811, A0012306211, A0012308111, A0022300911, A0022305011, A0022305111, A0022305211, A0022305411, A0022306511, A0022306611, A0022307211, A0032302311, 0002305111, 0002306711, 0002308011, 0002308111, 0002308511, 0002308811, 0012300011, 0012300611, 0012301111, 0012301411, 0012301611, 0012301711, 0012301911, 0012303011, 0012304111, 0012305611, 00&#8230;; AC Kompressori,Kompressori, Ilmastointilaite<\/p>\n","protected":false},"excerpt":{"rendered":"<p>RIDEX Ilmastoinnin Kompressori 447K0114 AC Kompressori,Kompressori, Ilmastointilaite MERCEDES-BENZ,C-CLASS W203,E-CLASS W211,C-CLASS W204<\/p>\n","protected":false},"featured_media":0,"template":"","meta":{"site-sidebar-layout":"default","site-content-layout":"default","ast-global-header-display":"","ast-main-header-display":"","ast-hfb-above-header-display":"","ast-hfb-below-header-display":"","ast-hfb-mobile-header-display":"","site-post-title":"","ast-breadcrumbs-content":"","ast-featured-img":"","footer-sml-layout":"","theme-transparent-header-meta":"","adv-header-id-meta":"","stick-header-meta":"","header-above-stick-meta":"","header-main-stick-meta":"","header-below-stick-meta":""},"pwb-brand":[157],"product_cat":[444],"product_tag":[],"class_list":{"0":"post-69580","1":"product","2":"type-product","3":"status-publish","5":"pwb-brand-ridex","6":"product_cat-ilmastoinnin-kompressori","7":"desktop-align-left","8":"tablet-align-left","9":"mobile-align-left","11":"first","12":"instock","13":"product-type-external"},"brands":[{"id":157,"name":"RIDEX","slug":"ridex"}],"_links":{"self":[{"href":"https:\/\/www.autonvaraosahaku.fi\/index.php?rest_route=\/wp\/v2\/product\/69580","targetHints":{"allow":["GET"]}}],"collection":[{"href":"https:\/\/www.autonvaraosahaku.fi\/index.php?rest_route=\/wp\/v2\/product"}],"about":[{"href":"https:\/\/www.autonvaraosahaku.fi\/index.php?rest_route=\/wp\/v2\/types\/product"}],"wp:attachment":[{"href":"https:\/\/www.autonvaraosahaku.fi\/index.php?rest_route=%2Fwp%2Fv2%2Fmedia&parent=69580"}],"wp:term":[{"taxonomy":"pwb-brand","embeddable":true,"href":"https:\/\/www.autonvaraosahaku.fi\/index.php?rest_route=%2Fwp%2Fv2%2Fpwb-brand&post=69580"},{"taxonomy":"product_cat","embeddable":true,"href":"https:\/\/www.autonvaraosahaku.fi\/index.php?rest_route=%2Fwp%2Fv2%2Fproduct_cat&post=69580"},{"taxonomy":"product_tag","embeddable":true,"href":"https:\/\/www.autonvaraosahaku.fi\/index.php?rest_route=%2Fwp%2Fv2%2Fproduct_tag&post=69580"}],"curies":[{"name":"wp","href":"https:\/\/api.w.org\/{rel}","templated":true}]}}