{"id":69593,"date":"2021-02-21T19:05:03","date_gmt":"2021-02-21T19:05:03","guid":{"rendered":"https:\/\/www.autonvaraosahaku.fi\/?product=topran-114-222-muut-luokat"},"modified":"2021-02-21T19:05:04","modified_gmt":"2021-02-21T19:05:04","slug":"topran-114-222-muut-luokat","status":"publish","type":"product","link":"https:\/\/www.autonvaraosahaku.fi\/?product=topran-114-222-muut-luokat","title":{"rendered":"TOPRAN 114 222 Muut luokat"},"content":{"rendered":"<p>Lis\u00e4tarvike\/lis\u00e4tieto: ilman johtosarjaa; K\u00e4ytt\u00f6tapa: K\u00e4\u00e4nt\u00f6kytkin; Napojen m\u00e4\u00e4r\u00e4: 6; Kotelomateriaali: Muovi; Korvaava tuote\/korvaava tiedote 2: ilman kaapelia; Alustanumerosta: 1P-6-000001; VW: GOLF V 1K1,TOURAN 1T1, 1T2,GOLF VI 5K1,GOLF PLUS 5M1, 521,TIGUAN 5N_,CADDY III Kombi 2KB, 2KJ, 2CB, 2CJ,TOURAN 1T3,GOLF VI Variant AJ5,GOLF V Variant 1K5,CADDY III Kasten 2KA, 2KH, 2CA, 2CH,EOS 1F7, 1F8,SCIROCCO 137, 138,JETTA III 1K2,BEETLE 5C1,BEETLE Cabriolet 5C7; AUDI: A3 8P1,A3 Sportback 8PA,TT 8J3; SKODA: OCTAVIA Combi 1Z5,YETI 5L,SUPERB Kombi 3T5,OCTAVIA 1Z3,SUPERB 3T4; SEAT: LEON 1P1,ALTEA 5P1,ALTEA XL 5P5, 5P8,TOLEDO III 5P2; 1K0905849A, 1K0905849B, 1K0905865, 1K0905865A, 1K0905865B, 5K0905865, 1K0905849A, 1K0905849B, 1K0905865, 1K0905865A, 1K0905865B, 5K0905865, 1K0905849A, 1K0905849B, 1K0905865, 1K0905865A, 1K0905865B, 5K0905865, 1K0905849A, 1K0905849B, 1K0905865, 1K0905865A, 1K0905865B, 5K0905865<\/p>\n","protected":false},"excerpt":{"rendered":"<p>TOPRAN Virtalukko 114 222  VW,AUDI,SKODA,GOLF V 1K1,TOURAN 1T1, 1T2,GOLF VI 5K1,GOLF PLUS 5M1, 521,TIGUAN 5N_,CADDY III Kombi 2KB, 2KJ, 2CB, 2CJ<\/p>\n","protected":false},"featured_media":0,"template":"","meta":{"site-sidebar-layout":"default","site-content-layout":"default","ast-global-header-display":"","ast-main-header-display":"","ast-hfb-above-header-display":"","ast-hfb-below-header-display":"","ast-hfb-mobile-header-display":"","site-post-title":"","ast-breadcrumbs-content":"","ast-featured-img":"","footer-sml-layout":"","theme-transparent-header-meta":"","adv-header-id-meta":"","stick-header-meta":"","header-above-stick-meta":"","header-main-stick-meta":"","header-below-stick-meta":""},"pwb-brand":[18],"product_cat":[37],"product_tag":[],"class_list":{"0":"post-69593","1":"product","2":"type-product","3":"status-publish","5":"pwb-brand-topran","6":"product_cat-muut-luokat","7":"desktop-align-left","8":"tablet-align-left","9":"mobile-align-left","11":"first","12":"instock","13":"product-type-external"},"brands":[{"id":18,"name":"TOPRAN","slug":"topran"}],"_links":{"self":[{"href":"https:\/\/www.autonvaraosahaku.fi\/index.php?rest_route=\/wp\/v2\/product\/69593","targetHints":{"allow":["GET"]}}],"collection":[{"href":"https:\/\/www.autonvaraosahaku.fi\/index.php?rest_route=\/wp\/v2\/product"}],"about":[{"href":"https:\/\/www.autonvaraosahaku.fi\/index.php?rest_route=\/wp\/v2\/types\/product"}],"wp:attachment":[{"href":"https:\/\/www.autonvaraosahaku.fi\/index.php?rest_route=%2Fwp%2Fv2%2Fmedia&parent=69593"}],"wp:term":[{"taxonomy":"pwb-brand","embeddable":true,"href":"https:\/\/www.autonvaraosahaku.fi\/index.php?rest_route=%2Fwp%2Fv2%2Fpwb-brand&post=69593"},{"taxonomy":"product_cat","embeddable":true,"href":"https:\/\/www.autonvaraosahaku.fi\/index.php?rest_route=%2Fwp%2Fv2%2Fproduct_cat&post=69593"},{"taxonomy":"product_tag","embeddable":true,"href":"https:\/\/www.autonvaraosahaku.fi\/index.php?rest_route=%2Fwp%2Fv2%2Fproduct_tag&post=69593"}],"curies":[{"name":"wp","href":"https:\/\/api.w.org\/{rel}","templated":true}]}}