{"id":69616,"date":"2021-02-21T19:05:09","date_gmt":"2021-02-21T19:05:09","guid":{"rendered":"https:\/\/www.autonvaraosahaku.fi\/?product=sasic-3406261-jaahdyttimen-letku"},"modified":"2021-02-21T19:05:10","modified_gmt":"2021-02-21T19:05:10","slug":"sasic-3406261-jaahdyttimen-letku","status":"publish","type":"product","link":"https:\/\/www.autonvaraosahaku.fi\/?product=sasic-3406261-jaahdyttimen-letku","title":{"rendered":"SASIC 3406261 J\u00e4\u00e4hdyttimen letku"},"content":{"rendered":"<p>J\u00e4\u00e4hdytysjohto: Tasauss\u00e4ili\u00f6st\u00e4 j\u00e4\u00e4hdytt\u00e4j\u00e4\u00e4n; OE-numerolle: 1J0121109C; VW: GOLF IV 1J1,GOLF IV Variant 1J5; AUDI: A3 8L1; SKODA: OCTAVIA 1U2; SEAT: LEON 1M1; 1J0121109C, 1J0121109C, 1J0121109C, 1J0121109C<\/p>\n","protected":false},"excerpt":{"rendered":"<p>SASIC J\u00e4\u00e4hdyttimen Letku 3406261  VW,AUDI,SKODA,GOLF IV 1J1,GOLF IV Variant 1J5,A3 8L1,OCTAVIA 1U2,LEON 1M1<\/p>\n","protected":false},"featured_media":0,"template":"","meta":{"site-sidebar-layout":"default","site-content-layout":"default","ast-global-header-display":"","ast-main-header-display":"","ast-hfb-above-header-display":"","ast-hfb-below-header-display":"","ast-hfb-mobile-header-display":"","site-post-title":"","ast-breadcrumbs-content":"","ast-featured-img":"","footer-sml-layout":"","theme-transparent-header-meta":"","adv-header-id-meta":"","stick-header-meta":"","header-above-stick-meta":"","header-main-stick-meta":"","header-below-stick-meta":""},"pwb-brand":[110],"product_cat":[206],"product_tag":[],"class_list":{"0":"post-69616","1":"product","2":"type-product","3":"status-publish","5":"pwb-brand-sasic","6":"product_cat-jaahdyttimen-letku","7":"desktop-align-left","8":"tablet-align-left","9":"mobile-align-left","11":"first","12":"instock","13":"product-type-external"},"brands":[{"id":110,"name":"SASIC","slug":"sasic"}],"_links":{"self":[{"href":"https:\/\/www.autonvaraosahaku.fi\/index.php?rest_route=\/wp\/v2\/product\/69616","targetHints":{"allow":["GET"]}}],"collection":[{"href":"https:\/\/www.autonvaraosahaku.fi\/index.php?rest_route=\/wp\/v2\/product"}],"about":[{"href":"https:\/\/www.autonvaraosahaku.fi\/index.php?rest_route=\/wp\/v2\/types\/product"}],"wp:attachment":[{"href":"https:\/\/www.autonvaraosahaku.fi\/index.php?rest_route=%2Fwp%2Fv2%2Fmedia&parent=69616"}],"wp:term":[{"taxonomy":"pwb-brand","embeddable":true,"href":"https:\/\/www.autonvaraosahaku.fi\/index.php?rest_route=%2Fwp%2Fv2%2Fpwb-brand&post=69616"},{"taxonomy":"product_cat","embeddable":true,"href":"https:\/\/www.autonvaraosahaku.fi\/index.php?rest_route=%2Fwp%2Fv2%2Fproduct_cat&post=69616"},{"taxonomy":"product_tag","embeddable":true,"href":"https:\/\/www.autonvaraosahaku.fi\/index.php?rest_route=%2Fwp%2Fv2%2Fproduct_tag&post=69616"}],"curies":[{"name":"wp","href":"https:\/\/api.w.org\/{rel}","templated":true}]}}