{"id":69620,"date":"2021-02-21T19:05:09","date_gmt":"2021-02-21T19:05:09","guid":{"rendered":"https:\/\/www.autonvaraosahaku.fi\/?product=topran-701-208-painemuunnin"},"modified":"2021-02-21T19:05:11","modified_gmt":"2021-02-21T19:05:11","slug":"topran-701-208-painemuunnin","status":"publish","type":"product","link":"https:\/\/www.autonvaraosahaku.fi\/?product=topran-701-208-painemuunnin","title":{"rendered":"TOPRAN 701 208 Painemuunnin"},"content":{"rendered":"<p>Venttiilimalli: Magneettiventtiili; K\u00e4ytt\u00f6: S\u00e4hk\u00f6-pneumaattinen; Pistokkeen kotelon muoto: suorakulmainen (rectangular); Napojen m\u00e4\u00e4r\u00e4: 2; Kotelomalli: Muovikotelo; Kotelomateriaali: Lasikuitu-muovi; Nimellisj\u00e4nnite (V): 12; Moottorinumero: KZ0B\/K9K 832; RENAULT: CLIO II BB0\/1\/2_, CB0\/1\/2_,CLIO III BR0\/1, CR0\/1,SC\u00c9NIC II JM0\/1_,KANGOO KC0\/1_,TWINGO II CN0_,MEGANE III Grandtour KZ0\/1,ESPACE IV JK0\/1_,MODUS \/ GRAND MODUS F\/JP0_,LAGUNA II Grandtour KG0\/1_,MEGANE II Kombi KM0\/1_,MEGANE II Coup\u00e9-Cabriolet EM0\/1_,SC\u00c9NIC III JZ0\/1_,LAGUNA III Grandtour KT0\/1,MEGANE III Schr\u00e4gheck BZ0_,LAGUNA II BG0\/1_,MEGANE II BM0\/1_, CM0\/1_,GRAND SC\u00c9NIC III JZ0\/1_,MEGANE III Coupe DZ0\/1_,KANGOO \/ GRAND KANGOO KW0\/1_,KOLEOS HY_,KANGOO Express FC0\/1_,CLIO Grandtour KR0\/1_,GRAND SC\u00c9NIC II JM0\/1_,LAGUNA III BT0\/1,KANGOO Express FW0\/1_,MEGANE II Stufenheck LM0\/1_,KANGOO BE BOP KW0\/1_,MEGANE CC EZ0\/1_,CLIO II Kasten SB0\/1\/2_,LAGUNA Coupe DT0\/1,MASTER III Bus JV,MASTER III Pritsche\/Fahrgestell EV, HV, UV,FLUENCE L30_,THALIA I LB0\/1\/2_,LOGAN I Kombi KS_,LOGAN I LS_,THALIA II LU1\/2_; NISSAN: QASHQAI \/ QASHQAI +2 J10, JJ10,MICRA III K12,NOTE E11,X-TRAIL T31,NV200 EVALIA,NV200 Kasten; DACIA: SANDERO,LOGAN MCV KS_,LOGAN LS_,LOGAN EXPRESS FS_,LOGAN Pick-up US_; 8200201099, 8200575400, 8200661049, 1495600Q0H, 14956BC40A, 14956BC41A, 8200201099, 8200575400, 8200661049<\/p>\n","protected":false},"excerpt":{"rendered":"<p>TOPRAN Painemuunnin 701 208  RENAULT,NISSAN,DACIA,CLIO II BB0\/1\/2_, CB0\/1\/2_,CLIO III BR0\/1, CR0\/1,SC\u00c9NIC II JM0\/1_,KANGOO KC0\/1_,TWINGO II CN0_<\/p>\n","protected":false},"featured_media":0,"template":"","meta":{"site-sidebar-layout":"default","site-content-layout":"default","ast-global-header-display":"","ast-main-header-display":"","ast-hfb-above-header-display":"","ast-hfb-below-header-display":"","ast-hfb-mobile-header-display":"","site-post-title":"","ast-breadcrumbs-content":"","ast-featured-img":"","footer-sml-layout":"","theme-transparent-header-meta":"","adv-header-id-meta":"","stick-header-meta":"","header-above-stick-meta":"","header-main-stick-meta":"","header-below-stick-meta":""},"pwb-brand":[18],"product_cat":[205],"product_tag":[],"class_list":{"0":"post-69620","1":"product","2":"type-product","3":"status-publish","5":"pwb-brand-topran","6":"product_cat-painemuunnin","7":"desktop-align-left","8":"tablet-align-left","9":"mobile-align-left","11":"first","12":"instock","13":"product-type-external"},"brands":[{"id":18,"name":"TOPRAN","slug":"topran"}],"_links":{"self":[{"href":"https:\/\/www.autonvaraosahaku.fi\/index.php?rest_route=\/wp\/v2\/product\/69620","targetHints":{"allow":["GET"]}}],"collection":[{"href":"https:\/\/www.autonvaraosahaku.fi\/index.php?rest_route=\/wp\/v2\/product"}],"about":[{"href":"https:\/\/www.autonvaraosahaku.fi\/index.php?rest_route=\/wp\/v2\/types\/product"}],"wp:attachment":[{"href":"https:\/\/www.autonvaraosahaku.fi\/index.php?rest_route=%2Fwp%2Fv2%2Fmedia&parent=69620"}],"wp:term":[{"taxonomy":"pwb-brand","embeddable":true,"href":"https:\/\/www.autonvaraosahaku.fi\/index.php?rest_route=%2Fwp%2Fv2%2Fpwb-brand&post=69620"},{"taxonomy":"product_cat","embeddable":true,"href":"https:\/\/www.autonvaraosahaku.fi\/index.php?rest_route=%2Fwp%2Fv2%2Fproduct_cat&post=69620"},{"taxonomy":"product_tag","embeddable":true,"href":"https:\/\/www.autonvaraosahaku.fi\/index.php?rest_route=%2Fwp%2Fv2%2Fproduct_tag&post=69620"}],"curies":[{"name":"wp","href":"https:\/\/api.w.org\/{rel}","templated":true}]}}